{"id":38250,"date":"2026-03-11T16:51:56","date_gmt":"2026-03-11T19:51:56","guid":{"rendered":"https:\/\/lojasosprofessoratividades.com.br\/?post_type=product&#038;p=38250"},"modified":"2026-03-11T16:51:56","modified_gmt":"2026-03-11T19:51:56","slug":"voce-sabe-o-que-significam-os-simbolos-da-pascoa","status":"publish","type":"product","link":"https:\/\/lojasosprofessoratividades.com.br\/en\/product\/voce-sabe-o-que-significam-os-simbolos-da-pascoa\/","title":{"rendered":"Voc\u00ea sabe o que significam os S\u00edmbolos da P\u00e1scoa?"},"content":{"rendered":"","protected":false},"excerpt":{"rendered":"<p data-start=\"317\" data-end=\"547\">O arquivo <strong data-start=\"327\" data-end=\"382\">\u201cVoc\u00ea sabe o que significam os s\u00edmbolos da P\u00e1scoa?\u201d<\/strong> \u00e9 um material pedag\u00f3gico completo para trabalhar leitura, interpreta\u00e7\u00e3o de texto, produ\u00e7\u00e3o escrita e matem\u00e1tica com alunos do <strong data-start=\"509\" data-end=\"546\">4\u00ba e 5\u00ba ano do Ensino Fundamental<\/strong>.<\/p>\n<p data-start=\"549\" data-end=\"731\">O recurso aborda de forma clara e significativa o <strong data-start=\"599\" data-end=\"637\">significado dos s\u00edmbolos da P\u00e1scoa<\/strong>, estimulando reflex\u00e3o, interpreta\u00e7\u00e3o textual e aprendizagem interdisciplinar em sala de aula.<\/p>\n<p data-start=\"733\" data-end=\"914\">Ideal para professores que desejam desenvolver atividades tem\u00e1ticas de P\u00e1scoa com intencionalidade pedag\u00f3gica, alinhadas \u00e0s habilidades da <strong data-start=\"872\" data-end=\"913\">Base Nacional Comum Curricular (BNCC)<\/strong>.<\/p>\n<h3 data-section-id=\"1542be3\" data-start=\"921\" data-end=\"960\">O que voc\u00ea encontrar\u00e1 no material<\/h3>\n<p data-start=\"962\" data-end=\"1506\">\u2714 <strong data-start=\"964\" data-end=\"985\">Texto informativo<\/strong> sobre os s\u00edmbolos da P\u00e1scoa<br data-start=\"1013\" data-end=\"1016\" \/>\u2714 <strong data-start=\"1018\" data-end=\"1058\">Atividades de interpreta\u00e7\u00e3o de texto<\/strong><br data-start=\"1058\" data-end=\"1061\" \/>\u2714 <strong data-start=\"1063\" data-end=\"1093\">Produ\u00e7\u00e3o de texto tem\u00e1tica<\/strong><br data-start=\"1093\" data-end=\"1096\" \/>\u2714 <strong data-start=\"1098\" data-end=\"1167\">Texto reflexivo: \u201cO verdadeiro sentido da P\u00e1scoa\u201d + interpreta\u00e7\u00e3o<\/strong><br data-start=\"1167\" data-end=\"1170\" \/>\u2714 <strong data-start=\"1172\" data-end=\"1198\">Ca\u00e7a-palavras tem\u00e1tico<\/strong><br data-start=\"1198\" data-end=\"1201\" \/>\u2714 <strong data-start=\"1203\" data-end=\"1228\">P\u00f4ster conceitual 3&#215;3<\/strong> (vers\u00e3o colorida e para colorir) para atividade coletiva<br data-start=\"1285\" data-end=\"1288\" \/>\u2714 <strong data-start=\"1290\" data-end=\"1315\">Folhinhas conceituais<\/strong> para colar no caderno do aluno<br data-start=\"1346\" data-end=\"1349\" \/>\u2714 <strong data-start=\"1351\" data-end=\"1379\">Quebra-cabe\u00e7a matem\u00e1tico<\/strong> com situa\u00e7\u00f5es-problema<br data-start=\"1402\" data-end=\"1405\" \/>\u2714 <strong data-start=\"1407\" data-end=\"1433\">Plano de aula completo<\/strong> para aplica\u00e7\u00e3o das atividades<br data-start=\"1463\" data-end=\"1466\" \/>\u2714 <strong data-start=\"1468\" data-end=\"1480\">Gabarito<\/strong> para facilitar a corre\u00e7\u00e3o<\/p>\n<h3 data-section-id=\"1qssgt9\" data-start=\"1692\" data-end=\"1716\">Formato do arquivo<\/h3>\n<ul data-start=\"1717\" data-end=\"1806\">\n<li data-section-id=\"h0mhnh\" data-start=\"1717\" data-end=\"1747\">\n<p data-start=\"1719\" data-end=\"1747\">Arquivo <strong data-start=\"1727\" data-end=\"1747\">PDF n\u00e3o edit\u00e1vel<\/strong><\/p>\n<\/li>\n<li data-section-id=\"pnyaut\" data-start=\"1748\" data-end=\"1806\">\n<p data-start=\"1750\" data-end=\"1806\">Material pronto para <strong data-start=\"1771\" data-end=\"1806\">impress\u00e3o e uso em sala de aula<\/strong><\/p>\n<\/li>\n<\/ul>\n<h3>N\u00e3o enviamos por e-mail, a entrega \u00e9 via link para download.\u00a0<img decoding=\"async\" class=\"emoji\" role=\"img\" draggable=\"false\" src=\"https:\/\/s.w.org\/images\/core\/emoji\/17.0.2\/svg\/1f447.svg\" alt=\"\ud83d\udc47\" \/><\/h3>\n<p><img loading=\"lazy\" decoding=\"async\" class=\"alignnone wp-image-38009 size-full\" src=\"https:\/\/lojasosprofessoratividades.com.br\/wp-content\/uploads\/2026\/02\/Como-baixar-2.jpg\" alt=\"\" width=\"446\" height=\"251\" srcset=\"https:\/\/lojasosprofessoratividades.com.br\/wp-content\/uploads\/2026\/02\/Como-baixar-2.jpg 446w, https:\/\/lojasosprofessoratividades.com.br\/wp-content\/uploads\/2026\/02\/Como-baixar-2-300x169.jpg 300w, https:\/\/lojasosprofessoratividades.com.br\/wp-content\/uploads\/2026\/02\/Como-baixar-2-18x10.jpg 18w\" sizes=\"auto, (max-width: 446px) 100vw, 446px\" \/><\/p>","protected":false},"featured_media":38251,"comment_status":"open","ping_status":"closed","template":"","meta":[],"product_brand":[],"product_cat":[125,127,216,218,205,194,204,195],"product_tag":[3630,1258,2628,3634,1431,2934,3625,3626,3632,3627,3633,2722,1264,3631,3628,1530,3629],"class_list":{"0":"post-38250","1":"product","2":"type-product","3":"status-publish","4":"has-post-thumbnail","6":"product_cat-4o-ano","7":"product_cat-5o-ano","8":"product_cat-data-comemorativa-4-ano","9":"product_cat-data-comemorativa-5-ano","10":"product_cat-matematica-5-ano","11":"product_cat-matematica-4-ano","12":"product_cat-portugues-5-anos","13":"product_cat-portugues-4-ano","14":"product_tag-atividade-tematica-pascoa","15":"product_tag-atividades-de-pascoa","16":"product_tag-atividades-ensino-fundamental","17":"product_tag-atividades-escolares-pascoa","18":"product_tag-atividades-interdisciplinares","19":"product_tag-atividades-para-professores","20":"product_tag-atividades-pascoa-4o-ano","21":"product_tag-atividades-pascoa-5o-ano","22":"product_tag-caca-palavras-pascoa","23":"product_tag-interpretacao-de-texto-pascoa","24":"product_tag-matematica-pascoa","25":"product_tag-material-pedagogico-pascoa","26":"product_tag-pascoa-crista","27":"product_tag-poster-pascoa-para-sala-de-aula","28":"product_tag-producao-de-texto-pascoa","29":"product_tag-simbolos-da-pascoa","30":"product_tag-verdadeiro-sentido-da-pascoa","32":"first","33":"instock","34":"downloadable","35":"sold-individually","36":"shipping-taxable","37":"purchasable","38":"product-type-simple"},"yoast_head":"<!-- This site is optimized with the Yoast SEO plugin v27.5 - https:\/\/yoast.com\/product\/yoast-seo-wordpress\/ -->\n<title>Voc\u00ea sabe o que significam os S\u00edmbolos da P\u00e1scoa? - Loja SOS Professor Atividades<\/title>\n<meta name=\"description\" content=\"S\u00edmbolos da P\u00e1scoa para 4\u00ba e 5\u00ba ano: texto e interpreta\u00e7\u00e3o, produ\u00e7\u00e3o de texto, ca\u00e7a-palavras, p\u00f4ster 3x3, matem\u00e1tica, plano de aula e gabarito.\" \/>\n<meta name=\"robots\" content=\"index, follow, max-snippet:-1, max-image-preview:large, max-video-preview:-1\" \/>\n<link rel=\"canonical\" href=\"https:\/\/lojasosprofessoratividades.com.br\/en\/product\/voce-sabe-o-que-significam-os-simbolos-da-pascoa\/\" \/>\n<meta property=\"og:locale\" content=\"en_US\" \/>\n<meta property=\"og:type\" content=\"article\" \/>\n<meta property=\"og:title\" content=\"Voc\u00ea sabe o que significam os S\u00edmbolos da P\u00e1scoa? - Loja SOS Professor Atividades\" \/>\n<meta property=\"og:description\" content=\"S\u00edmbolos da P\u00e1scoa para 4\u00ba e 5\u00ba ano: texto e interpreta\u00e7\u00e3o, produ\u00e7\u00e3o de texto, ca\u00e7a-palavras, p\u00f4ster 3x3, matem\u00e1tica, plano de aula e gabarito.\" \/>\n<meta property=\"og:url\" content=\"https:\/\/lojasosprofessoratividades.com.br\/en\/product\/voce-sabe-o-que-significam-os-simbolos-da-pascoa\/\" \/>\n<meta property=\"og:site_name\" content=\"Loja SOS Professor Atividades\" \/>\n<meta property=\"article:publisher\" content=\"https:\/\/www.facebook.com\/sosprofessoratividades\" \/>\n<meta property=\"og:image\" content=\"https:\/\/lojasosprofessoratividades.com.br\/wp-content\/uploads\/2026\/03\/Os-simbolos-da-Pascoa-1.jpg\" \/>\n\t<meta property=\"og:image:width\" content=\"800\" \/>\n\t<meta property=\"og:image:height\" content=\"693\" \/>\n\t<meta property=\"og:image:type\" content=\"image\/jpeg\" \/>\n<meta name=\"twitter:card\" content=\"summary_large_image\" \/>\n<meta name=\"twitter:label1\" content=\"Est. reading time\" \/>\n\t<meta name=\"twitter:data1\" content=\"1 minute\" \/>\n<script type=\"application\/ld+json\" class=\"yoast-schema-graph\">{\"@context\":\"https:\\\/\\\/schema.org\",\"@graph\":[{\"@type\":\"WebPage\",\"@id\":\"https:\\\/\\\/lojasosprofessoratividades.com.br\\\/produto\\\/voce-sabe-o-que-significam-os-simbolos-da-pascoa\\\/\",\"url\":\"https:\\\/\\\/lojasosprofessoratividades.com.br\\\/produto\\\/voce-sabe-o-que-significam-os-simbolos-da-pascoa\\\/\",\"name\":\"Voc\u00ea sabe o que significam os S\u00edmbolos da P\u00e1scoa? - Loja SOS Professor Atividades\",\"isPartOf\":{\"@id\":\"https:\\\/\\\/lojasosprofessoratividades.com.br\\\/#website\"},\"primaryImageOfPage\":{\"@id\":\"https:\\\/\\\/lojasosprofessoratividades.com.br\\\/produto\\\/voce-sabe-o-que-significam-os-simbolos-da-pascoa\\\/#primaryimage\"},\"image\":{\"@id\":\"https:\\\/\\\/lojasosprofessoratividades.com.br\\\/produto\\\/voce-sabe-o-que-significam-os-simbolos-da-pascoa\\\/#primaryimage\"},\"thumbnailUrl\":\"https:\\\/\\\/lojasosprofessoratividades.com.br\\\/wp-content\\\/uploads\\\/2026\\\/03\\\/Os-simbolos-da-Pascoa-1.jpg\",\"datePublished\":\"2026-03-11T19:51:56+00:00\",\"description\":\"S\u00edmbolos da P\u00e1scoa para 4\u00ba e 5\u00ba ano: texto e interpreta\u00e7\u00e3o, produ\u00e7\u00e3o de texto, ca\u00e7a-palavras, p\u00f4ster 3x3, matem\u00e1tica, plano de aula e gabarito.\",\"breadcrumb\":{\"@id\":\"https:\\\/\\\/lojasosprofessoratividades.com.br\\\/produto\\\/voce-sabe-o-que-significam-os-simbolos-da-pascoa\\\/#breadcrumb\"},\"inLanguage\":\"en-US\",\"potentialAction\":[{\"@type\":\"ReadAction\",\"target\":[\"https:\\\/\\\/lojasosprofessoratividades.com.br\\\/produto\\\/voce-sabe-o-que-significam-os-simbolos-da-pascoa\\\/\"]}]},{\"@type\":\"ImageObject\",\"inLanguage\":\"en-US\",\"@id\":\"https:\\\/\\\/lojasosprofessoratividades.com.br\\\/produto\\\/voce-sabe-o-que-significam-os-simbolos-da-pascoa\\\/#primaryimage\",\"url\":\"https:\\\/\\\/lojasosprofessoratividades.com.br\\\/wp-content\\\/uploads\\\/2026\\\/03\\\/Os-simbolos-da-Pascoa-1.jpg\",\"contentUrl\":\"https:\\\/\\\/lojasosprofessoratividades.com.br\\\/wp-content\\\/uploads\\\/2026\\\/03\\\/Os-simbolos-da-Pascoa-1.jpg\",\"width\":800,\"height\":693,\"caption\":\"Voc\u00ea sabe o que significam os S\u00edmbolos da P\u00e1scoa\"},{\"@type\":\"BreadcrumbList\",\"@id\":\"https:\\\/\\\/lojasosprofessoratividades.com.br\\\/produto\\\/voce-sabe-o-que-significam-os-simbolos-da-pascoa\\\/#breadcrumb\",\"itemListElement\":[{\"@type\":\"ListItem\",\"position\":1,\"name\":\"In\u00edcio\",\"item\":\"https:\\\/\\\/lojasosprofessoratividades.com.br\\\/\"},{\"@type\":\"ListItem\",\"position\":2,\"name\":\"Loja\",\"item\":\"https:\\\/\\\/lojasosprofessoratividades.com.br\\\/loja\\\/\"},{\"@type\":\"ListItem\",\"position\":3,\"name\":\"Voc\u00ea sabe o que significam os S\u00edmbolos da P\u00e1scoa?\"}]},{\"@type\":\"WebSite\",\"@id\":\"https:\\\/\\\/lojasosprofessoratividades.com.br\\\/#website\",\"url\":\"https:\\\/\\\/lojasosprofessoratividades.com.br\\\/\",\"name\":\"Loja SOS Professor Atividades\",\"description\":\"Venda de material did\u00e1tico para o ensino fundamental\",\"publisher\":{\"@id\":\"https:\\\/\\\/lojasosprofessoratividades.com.br\\\/#organization\"},\"potentialAction\":[{\"@type\":\"SearchAction\",\"target\":{\"@type\":\"EntryPoint\",\"urlTemplate\":\"https:\\\/\\\/lojasosprofessoratividades.com.br\\\/?s={search_term_string}\"},\"query-input\":{\"@type\":\"PropertyValueSpecification\",\"valueRequired\":true,\"valueName\":\"search_term_string\"}}],\"inLanguage\":\"en-US\"},{\"@type\":\"Organization\",\"@id\":\"https:\\\/\\\/lojasosprofessoratividades.com.br\\\/#organization\",\"name\":\"Loja SOS Professor Atividades\",\"url\":\"https:\\\/\\\/lojasosprofessoratividades.com.br\\\/\",\"logo\":{\"@type\":\"ImageObject\",\"inLanguage\":\"en-US\",\"@id\":\"https:\\\/\\\/lojasosprofessoratividades.com.br\\\/#\\\/schema\\\/logo\\\/image\\\/\",\"url\":\"http:\\\/\\\/lojasosprofessoratividades.com.br\\\/wp-content\\\/uploads\\\/2022\\\/04\\\/Logo.png\",\"contentUrl\":\"http:\\\/\\\/lojasosprofessoratividades.com.br\\\/wp-content\\\/uploads\\\/2022\\\/04\\\/Logo.png\",\"width\":2000,\"height\":2000,\"caption\":\"Loja SOS Professor Atividades\"},\"image\":{\"@id\":\"https:\\\/\\\/lojasosprofessoratividades.com.br\\\/#\\\/schema\\\/logo\\\/image\\\/\"},\"sameAs\":[\"https:\\\/\\\/www.facebook.com\\\/sosprofessoratividades\",\"https:\\\/\\\/www.instagram.com\\\/sosprofessoratividades\\\/\"]}]}<\/script>\n<!-- \/ Yoast SEO plugin. -->","yoast_head_json":{"title":"Voc\u00ea sabe o que significam os S\u00edmbolos da P\u00e1scoa? - Loja SOS Professor Atividades","description":"S\u00edmbolos da P\u00e1scoa para 4\u00ba e 5\u00ba ano: texto e interpreta\u00e7\u00e3o, produ\u00e7\u00e3o de texto, ca\u00e7a-palavras, p\u00f4ster 3x3, matem\u00e1tica, plano de aula e gabarito.","robots":{"index":"index","follow":"follow","max-snippet":"max-snippet:-1","max-image-preview":"max-image-preview:large","max-video-preview":"max-video-preview:-1"},"canonical":"https:\/\/lojasosprofessoratividades.com.br\/en\/product\/voce-sabe-o-que-significam-os-simbolos-da-pascoa\/","og_locale":"en_US","og_type":"article","og_title":"Voc\u00ea sabe o que significam os S\u00edmbolos da P\u00e1scoa? - Loja SOS Professor Atividades","og_description":"S\u00edmbolos da P\u00e1scoa para 4\u00ba e 5\u00ba ano: texto e interpreta\u00e7\u00e3o, produ\u00e7\u00e3o de texto, ca\u00e7a-palavras, p\u00f4ster 3x3, matem\u00e1tica, plano de aula e gabarito.","og_url":"https:\/\/lojasosprofessoratividades.com.br\/en\/product\/voce-sabe-o-que-significam-os-simbolos-da-pascoa\/","og_site_name":"Loja SOS Professor Atividades","article_publisher":"https:\/\/www.facebook.com\/sosprofessoratividades","og_image":[{"width":800,"height":693,"url":"https:\/\/lojasosprofessoratividades.com.br\/wp-content\/uploads\/2026\/03\/Os-simbolos-da-Pascoa-1.jpg","type":"image\/jpeg"}],"twitter_card":"summary_large_image","twitter_misc":{"Est. reading time":"1 minute"},"schema":{"@context":"https:\/\/schema.org","@graph":[{"@type":"WebPage","@id":"https:\/\/lojasosprofessoratividades.com.br\/produto\/voce-sabe-o-que-significam-os-simbolos-da-pascoa\/","url":"https:\/\/lojasosprofessoratividades.com.br\/produto\/voce-sabe-o-que-significam-os-simbolos-da-pascoa\/","name":"Voc\u00ea sabe o que significam os S\u00edmbolos da P\u00e1scoa? - Loja SOS Professor Atividades","isPartOf":{"@id":"https:\/\/lojasosprofessoratividades.com.br\/#website"},"primaryImageOfPage":{"@id":"https:\/\/lojasosprofessoratividades.com.br\/produto\/voce-sabe-o-que-significam-os-simbolos-da-pascoa\/#primaryimage"},"image":{"@id":"https:\/\/lojasosprofessoratividades.com.br\/produto\/voce-sabe-o-que-significam-os-simbolos-da-pascoa\/#primaryimage"},"thumbnailUrl":"https:\/\/lojasosprofessoratividades.com.br\/wp-content\/uploads\/2026\/03\/Os-simbolos-da-Pascoa-1.jpg","datePublished":"2026-03-11T19:51:56+00:00","description":"S\u00edmbolos da P\u00e1scoa para 4\u00ba e 5\u00ba ano: texto e interpreta\u00e7\u00e3o, produ\u00e7\u00e3o de texto, ca\u00e7a-palavras, p\u00f4ster 3x3, matem\u00e1tica, plano de aula e gabarito.","breadcrumb":{"@id":"https:\/\/lojasosprofessoratividades.com.br\/produto\/voce-sabe-o-que-significam-os-simbolos-da-pascoa\/#breadcrumb"},"inLanguage":"en-US","potentialAction":[{"@type":"ReadAction","target":["https:\/\/lojasosprofessoratividades.com.br\/produto\/voce-sabe-o-que-significam-os-simbolos-da-pascoa\/"]}]},{"@type":"ImageObject","inLanguage":"en-US","@id":"https:\/\/lojasosprofessoratividades.com.br\/produto\/voce-sabe-o-que-significam-os-simbolos-da-pascoa\/#primaryimage","url":"https:\/\/lojasosprofessoratividades.com.br\/wp-content\/uploads\/2026\/03\/Os-simbolos-da-Pascoa-1.jpg","contentUrl":"https:\/\/lojasosprofessoratividades.com.br\/wp-content\/uploads\/2026\/03\/Os-simbolos-da-Pascoa-1.jpg","width":800,"height":693,"caption":"Voc\u00ea sabe o que significam os S\u00edmbolos da P\u00e1scoa"},{"@type":"BreadcrumbList","@id":"https:\/\/lojasosprofessoratividades.com.br\/produto\/voce-sabe-o-que-significam-os-simbolos-da-pascoa\/#breadcrumb","itemListElement":[{"@type":"ListItem","position":1,"name":"In\u00edcio","item":"https:\/\/lojasosprofessoratividades.com.br\/"},{"@type":"ListItem","position":2,"name":"Loja","item":"https:\/\/lojasosprofessoratividades.com.br\/loja\/"},{"@type":"ListItem","position":3,"name":"Voc\u00ea sabe o que significam os S\u00edmbolos da P\u00e1scoa?"}]},{"@type":"WebSite","@id":"https:\/\/lojasosprofessoratividades.com.br\/#website","url":"https:\/\/lojasosprofessoratividades.com.br\/","name":"Loja SOS Professor Atividades","description":"Venda de material did\u00e1tico para o ensino fundamental","publisher":{"@id":"https:\/\/lojasosprofessoratividades.com.br\/#organization"},"potentialAction":[{"@type":"SearchAction","target":{"@type":"EntryPoint","urlTemplate":"https:\/\/lojasosprofessoratividades.com.br\/?s={search_term_string}"},"query-input":{"@type":"PropertyValueSpecification","valueRequired":true,"valueName":"search_term_string"}}],"inLanguage":"en-US"},{"@type":"Organization","@id":"https:\/\/lojasosprofessoratividades.com.br\/#organization","name":"Loja SOS Professor Atividades","url":"https:\/\/lojasosprofessoratividades.com.br\/","logo":{"@type":"ImageObject","inLanguage":"en-US","@id":"https:\/\/lojasosprofessoratividades.com.br\/#\/schema\/logo\/image\/","url":"http:\/\/lojasosprofessoratividades.com.br\/wp-content\/uploads\/2022\/04\/Logo.png","contentUrl":"http:\/\/lojasosprofessoratividades.com.br\/wp-content\/uploads\/2022\/04\/Logo.png","width":2000,"height":2000,"caption":"Loja SOS Professor Atividades"},"image":{"@id":"https:\/\/lojasosprofessoratividades.com.br\/#\/schema\/logo\/image\/"},"sameAs":["https:\/\/www.facebook.com\/sosprofessoratividades","https:\/\/www.instagram.com\/sosprofessoratividades\/"]}]}},"_links":{"self":[{"href":"https:\/\/lojasosprofessoratividades.com.br\/en\/wp-json\/wp\/v2\/product\/38250","targetHints":{"allow":["GET"]}}],"collection":[{"href":"https:\/\/lojasosprofessoratividades.com.br\/en\/wp-json\/wp\/v2\/product"}],"about":[{"href":"https:\/\/lojasosprofessoratividades.com.br\/en\/wp-json\/wp\/v2\/types\/product"}],"replies":[{"embeddable":true,"href":"https:\/\/lojasosprofessoratividades.com.br\/en\/wp-json\/wp\/v2\/comments?post=38250"}],"wp:featuredmedia":[{"embeddable":true,"href":"https:\/\/lojasosprofessoratividades.com.br\/en\/wp-json\/wp\/v2\/media\/38251"}],"wp:attachment":[{"href":"https:\/\/lojasosprofessoratividades.com.br\/en\/wp-json\/wp\/v2\/media?parent=38250"}],"wp:term":[{"taxonomy":"product_brand","embeddable":true,"href":"https:\/\/lojasosprofessoratividades.com.br\/en\/wp-json\/wp\/v2\/product_brand?post=38250"},{"taxonomy":"product_cat","embeddable":true,"href":"https:\/\/lojasosprofessoratividades.com.br\/en\/wp-json\/wp\/v2\/product_cat?post=38250"},{"taxonomy":"product_tag","embeddable":true,"href":"https:\/\/lojasosprofessoratividades.com.br\/en\/wp-json\/wp\/v2\/product_tag?post=38250"}],"curies":[{"name":"wp","href":"https:\/\/api.w.org\/{rel}","templated":true}]}}