{"id":38285,"date":"2026-03-15T21:49:15","date_gmt":"2026-03-16T00:49:15","guid":{"rendered":"https:\/\/lojasosprofessoratividades.com.br\/?post_type=product&#038;p=38285"},"modified":"2026-03-15T23:13:14","modified_gmt":"2026-03-16T02:13:14","slug":"ciclo-da-agua-atividades-para-ensino-fundamental-1","status":"publish","type":"product","link":"https:\/\/lojasosprofessoratividades.com.br\/en\/product\/ciclo-da-agua-atividades-para-ensino-fundamental-1\/","title":{"rendered":"Ciclo da \u00c1gua: Atividades para Ensino Fundamental 1"},"content":{"rendered":"","protected":false},"excerpt":{"rendered":"<h3 data-start=\"483\" data-end=\"559\"><strong data-start=\"483\" data-end=\"559\">Ciclo da \u00c1gua \u2013 Material Pedag\u00f3gico Completo para o Ensino Fundamental 1<\/strong><\/h3>\n<p data-start=\"561\" data-end=\"883\">Este material educativo n\u00e3o edit\u00e1vel foi desenvolvido para apoiar professores no ensino de <strong data-start=\"639\" data-end=\"651\">Ci\u00eancias<\/strong> de forma clara, visual e envolvente. O arquivo re\u00fane textos explicativos, atividades pedag\u00f3gicas e recursos visuais que ajudam os alunos a compreender como funciona o <strong data-start=\"819\" data-end=\"836\">ciclo da \u00e1gua<\/strong> e sua import\u00e2ncia para o equil\u00edbrio ambiental.<\/p>\n<p data-start=\"885\" data-end=\"1135\">Com linguagem acess\u00edvel e atividades direcionadas ao <strong data-start=\"938\" data-end=\"962\">Ensino Fundamental 1<\/strong>, o material tamb\u00e9m aborda as <strong data-start=\"992\" data-end=\"1026\">transforma\u00e7\u00f5es f\u00edsicas da \u00e1gua<\/strong>, a import\u00e2ncia do <strong data-start=\"1045\" data-end=\"1085\">uso consciente desse recurso natural<\/strong> e os impactos das a\u00e7\u00f5es humanas no meio ambiente.<\/p>\n<p data-start=\"1137\" data-end=\"1334\">Al\u00e9m das atividades, o arquivo inclui um <strong data-start=\"1178\" data-end=\"1215\">p\u00f4ster ampliado para sala de aula<\/strong>, um <strong data-start=\"1220\" data-end=\"1249\">plano de aula estruturado<\/strong> e <strong data-start=\"1252\" data-end=\"1264\">gabarito<\/strong>, facilitando o planejamento e a aplica\u00e7\u00e3o do conte\u00fado pelo professor.<\/p>\n<h3 data-section-id=\"cvqxwk\" data-start=\"1341\" data-end=\"1380\">O que voc\u00ea encontrar\u00e1 neste material<\/h3>\n<p data-start=\"1382\" data-end=\"1598\">\u2714 <strong data-start=\"1384\" data-end=\"1431\">Folha conceitual ilustrada do ciclo da \u00e1gua<\/strong> para colar no caderno<br data-start=\"1453\" data-end=\"1456\" \/>\u2714 Vers\u00e3o <strong data-start=\"1465\" data-end=\"1499\">colorida e vers\u00e3o para colorir<\/strong><br data-start=\"1499\" data-end=\"1502\" \/>\u2714 <strong data-start=\"1504\" data-end=\"1557\">Textos informativos e atividades de interpreta\u00e7\u00e3o<\/strong><br data-start=\"1557\" data-end=\"1560\" \/>\u2714 Conte\u00fados trabalhados no material:<\/p>\n<ul data-start=\"1599\" data-end=\"1759\">\n<li data-section-id=\"rt1cvu\" data-start=\"1599\" data-end=\"1618\">\n<p data-start=\"1601\" data-end=\"1618\">O ciclo da \u00e1gua<\/p>\n<\/li>\n<li data-section-id=\"1kd6qvq\" data-start=\"1619\" data-end=\"1653\">\n<p data-start=\"1621\" data-end=\"1653\">Transforma\u00e7\u00f5es f\u00edsicas da \u00e1gua<\/p>\n<\/li>\n<li data-section-id=\"8d9cev\" data-start=\"1654\" data-end=\"1680\">\n<p data-start=\"1656\" data-end=\"1680\">Uso consciente da \u00e1gua<\/p>\n<\/li>\n<li data-section-id=\"60llhc\" data-start=\"1681\" data-end=\"1710\">\n<p data-start=\"1683\" data-end=\"1710\">Impactos do ciclo da \u00e1gua<\/p>\n<\/li>\n<li data-section-id=\"1662ycl\" data-start=\"1711\" data-end=\"1759\">\n<p data-start=\"1713\" data-end=\"1759\">O ciclo da \u00e1gua em a\u00e7\u00e3o e suas consequ\u00eancias<\/p>\n<\/li>\n<\/ul>\n<p data-start=\"1761\" data-end=\"1925\">\u2714 <strong data-start=\"1763\" data-end=\"1786\">P\u00f4ster colorido 2&#215;2<\/strong> para montar e afixar na sala de aula<br data-start=\"1823\" data-end=\"1826\" \/>\u2714 <strong data-start=\"1828\" data-end=\"1854\">Plano de aula completo<\/strong> para facilitar a aplica\u00e7\u00e3o do conte\u00fado<br data-start=\"1893\" data-end=\"1896\" \/>\u2714 <strong data-start=\"1898\" data-end=\"1925\">Gabarito das atividades<\/strong><\/p>\n<h4 data-section-id=\"1754zlz\" data-start=\"2356\" data-end=\"2375\">P\u00fablico indicado<\/h4>\n<p data-section-id=\"1754zlz\" data-start=\"2356\" data-end=\"2375\">Professores e educadores que atuam com turmas do <strong data-start=\"2426\" data-end=\"2464\">3\u00ba ao 5\u00ba ano do Ensino Fundamental<\/strong>.<\/p>\n<h3>N\u00e3o enviamos por e-mail, a entrega \u00e9 via link para download.\u00a0<img decoding=\"async\" class=\"emoji\" role=\"img\" draggable=\"false\" src=\"https:\/\/s.w.org\/images\/core\/emoji\/17.0.2\/svg\/1f447.svg\" alt=\"\ud83d\udc47\" \/><\/h3>\n<p><img loading=\"lazy\" decoding=\"async\" class=\"alignnone wp-image-38009 size-full\" src=\"https:\/\/lojasosprofessoratividades.com.br\/wp-content\/uploads\/2026\/02\/Como-baixar-2.jpg\" alt=\"\" width=\"446\" height=\"251\" srcset=\"https:\/\/lojasosprofessoratividades.com.br\/wp-content\/uploads\/2026\/02\/Como-baixar-2.jpg 446w, https:\/\/lojasosprofessoratividades.com.br\/wp-content\/uploads\/2026\/02\/Como-baixar-2-300x169.jpg 300w, https:\/\/lojasosprofessoratividades.com.br\/wp-content\/uploads\/2026\/02\/Como-baixar-2-18x10.jpg 18w\" sizes=\"auto, (max-width: 446px) 100vw, 446px\" \/><\/p>","protected":false},"featured_media":38297,"comment_status":"open","ping_status":"closed","template":"","meta":[],"product_brand":[],"product_cat":[124,125,127,196,206,190,217,213,215],"product_tag":[274,253,248,3635,3637,3642,1201,278,1600,1210,3636,1206,3602,3640,3641,3638,3639],"class_list":{"0":"post-38285","1":"product","2":"type-product","3":"status-publish","4":"has-post-thumbnail","6":"product_cat-3o-ano","7":"product_cat-4o-ano","8":"product_cat-5o-ano","9":"product_cat-ciencias-4-ano","10":"product_cat-ciencias-5-ano","11":"product_cat-ciencias-3-ano","12":"product_cat-recursos-didaticos-5-ano","13":"product_cat-recursos-didaticos-3-ano","14":"product_cat-recursos-didaticos-4-ano","15":"product_tag-3o-ano","16":"product_tag-4o-ano","17":"product_tag-5o-ano","18":"product_tag-atividades-ciclo-da-agua","19":"product_tag-atividades-de-ciencias-fundamental-1","20":"product_tag-atividades-meio-ambiente","21":"product_tag-ciclo-da-agua","22":"product_tag-ciencias","23":"product_tag-ciencias-ensino-fundamental","24":"product_tag-educacao-ambiental","25":"product_tag-material-ciclo-da-agua","26":"product_tag-meio-ambiente","27":"product_tag-plano-de-aula-ciencias","28":"product_tag-poster-ciclo-da-agua","29":"product_tag-recursos-pedagogicos-ciencias","30":"product_tag-transformacoes-da-agua","31":"product_tag-uso-consciente-da-agua","33":"first","34":"instock","35":"downloadable","36":"sold-individually","37":"shipping-taxable","38":"purchasable","39":"product-type-simple"},"yoast_head":"<!-- This site is optimized with the Yoast SEO plugin v27.5 - https:\/\/yoast.com\/product\/yoast-seo-wordpress\/ -->\n<title>Ciclo da \u00c1gua: Atividades para Ensino Fundamental 1 - Loja SOS Professor Atividades<\/title>\n<meta name=\"description\" content=\"Atividades sobre o ciclo da \u00e1gua com textos, p\u00f4ster, plano de aula e gabarito. Material de Ci\u00eancias completo para turmas do Ensino Fundamental 1.\" \/>\n<meta name=\"robots\" content=\"index, follow, max-snippet:-1, max-image-preview:large, max-video-preview:-1\" \/>\n<link rel=\"canonical\" href=\"https:\/\/lojasosprofessoratividades.com.br\/en\/product\/ciclo-da-agua-atividades-para-ensino-fundamental-1\/\" \/>\n<meta property=\"og:locale\" content=\"en_US\" \/>\n<meta property=\"og:type\" content=\"article\" \/>\n<meta property=\"og:title\" content=\"Ciclo da \u00c1gua: Atividades para Ensino Fundamental 1 - Loja SOS Professor Atividades\" \/>\n<meta property=\"og:description\" content=\"Atividades sobre o ciclo da \u00e1gua com textos, p\u00f4ster, plano de aula e gabarito. Material de Ci\u00eancias completo para turmas do Ensino Fundamental 1.\" \/>\n<meta property=\"og:url\" content=\"https:\/\/lojasosprofessoratividades.com.br\/en\/product\/ciclo-da-agua-atividades-para-ensino-fundamental-1\/\" \/>\n<meta property=\"og:site_name\" content=\"Loja SOS Professor Atividades\" \/>\n<meta property=\"article:publisher\" content=\"https:\/\/www.facebook.com\/sosprofessoratividades\" \/>\n<meta property=\"article:modified_time\" content=\"2026-03-16T02:13:14+00:00\" \/>\n<meta property=\"og:image\" content=\"https:\/\/lojasosprofessoratividades.com.br\/wp-content\/uploads\/2026\/03\/Ciclo-da-agua-Fundamental1-1.png\" \/>\n\t<meta property=\"og:image:width\" content=\"800\" \/>\n\t<meta property=\"og:image:height\" content=\"693\" \/>\n\t<meta property=\"og:image:type\" content=\"image\/png\" \/>\n<meta name=\"twitter:card\" content=\"summary_large_image\" \/>\n<meta name=\"twitter:label1\" content=\"Est. reading time\" \/>\n\t<meta name=\"twitter:data1\" content=\"1 minute\" \/>\n<script type=\"application\/ld+json\" class=\"yoast-schema-graph\">{\"@context\":\"https:\\\/\\\/schema.org\",\"@graph\":[{\"@type\":\"WebPage\",\"@id\":\"https:\\\/\\\/lojasosprofessoratividades.com.br\\\/produto\\\/ciclo-da-agua-atividades-para-ensino-fundamental-1\\\/\",\"url\":\"https:\\\/\\\/lojasosprofessoratividades.com.br\\\/produto\\\/ciclo-da-agua-atividades-para-ensino-fundamental-1\\\/\",\"name\":\"Ciclo da \u00c1gua: Atividades para Ensino Fundamental 1 - Loja SOS Professor Atividades\",\"isPartOf\":{\"@id\":\"https:\\\/\\\/lojasosprofessoratividades.com.br\\\/#website\"},\"primaryImageOfPage\":{\"@id\":\"https:\\\/\\\/lojasosprofessoratividades.com.br\\\/produto\\\/ciclo-da-agua-atividades-para-ensino-fundamental-1\\\/#primaryimage\"},\"image\":{\"@id\":\"https:\\\/\\\/lojasosprofessoratividades.com.br\\\/produto\\\/ciclo-da-agua-atividades-para-ensino-fundamental-1\\\/#primaryimage\"},\"thumbnailUrl\":\"https:\\\/\\\/lojasosprofessoratividades.com.br\\\/wp-content\\\/uploads\\\/2026\\\/03\\\/Ciclo-da-agua-Fundamental1-1.png\",\"datePublished\":\"2026-03-16T00:49:15+00:00\",\"dateModified\":\"2026-03-16T02:13:14+00:00\",\"description\":\"Atividades sobre o ciclo da \u00e1gua com textos, p\u00f4ster, plano de aula e gabarito. Material de Ci\u00eancias completo para turmas do Ensino Fundamental 1.\",\"breadcrumb\":{\"@id\":\"https:\\\/\\\/lojasosprofessoratividades.com.br\\\/produto\\\/ciclo-da-agua-atividades-para-ensino-fundamental-1\\\/#breadcrumb\"},\"inLanguage\":\"en-US\",\"potentialAction\":[{\"@type\":\"ReadAction\",\"target\":[\"https:\\\/\\\/lojasosprofessoratividades.com.br\\\/produto\\\/ciclo-da-agua-atividades-para-ensino-fundamental-1\\\/\"]}]},{\"@type\":\"ImageObject\",\"inLanguage\":\"en-US\",\"@id\":\"https:\\\/\\\/lojasosprofessoratividades.com.br\\\/produto\\\/ciclo-da-agua-atividades-para-ensino-fundamental-1\\\/#primaryimage\",\"url\":\"https:\\\/\\\/lojasosprofessoratividades.com.br\\\/wp-content\\\/uploads\\\/2026\\\/03\\\/Ciclo-da-agua-Fundamental1-1.png\",\"contentUrl\":\"https:\\\/\\\/lojasosprofessoratividades.com.br\\\/wp-content\\\/uploads\\\/2026\\\/03\\\/Ciclo-da-agua-Fundamental1-1.png\",\"width\":800,\"height\":693,\"caption\":\"Ciclo da \u00c1gua: Atividades para Ensino Fundamental 1\"},{\"@type\":\"BreadcrumbList\",\"@id\":\"https:\\\/\\\/lojasosprofessoratividades.com.br\\\/produto\\\/ciclo-da-agua-atividades-para-ensino-fundamental-1\\\/#breadcrumb\",\"itemListElement\":[{\"@type\":\"ListItem\",\"position\":1,\"name\":\"In\u00edcio\",\"item\":\"https:\\\/\\\/lojasosprofessoratividades.com.br\\\/\"},{\"@type\":\"ListItem\",\"position\":2,\"name\":\"Loja\",\"item\":\"https:\\\/\\\/lojasosprofessoratividades.com.br\\\/loja\\\/\"},{\"@type\":\"ListItem\",\"position\":3,\"name\":\"Ciclo da \u00c1gua: Atividades para Ensino Fundamental 1\"}]},{\"@type\":\"WebSite\",\"@id\":\"https:\\\/\\\/lojasosprofessoratividades.com.br\\\/#website\",\"url\":\"https:\\\/\\\/lojasosprofessoratividades.com.br\\\/\",\"name\":\"Loja SOS Professor Atividades\",\"description\":\"Venda de material did\u00e1tico para o ensino fundamental\",\"publisher\":{\"@id\":\"https:\\\/\\\/lojasosprofessoratividades.com.br\\\/#organization\"},\"potentialAction\":[{\"@type\":\"SearchAction\",\"target\":{\"@type\":\"EntryPoint\",\"urlTemplate\":\"https:\\\/\\\/lojasosprofessoratividades.com.br\\\/?s={search_term_string}\"},\"query-input\":{\"@type\":\"PropertyValueSpecification\",\"valueRequired\":true,\"valueName\":\"search_term_string\"}}],\"inLanguage\":\"en-US\"},{\"@type\":\"Organization\",\"@id\":\"https:\\\/\\\/lojasosprofessoratividades.com.br\\\/#organization\",\"name\":\"Loja SOS Professor Atividades\",\"url\":\"https:\\\/\\\/lojasosprofessoratividades.com.br\\\/\",\"logo\":{\"@type\":\"ImageObject\",\"inLanguage\":\"en-US\",\"@id\":\"https:\\\/\\\/lojasosprofessoratividades.com.br\\\/#\\\/schema\\\/logo\\\/image\\\/\",\"url\":\"http:\\\/\\\/lojasosprofessoratividades.com.br\\\/wp-content\\\/uploads\\\/2022\\\/04\\\/Logo.png\",\"contentUrl\":\"http:\\\/\\\/lojasosprofessoratividades.com.br\\\/wp-content\\\/uploads\\\/2022\\\/04\\\/Logo.png\",\"width\":2000,\"height\":2000,\"caption\":\"Loja SOS Professor Atividades\"},\"image\":{\"@id\":\"https:\\\/\\\/lojasosprofessoratividades.com.br\\\/#\\\/schema\\\/logo\\\/image\\\/\"},\"sameAs\":[\"https:\\\/\\\/www.facebook.com\\\/sosprofessoratividades\",\"https:\\\/\\\/www.instagram.com\\\/sosprofessoratividades\\\/\"]}]}<\/script>\n<!-- \/ Yoast SEO plugin. -->","yoast_head_json":{"title":"Ciclo da \u00c1gua: Atividades para Ensino Fundamental 1 - Loja SOS Professor Atividades","description":"Atividades sobre o ciclo da \u00e1gua com textos, p\u00f4ster, plano de aula e gabarito. Material de Ci\u00eancias completo para turmas do Ensino Fundamental 1.","robots":{"index":"index","follow":"follow","max-snippet":"max-snippet:-1","max-image-preview":"max-image-preview:large","max-video-preview":"max-video-preview:-1"},"canonical":"https:\/\/lojasosprofessoratividades.com.br\/en\/product\/ciclo-da-agua-atividades-para-ensino-fundamental-1\/","og_locale":"en_US","og_type":"article","og_title":"Ciclo da \u00c1gua: Atividades para Ensino Fundamental 1 - Loja SOS Professor Atividades","og_description":"Atividades sobre o ciclo da \u00e1gua com textos, p\u00f4ster, plano de aula e gabarito. Material de Ci\u00eancias completo para turmas do Ensino Fundamental 1.","og_url":"https:\/\/lojasosprofessoratividades.com.br\/en\/product\/ciclo-da-agua-atividades-para-ensino-fundamental-1\/","og_site_name":"Loja SOS Professor Atividades","article_publisher":"https:\/\/www.facebook.com\/sosprofessoratividades","article_modified_time":"2026-03-16T02:13:14+00:00","og_image":[{"width":800,"height":693,"url":"https:\/\/lojasosprofessoratividades.com.br\/wp-content\/uploads\/2026\/03\/Ciclo-da-agua-Fundamental1-1.png","type":"image\/png"}],"twitter_card":"summary_large_image","twitter_misc":{"Est. reading time":"1 minute"},"schema":{"@context":"https:\/\/schema.org","@graph":[{"@type":"WebPage","@id":"https:\/\/lojasosprofessoratividades.com.br\/produto\/ciclo-da-agua-atividades-para-ensino-fundamental-1\/","url":"https:\/\/lojasosprofessoratividades.com.br\/produto\/ciclo-da-agua-atividades-para-ensino-fundamental-1\/","name":"Ciclo da \u00c1gua: Atividades para Ensino Fundamental 1 - Loja SOS Professor Atividades","isPartOf":{"@id":"https:\/\/lojasosprofessoratividades.com.br\/#website"},"primaryImageOfPage":{"@id":"https:\/\/lojasosprofessoratividades.com.br\/produto\/ciclo-da-agua-atividades-para-ensino-fundamental-1\/#primaryimage"},"image":{"@id":"https:\/\/lojasosprofessoratividades.com.br\/produto\/ciclo-da-agua-atividades-para-ensino-fundamental-1\/#primaryimage"},"thumbnailUrl":"https:\/\/lojasosprofessoratividades.com.br\/wp-content\/uploads\/2026\/03\/Ciclo-da-agua-Fundamental1-1.png","datePublished":"2026-03-16T00:49:15+00:00","dateModified":"2026-03-16T02:13:14+00:00","description":"Atividades sobre o ciclo da \u00e1gua com textos, p\u00f4ster, plano de aula e gabarito. Material de Ci\u00eancias completo para turmas do Ensino Fundamental 1.","breadcrumb":{"@id":"https:\/\/lojasosprofessoratividades.com.br\/produto\/ciclo-da-agua-atividades-para-ensino-fundamental-1\/#breadcrumb"},"inLanguage":"en-US","potentialAction":[{"@type":"ReadAction","target":["https:\/\/lojasosprofessoratividades.com.br\/produto\/ciclo-da-agua-atividades-para-ensino-fundamental-1\/"]}]},{"@type":"ImageObject","inLanguage":"en-US","@id":"https:\/\/lojasosprofessoratividades.com.br\/produto\/ciclo-da-agua-atividades-para-ensino-fundamental-1\/#primaryimage","url":"https:\/\/lojasosprofessoratividades.com.br\/wp-content\/uploads\/2026\/03\/Ciclo-da-agua-Fundamental1-1.png","contentUrl":"https:\/\/lojasosprofessoratividades.com.br\/wp-content\/uploads\/2026\/03\/Ciclo-da-agua-Fundamental1-1.png","width":800,"height":693,"caption":"Ciclo da \u00c1gua: Atividades para Ensino Fundamental 1"},{"@type":"BreadcrumbList","@id":"https:\/\/lojasosprofessoratividades.com.br\/produto\/ciclo-da-agua-atividades-para-ensino-fundamental-1\/#breadcrumb","itemListElement":[{"@type":"ListItem","position":1,"name":"In\u00edcio","item":"https:\/\/lojasosprofessoratividades.com.br\/"},{"@type":"ListItem","position":2,"name":"Loja","item":"https:\/\/lojasosprofessoratividades.com.br\/loja\/"},{"@type":"ListItem","position":3,"name":"Ciclo da \u00c1gua: Atividades para Ensino Fundamental 1"}]},{"@type":"WebSite","@id":"https:\/\/lojasosprofessoratividades.com.br\/#website","url":"https:\/\/lojasosprofessoratividades.com.br\/","name":"Loja SOS Professor Atividades","description":"Venda de material did\u00e1tico para o ensino fundamental","publisher":{"@id":"https:\/\/lojasosprofessoratividades.com.br\/#organization"},"potentialAction":[{"@type":"SearchAction","target":{"@type":"EntryPoint","urlTemplate":"https:\/\/lojasosprofessoratividades.com.br\/?s={search_term_string}"},"query-input":{"@type":"PropertyValueSpecification","valueRequired":true,"valueName":"search_term_string"}}],"inLanguage":"en-US"},{"@type":"Organization","@id":"https:\/\/lojasosprofessoratividades.com.br\/#organization","name":"Loja SOS Professor Atividades","url":"https:\/\/lojasosprofessoratividades.com.br\/","logo":{"@type":"ImageObject","inLanguage":"en-US","@id":"https:\/\/lojasosprofessoratividades.com.br\/#\/schema\/logo\/image\/","url":"http:\/\/lojasosprofessoratividades.com.br\/wp-content\/uploads\/2022\/04\/Logo.png","contentUrl":"http:\/\/lojasosprofessoratividades.com.br\/wp-content\/uploads\/2022\/04\/Logo.png","width":2000,"height":2000,"caption":"Loja SOS Professor Atividades"},"image":{"@id":"https:\/\/lojasosprofessoratividades.com.br\/#\/schema\/logo\/image\/"},"sameAs":["https:\/\/www.facebook.com\/sosprofessoratividades","https:\/\/www.instagram.com\/sosprofessoratividades\/"]}]}},"_links":{"self":[{"href":"https:\/\/lojasosprofessoratividades.com.br\/en\/wp-json\/wp\/v2\/product\/38285","targetHints":{"allow":["GET"]}}],"collection":[{"href":"https:\/\/lojasosprofessoratividades.com.br\/en\/wp-json\/wp\/v2\/product"}],"about":[{"href":"https:\/\/lojasosprofessoratividades.com.br\/en\/wp-json\/wp\/v2\/types\/product"}],"replies":[{"embeddable":true,"href":"https:\/\/lojasosprofessoratividades.com.br\/en\/wp-json\/wp\/v2\/comments?post=38285"}],"wp:featuredmedia":[{"embeddable":true,"href":"https:\/\/lojasosprofessoratividades.com.br\/en\/wp-json\/wp\/v2\/media\/38297"}],"wp:attachment":[{"href":"https:\/\/lojasosprofessoratividades.com.br\/en\/wp-json\/wp\/v2\/media?parent=38285"}],"wp:term":[{"taxonomy":"product_brand","embeddable":true,"href":"https:\/\/lojasosprofessoratividades.com.br\/en\/wp-json\/wp\/v2\/product_brand?post=38285"},{"taxonomy":"product_cat","embeddable":true,"href":"https:\/\/lojasosprofessoratividades.com.br\/en\/wp-json\/wp\/v2\/product_cat?post=38285"},{"taxonomy":"product_tag","embeddable":true,"href":"https:\/\/lojasosprofessoratividades.com.br\/en\/wp-json\/wp\/v2\/product_tag?post=38285"}],"curies":[{"name":"wp","href":"https:\/\/api.w.org\/{rel}","templated":true}]}}