{"id":38393,"date":"2026-03-24T11:24:53","date_gmt":"2026-03-24T14:24:53","guid":{"rendered":"https:\/\/lojasosprofessoratividades.com.br\/?post_type=product&#038;p=38393"},"modified":"2026-05-08T13:52:49","modified_gmt":"2026-05-08T16:52:49","slug":"animais-vertebrados-e-animais-invertebrados","status":"publish","type":"product","link":"https:\/\/lojasosprofessoratividades.com.br\/en\/product\/animais-vertebrados-e-animais-invertebrados\/","title":{"rendered":"Animais vertebrados e Animais invertebrados"},"content":{"rendered":"","protected":false},"excerpt":{"rendered":"<p data-start=\"131\" data-end=\"535\">Trabalhe o conte\u00fado de <strong data-start=\"188\" data-end=\"227\">animais vertebrados e invertebrados<\/strong> de forma clara, visual e envolvente com este <strong data-start=\"273\" data-end=\"315\">arquivo pedag\u00f3gico em PDF n\u00e3o edit\u00e1vel<\/strong>, ideal para turmas do <strong data-start=\"338\" data-end=\"360\">Ensino Fundamental<\/strong>. O material foi desenvolvido para facilitar a explica\u00e7\u00e3o dos conceitos e promover a aprendizagem por meio de <strong data-start=\"470\" data-end=\"534\">atividades educativas e recursos visuais para a sala de aula<\/strong>.<\/p>\n<p data-start=\"537\" data-end=\"733\">O arquivo est\u00e1 dispon\u00edvel em <strong data-start=\"566\" data-end=\"607\">duas vers\u00f5es: colorida e para colorir<\/strong>, permitindo diferentes formas de aplica\u00e7\u00e3o pedag\u00f3gica, como atividades individuais, registros no caderno e produ\u00e7\u00e3o coletiva.<\/p>\n<p data-start=\"735\" data-end=\"880\">Este material \u00e9 perfeito para aulas de <strong data-start=\"774\" data-end=\"786\">Ci\u00eancias<\/strong>, abordando a classifica\u00e7\u00e3o dos animais e suas principais caracter\u00edsticas de maneira did\u00e1tica.<\/p>\n<p data-start=\"882\" data-end=\"919\"><strong data-start=\"882\" data-end=\"919\">O que voc\u00ea encontrar\u00e1 no arquivo:<\/strong><\/p>\n<p data-start=\"921\" data-end=\"1346\">\u2022 Textos ilustrados conceituais sobre <strong data-start=\"948\" data-end=\"987\">animais vertebrados e invertebrados<\/strong><br data-start=\"987\" data-end=\"990\" \/>\u2022 <strong data-start=\"992\" data-end=\"1017\">Atividades educativas<\/strong> para fixa\u00e7\u00e3o do conte\u00fado<br data-start=\"1042\" data-end=\"1045\" \/>\u2022 <strong data-start=\"1047\" data-end=\"1063\">P\u00f4steres 2&#215;2<\/strong> para montar e expor na sala de aula<br data-start=\"1099\" data-end=\"1102\" \/>\u2022 <strong data-start=\"1104\" data-end=\"1126\">Folhas conceituais ilustradas<\/strong> ideais para colar no caderno do aluno<br data-start=\"1164\" data-end=\"1167\" \/>\u2022 <strong data-start=\"1169\" data-end=\"1186\">Plano de aula<\/strong> com orienta\u00e7\u00f5es pedag\u00f3gicas<br data-start=\"1214\" data-end=\"1217\" \/>\u2022 <strong data-start=\"1219\" data-end=\"1231\">Gabarito<\/strong> para corre\u00e7\u00e3o das atividades<br data-start=\"1260\" data-end=\"1263\" \/>\u2022 Arquivo em <strong data-start=\"1276\" data-end=\"1296\">PDF n\u00e3o edit\u00e1vel<\/strong><br data-start=\"1296\" data-end=\"1299\" \/>\u2022 Vers\u00e3o <strong data-start=\"1308\" data-end=\"1320\">colorida<\/strong> e <strong data-start=\"1323\" data-end=\"1346\">vers\u00e3o para colorir<\/strong><\/p>\n<p data-start=\"921\" data-end=\"1346\">Este recurso did\u00e1tico ajuda os alunos a compreenderem a diferen\u00e7a entre <strong data-start=\"1610\" data-end=\"1649\">animais vertebrados e invertebrados<\/strong>, identificando grupos e caracter\u00edsticas de forma visual e significativa.<\/p>\n<h3>N\u00e3o enviamos por e-mail, a entrega \u00e9 via link para download.\u00a0<img decoding=\"async\" class=\"emoji\" role=\"img\" draggable=\"false\" src=\"https:\/\/s.w.org\/images\/core\/emoji\/16.0.1\/svg\/1f447.svg\" alt=\"\ud83d\udc47\" \/><\/h3>\n<p><img loading=\"lazy\" decoding=\"async\" class=\"alignnone wp-image-38009 size-full\" src=\"https:\/\/lojasosprofessoratividades.com.br\/wp-content\/uploads\/2026\/02\/Como-baixar-2.jpg\" alt=\"\" width=\"446\" height=\"251\" srcset=\"https:\/\/lojasosprofessoratividades.com.br\/wp-content\/uploads\/2026\/02\/Como-baixar-2.jpg 446w, https:\/\/lojasosprofessoratividades.com.br\/wp-content\/uploads\/2026\/02\/Como-baixar-2-300x169.jpg 300w, https:\/\/lojasosprofessoratividades.com.br\/wp-content\/uploads\/2026\/02\/Como-baixar-2-18x10.jpg 18w\" sizes=\"auto, (max-width: 446px) 100vw, 446px\" \/><\/p>","protected":false},"featured_media":38397,"comment_status":"open","ping_status":"closed","template":"","meta":[],"product_brand":[],"product_cat":[124,190,213],"product_tag":[3651,3652,2007,2628,3655,3653,3654,3657,3602,3656],"class_list":{"0":"post-38393","1":"product","2":"type-product","3":"status-publish","4":"has-post-thumbnail","6":"product_cat-3o-ano","7":"product_cat-ciencias-3-ano","8":"product_cat-recursos-didaticos-3-ano","9":"product_tag-animais-vertebrados-e-invertebrados","10":"product_tag-atividade-de-ciencias","11":"product_tag-atividades-educativas-pdf","12":"product_tag-atividades-ensino-fundamental","13":"product_tag-atividades-sobre-animais","14":"product_tag-classificacao-dos-animais","15":"product_tag-material-de-ciencias-para-imprimir","16":"product_tag-material-pedagogico-ciencias","17":"product_tag-plano-de-aula-ciencias","18":"product_tag-poster-vertebrados-e-invertebrados","20":"first","21":"instock","22":"downloadable","23":"virtual","24":"sold-individually","25":"purchasable","26":"product-type-simple"},"yoast_head":"<!-- This site is optimized with the Yoast SEO plugin v27.5 - https:\/\/yoast.com\/product\/yoast-seo-wordpress\/ -->\n<title>Animais vertebrados e Animais invertebrados - Loja SOS Professor Atividades<\/title>\n<meta name=\"description\" content=\"Atividades sobre animais vertebrados e invertebrados em PDF: textos, exerc\u00edcios, p\u00f4steres 2x2, plano de aula e gabarito. Vers\u00e3o colorida e para colorir.\" \/>\n<meta name=\"robots\" content=\"index, follow, max-snippet:-1, max-image-preview:large, max-video-preview:-1\" \/>\n<link rel=\"canonical\" href=\"https:\/\/lojasosprofessoratividades.com.br\/en\/product\/animais-vertebrados-e-animais-invertebrados\/\" \/>\n<meta property=\"og:locale\" content=\"en_US\" \/>\n<meta property=\"og:type\" content=\"article\" \/>\n<meta property=\"og:title\" content=\"Animais vertebrados e Animais invertebrados - Loja SOS Professor Atividades\" \/>\n<meta property=\"og:description\" content=\"Atividades sobre animais vertebrados e invertebrados em PDF: textos, exerc\u00edcios, p\u00f4steres 2x2, plano de aula e gabarito. Vers\u00e3o colorida e para colorir.\" \/>\n<meta property=\"og:url\" content=\"https:\/\/lojasosprofessoratividades.com.br\/en\/product\/animais-vertebrados-e-animais-invertebrados\/\" \/>\n<meta property=\"og:site_name\" content=\"Loja SOS Professor Atividades\" \/>\n<meta property=\"article:publisher\" content=\"https:\/\/www.facebook.com\/sosprofessoratividades\" \/>\n<meta property=\"article:modified_time\" content=\"2026-05-08T16:52:49+00:00\" \/>\n<meta property=\"og:image\" content=\"https:\/\/lojasosprofessoratividades.com.br\/wp-content\/uploads\/2026\/03\/Animais-vertebrados-e-Animais-invertebrados-1.png\" \/>\n\t<meta property=\"og:image:width\" content=\"800\" \/>\n\t<meta property=\"og:image:height\" content=\"693\" \/>\n\t<meta property=\"og:image:type\" content=\"image\/png\" \/>\n<meta name=\"twitter:card\" content=\"summary_large_image\" \/>\n<meta name=\"twitter:label1\" content=\"Est. reading time\" \/>\n\t<meta name=\"twitter:data1\" content=\"1 minute\" \/>\n<script type=\"application\/ld+json\" class=\"yoast-schema-graph\">{\"@context\":\"https:\\\/\\\/schema.org\",\"@graph\":[{\"@type\":\"WebPage\",\"@id\":\"https:\\\/\\\/lojasosprofessoratividades.com.br\\\/produto\\\/animais-vertebrados-e-animais-invertebrados\\\/\",\"url\":\"https:\\\/\\\/lojasosprofessoratividades.com.br\\\/produto\\\/animais-vertebrados-e-animais-invertebrados\\\/\",\"name\":\"Animais vertebrados e Animais invertebrados - Loja SOS Professor Atividades\",\"isPartOf\":{\"@id\":\"https:\\\/\\\/lojasosprofessoratividades.com.br\\\/#website\"},\"primaryImageOfPage\":{\"@id\":\"https:\\\/\\\/lojasosprofessoratividades.com.br\\\/produto\\\/animais-vertebrados-e-animais-invertebrados\\\/#primaryimage\"},\"image\":{\"@id\":\"https:\\\/\\\/lojasosprofessoratividades.com.br\\\/produto\\\/animais-vertebrados-e-animais-invertebrados\\\/#primaryimage\"},\"thumbnailUrl\":\"https:\\\/\\\/lojasosprofessoratividades.com.br\\\/wp-content\\\/uploads\\\/2026\\\/03\\\/Animais-vertebrados-e-Animais-invertebrados-1.png\",\"datePublished\":\"2026-03-24T14:24:53+00:00\",\"dateModified\":\"2026-05-08T16:52:49+00:00\",\"description\":\"Atividades sobre animais vertebrados e invertebrados em PDF: textos, exerc\u00edcios, p\u00f4steres 2x2, plano de aula e gabarito. Vers\u00e3o colorida e para colorir.\",\"breadcrumb\":{\"@id\":\"https:\\\/\\\/lojasosprofessoratividades.com.br\\\/produto\\\/animais-vertebrados-e-animais-invertebrados\\\/#breadcrumb\"},\"inLanguage\":\"en-US\",\"potentialAction\":[{\"@type\":\"ReadAction\",\"target\":[\"https:\\\/\\\/lojasosprofessoratividades.com.br\\\/produto\\\/animais-vertebrados-e-animais-invertebrados\\\/\"]}]},{\"@type\":\"ImageObject\",\"inLanguage\":\"en-US\",\"@id\":\"https:\\\/\\\/lojasosprofessoratividades.com.br\\\/produto\\\/animais-vertebrados-e-animais-invertebrados\\\/#primaryimage\",\"url\":\"https:\\\/\\\/lojasosprofessoratividades.com.br\\\/wp-content\\\/uploads\\\/2026\\\/03\\\/Animais-vertebrados-e-Animais-invertebrados-1.png\",\"contentUrl\":\"https:\\\/\\\/lojasosprofessoratividades.com.br\\\/wp-content\\\/uploads\\\/2026\\\/03\\\/Animais-vertebrados-e-Animais-invertebrados-1.png\",\"width\":800,\"height\":693,\"caption\":\"Animais vertebrados e Animais invertebrados\"},{\"@type\":\"BreadcrumbList\",\"@id\":\"https:\\\/\\\/lojasosprofessoratividades.com.br\\\/produto\\\/animais-vertebrados-e-animais-invertebrados\\\/#breadcrumb\",\"itemListElement\":[{\"@type\":\"ListItem\",\"position\":1,\"name\":\"In\u00edcio\",\"item\":\"https:\\\/\\\/lojasosprofessoratividades.com.br\\\/\"},{\"@type\":\"ListItem\",\"position\":2,\"name\":\"Loja\",\"item\":\"https:\\\/\\\/lojasosprofessoratividades.com.br\\\/loja\\\/\"},{\"@type\":\"ListItem\",\"position\":3,\"name\":\"Animais vertebrados e Animais invertebrados\"}]},{\"@type\":\"WebSite\",\"@id\":\"https:\\\/\\\/lojasosprofessoratividades.com.br\\\/#website\",\"url\":\"https:\\\/\\\/lojasosprofessoratividades.com.br\\\/\",\"name\":\"Loja SOS Professor Atividades\",\"description\":\"Venda de material did\u00e1tico para o ensino fundamental\",\"publisher\":{\"@id\":\"https:\\\/\\\/lojasosprofessoratividades.com.br\\\/#organization\"},\"potentialAction\":[{\"@type\":\"SearchAction\",\"target\":{\"@type\":\"EntryPoint\",\"urlTemplate\":\"https:\\\/\\\/lojasosprofessoratividades.com.br\\\/?s={search_term_string}\"},\"query-input\":{\"@type\":\"PropertyValueSpecification\",\"valueRequired\":true,\"valueName\":\"search_term_string\"}}],\"inLanguage\":\"en-US\"},{\"@type\":\"Organization\",\"@id\":\"https:\\\/\\\/lojasosprofessoratividades.com.br\\\/#organization\",\"name\":\"Loja SOS Professor Atividades\",\"url\":\"https:\\\/\\\/lojasosprofessoratividades.com.br\\\/\",\"logo\":{\"@type\":\"ImageObject\",\"inLanguage\":\"en-US\",\"@id\":\"https:\\\/\\\/lojasosprofessoratividades.com.br\\\/#\\\/schema\\\/logo\\\/image\\\/\",\"url\":\"http:\\\/\\\/lojasosprofessoratividades.com.br\\\/wp-content\\\/uploads\\\/2022\\\/04\\\/Logo.png\",\"contentUrl\":\"http:\\\/\\\/lojasosprofessoratividades.com.br\\\/wp-content\\\/uploads\\\/2022\\\/04\\\/Logo.png\",\"width\":2000,\"height\":2000,\"caption\":\"Loja SOS Professor Atividades\"},\"image\":{\"@id\":\"https:\\\/\\\/lojasosprofessoratividades.com.br\\\/#\\\/schema\\\/logo\\\/image\\\/\"},\"sameAs\":[\"https:\\\/\\\/www.facebook.com\\\/sosprofessoratividades\",\"https:\\\/\\\/www.instagram.com\\\/sosprofessoratividades\\\/\"]}]}<\/script>\n<!-- \/ Yoast SEO plugin. -->","yoast_head_json":{"title":"Animais vertebrados e Animais invertebrados - Loja SOS Professor Atividades","description":"Atividades sobre animais vertebrados e invertebrados em PDF: textos, exerc\u00edcios, p\u00f4steres 2x2, plano de aula e gabarito. Vers\u00e3o colorida e para colorir.","robots":{"index":"index","follow":"follow","max-snippet":"max-snippet:-1","max-image-preview":"max-image-preview:large","max-video-preview":"max-video-preview:-1"},"canonical":"https:\/\/lojasosprofessoratividades.com.br\/en\/product\/animais-vertebrados-e-animais-invertebrados\/","og_locale":"en_US","og_type":"article","og_title":"Animais vertebrados e Animais invertebrados - Loja SOS Professor Atividades","og_description":"Atividades sobre animais vertebrados e invertebrados em PDF: textos, exerc\u00edcios, p\u00f4steres 2x2, plano de aula e gabarito. Vers\u00e3o colorida e para colorir.","og_url":"https:\/\/lojasosprofessoratividades.com.br\/en\/product\/animais-vertebrados-e-animais-invertebrados\/","og_site_name":"Loja SOS Professor Atividades","article_publisher":"https:\/\/www.facebook.com\/sosprofessoratividades","article_modified_time":"2026-05-08T16:52:49+00:00","og_image":[{"width":800,"height":693,"url":"https:\/\/lojasosprofessoratividades.com.br\/wp-content\/uploads\/2026\/03\/Animais-vertebrados-e-Animais-invertebrados-1.png","type":"image\/png"}],"twitter_card":"summary_large_image","twitter_misc":{"Est. reading time":"1 minute"},"schema":{"@context":"https:\/\/schema.org","@graph":[{"@type":"WebPage","@id":"https:\/\/lojasosprofessoratividades.com.br\/produto\/animais-vertebrados-e-animais-invertebrados\/","url":"https:\/\/lojasosprofessoratividades.com.br\/produto\/animais-vertebrados-e-animais-invertebrados\/","name":"Animais vertebrados e Animais invertebrados - Loja SOS Professor Atividades","isPartOf":{"@id":"https:\/\/lojasosprofessoratividades.com.br\/#website"},"primaryImageOfPage":{"@id":"https:\/\/lojasosprofessoratividades.com.br\/produto\/animais-vertebrados-e-animais-invertebrados\/#primaryimage"},"image":{"@id":"https:\/\/lojasosprofessoratividades.com.br\/produto\/animais-vertebrados-e-animais-invertebrados\/#primaryimage"},"thumbnailUrl":"https:\/\/lojasosprofessoratividades.com.br\/wp-content\/uploads\/2026\/03\/Animais-vertebrados-e-Animais-invertebrados-1.png","datePublished":"2026-03-24T14:24:53+00:00","dateModified":"2026-05-08T16:52:49+00:00","description":"Atividades sobre animais vertebrados e invertebrados em PDF: textos, exerc\u00edcios, p\u00f4steres 2x2, plano de aula e gabarito. Vers\u00e3o colorida e para colorir.","breadcrumb":{"@id":"https:\/\/lojasosprofessoratividades.com.br\/produto\/animais-vertebrados-e-animais-invertebrados\/#breadcrumb"},"inLanguage":"en-US","potentialAction":[{"@type":"ReadAction","target":["https:\/\/lojasosprofessoratividades.com.br\/produto\/animais-vertebrados-e-animais-invertebrados\/"]}]},{"@type":"ImageObject","inLanguage":"en-US","@id":"https:\/\/lojasosprofessoratividades.com.br\/produto\/animais-vertebrados-e-animais-invertebrados\/#primaryimage","url":"https:\/\/lojasosprofessoratividades.com.br\/wp-content\/uploads\/2026\/03\/Animais-vertebrados-e-Animais-invertebrados-1.png","contentUrl":"https:\/\/lojasosprofessoratividades.com.br\/wp-content\/uploads\/2026\/03\/Animais-vertebrados-e-Animais-invertebrados-1.png","width":800,"height":693,"caption":"Animais vertebrados e Animais invertebrados"},{"@type":"BreadcrumbList","@id":"https:\/\/lojasosprofessoratividades.com.br\/produto\/animais-vertebrados-e-animais-invertebrados\/#breadcrumb","itemListElement":[{"@type":"ListItem","position":1,"name":"In\u00edcio","item":"https:\/\/lojasosprofessoratividades.com.br\/"},{"@type":"ListItem","position":2,"name":"Loja","item":"https:\/\/lojasosprofessoratividades.com.br\/loja\/"},{"@type":"ListItem","position":3,"name":"Animais vertebrados e Animais invertebrados"}]},{"@type":"WebSite","@id":"https:\/\/lojasosprofessoratividades.com.br\/#website","url":"https:\/\/lojasosprofessoratividades.com.br\/","name":"Loja SOS Professor Atividades","description":"Venda de material did\u00e1tico para o ensino fundamental","publisher":{"@id":"https:\/\/lojasosprofessoratividades.com.br\/#organization"},"potentialAction":[{"@type":"SearchAction","target":{"@type":"EntryPoint","urlTemplate":"https:\/\/lojasosprofessoratividades.com.br\/?s={search_term_string}"},"query-input":{"@type":"PropertyValueSpecification","valueRequired":true,"valueName":"search_term_string"}}],"inLanguage":"en-US"},{"@type":"Organization","@id":"https:\/\/lojasosprofessoratividades.com.br\/#organization","name":"Loja SOS Professor Atividades","url":"https:\/\/lojasosprofessoratividades.com.br\/","logo":{"@type":"ImageObject","inLanguage":"en-US","@id":"https:\/\/lojasosprofessoratividades.com.br\/#\/schema\/logo\/image\/","url":"http:\/\/lojasosprofessoratividades.com.br\/wp-content\/uploads\/2022\/04\/Logo.png","contentUrl":"http:\/\/lojasosprofessoratividades.com.br\/wp-content\/uploads\/2022\/04\/Logo.png","width":2000,"height":2000,"caption":"Loja SOS Professor Atividades"},"image":{"@id":"https:\/\/lojasosprofessoratividades.com.br\/#\/schema\/logo\/image\/"},"sameAs":["https:\/\/www.facebook.com\/sosprofessoratividades","https:\/\/www.instagram.com\/sosprofessoratividades\/"]}]}},"_links":{"self":[{"href":"https:\/\/lojasosprofessoratividades.com.br\/en\/wp-json\/wp\/v2\/product\/38393","targetHints":{"allow":["GET"]}}],"collection":[{"href":"https:\/\/lojasosprofessoratividades.com.br\/en\/wp-json\/wp\/v2\/product"}],"about":[{"href":"https:\/\/lojasosprofessoratividades.com.br\/en\/wp-json\/wp\/v2\/types\/product"}],"replies":[{"embeddable":true,"href":"https:\/\/lojasosprofessoratividades.com.br\/en\/wp-json\/wp\/v2\/comments?post=38393"}],"wp:featuredmedia":[{"embeddable":true,"href":"https:\/\/lojasosprofessoratividades.com.br\/en\/wp-json\/wp\/v2\/media\/38397"}],"wp:attachment":[{"href":"https:\/\/lojasosprofessoratividades.com.br\/en\/wp-json\/wp\/v2\/media?parent=38393"}],"wp:term":[{"taxonomy":"product_brand","embeddable":true,"href":"https:\/\/lojasosprofessoratividades.com.br\/en\/wp-json\/wp\/v2\/product_brand?post=38393"},{"taxonomy":"product_cat","embeddable":true,"href":"https:\/\/lojasosprofessoratividades.com.br\/en\/wp-json\/wp\/v2\/product_cat?post=38393"},{"taxonomy":"product_tag","embeddable":true,"href":"https:\/\/lojasosprofessoratividades.com.br\/en\/wp-json\/wp\/v2\/product_tag?post=38393"}],"curies":[{"name":"wp","href":"https:\/\/api.w.org\/{rel}","templated":true}]}}