{"id":38469,"date":"2026-03-30T17:10:15","date_gmt":"2026-03-30T20:10:15","guid":{"rendered":"https:\/\/lojasosprofessoratividades.com.br\/?post_type=product&#038;p=38469"},"modified":"2026-05-08T13:51:01","modified_gmt":"2026-05-08T16:51:01","slug":"cultura-indigena-atividades-e-plano-de-aula-completo","status":"publish","type":"product","link":"https:\/\/lojasosprofessoratividades.com.br\/en\/product\/cultura-indigena-atividades-e-plano-de-aula-completo\/","title":{"rendered":"Cultura Ind\u00edgena: Atividades e Plano de Aula Completo"},"content":{"rendered":"","protected":false},"excerpt":{"rendered":"<p data-start=\"408\" data-end=\"532\"><strong data-start=\"439\" data-end=\"494\">Material completo sobre cultura ind\u00edgena brasileira<\/strong>, ideal para turmas do 3\u00ba ao 5\u00ba ano!<\/p>\n<p data-start=\"534\" data-end=\"677\">O arquivo foi desenvolvido de acordo com a <strong data-start=\"577\" data-end=\"585\">BNCC<\/strong> e proporciona uma aprendizagem significativa por meio de atividades envolventes e pr\u00e1ticas.<\/p>\n<p data-start=\"679\" data-end=\"945\"><strong data-start=\"682\" data-end=\"702\">Voc\u00ea encontrar\u00e1:<\/strong><br \/>\n\u2714\ufe0f Texto informativo com atividades de interpreta\u00e7\u00e3o<br data-start=\"755\" data-end=\"758\" \/>\u2714\ufe0f Resumo ilustrado (colorido e para colorir)<br data-start=\"803\" data-end=\"806\" \/>\u2714\ufe0f P\u00f4ster 4&#215;2 para exposi\u00e7\u00e3o em sala<br data-start=\"842\" data-end=\"845\" \/>\u2714\ufe0f Plano de aula completo\u00a0<br data-start=\"884\" data-end=\"887\" \/>\u2714\ufe0f Oficina de grafismos ind\u00edgenas com sugest\u00f5es pr\u00e1ticas<\/p>\n<p data-start=\"947\" data-end=\"980\"><strong data-start=\"950\" data-end=\"980\">Habilidades desenvolvidas:<\/strong><\/p>\n<ul data-start=\"981\" data-end=\"1117\">\n<li data-start=\"981\" data-end=\"1015\" data-section-id=\"1n0ge1q\">Leitura e compreens\u00e3o de texto<\/li>\n<li data-start=\"1016\" data-end=\"1055\" data-section-id=\"1p1fpus\">Valoriza\u00e7\u00e3o da diversidade cultural<\/li>\n<li data-start=\"1056\" data-end=\"1094\" data-section-id=\"184wqq\">Criatividade e express\u00e3o art\u00edstica<\/li>\n<li data-start=\"1095\" data-end=\"1117\" data-section-id=\"xar3ox\">Pensamento cr\u00edtico<\/li>\n<\/ul>\n<p data-start=\"1119\" data-end=\"1217\">Ideal para trabalhar o <strong data-start=\"1145\" data-end=\"1172\">Dia dos Povos Ind\u00edgenas<\/strong> ou enriquecer suas aulas de Hist\u00f3ria e Arte!<\/p>\n<p data-start=\"1219\" data-end=\"1296\"><strong>Arquivo n\u00e3o edit\u00e1vel.<\/strong><\/p>\n<p data-start=\"1219\" data-end=\"1296\">Garanta agora e leve mais engajamento e significado para sua sala de aula!<\/p>\n<h3>N\u00e3o enviamos por e-mail, a entrega \u00e9 via link para download.\u00a0<img decoding=\"async\" class=\"emoji\" role=\"img\" draggable=\"false\" src=\"https:\/\/s.w.org\/images\/core\/emoji\/17.0.2\/svg\/1f447.svg\" alt=\"\ud83d\udc47\" \/><\/h3>\n<p><img loading=\"lazy\" decoding=\"async\" class=\"alignnone wp-image-38009 size-full\" src=\"https:\/\/lojasosprofessoratividades.com.br\/wp-content\/uploads\/2026\/02\/Como-baixar-2.jpg\" alt=\"\" width=\"446\" height=\"251\" srcset=\"https:\/\/lojasosprofessoratividades.com.br\/wp-content\/uploads\/2026\/02\/Como-baixar-2.jpg 446w, https:\/\/lojasosprofessoratividades.com.br\/wp-content\/uploads\/2026\/02\/Como-baixar-2-300x169.jpg 300w, https:\/\/lojasosprofessoratividades.com.br\/wp-content\/uploads\/2026\/02\/Como-baixar-2-18x10.jpg 18w\" sizes=\"auto, (max-width: 446px) 100vw, 446px\" \/><\/p>","protected":false},"featured_media":38472,"comment_status":"open","ping_status":"closed","template":"","meta":[],"product_brand":[],"product_cat":[124,125,127,218,214,216,207,192,185,189,195,204,217,213,215],"product_tag":[1598,1599,1551,616,3660,1315,452,3662,927,245,3661,280,643,3162,3659,342],"class_list":{"0":"post-38469","1":"product","2":"type-product","3":"status-publish","4":"has-post-thumbnail","6":"product_cat-3o-ano","7":"product_cat-4o-ano","8":"product_cat-5o-ano","9":"product_cat-data-comemorativa-5-ano","10":"product_cat-data-comemorativa-3-ano","11":"product_cat-data-comemorativa-4-ano","12":"product_cat-historia-5-ano","13":"product_cat-historia-4-ano","14":"product_cat-historia-3-ano","15":"product_cat-portugues-3-ano","16":"product_cat-portugues-4-ano","17":"product_cat-portugues-5-anos","18":"product_cat-recursos-didaticos-5-ano","19":"product_cat-recursos-didaticos-3-ano","20":"product_cat-recursos-didaticos-4-ano","21":"product_tag-atividades-3o-ano","22":"product_tag-atividades-4o-ano","23":"product_tag-atividades-5o-ano","24":"product_tag-atividades-escolares","25":"product_tag-atividades-indigenas","26":"product_tag-cultura-indigena","27":"product_tag-dia-dos-povos-indigenas","28":"product_tag-dia-dos-povos-originarios","29":"product_tag-diversidade-cultural","30":"product_tag-ensino-fundamental","31":"product_tag-grafismos-indigenas","32":"product_tag-historia-do-brasil","33":"product_tag-material-pedagogico","34":"product_tag-plano-de-aula-bncc","35":"product_tag-povos-indigenas","36":"product_tag-sequencia-didatica","38":"first","39":"instock","40":"downloadable","41":"virtual","42":"sold-individually","43":"purchasable","44":"product-type-simple"},"yoast_head":"<!-- This site is optimized with the Yoast SEO plugin v27.6 - https:\/\/yoast.com\/product\/yoast-seo-wordpress\/ -->\n<title>Cultura Ind\u00edgena: Atividades e Plano de Aula Completo - Loja SOS Professor Atividades<\/title>\n<meta name=\"description\" content=\"Arquivo n\u00e3o edit\u00e1vel Cultura Ind\u00edgena: leitura, interpreta\u00e7\u00e3o, p\u00f4ster, resumo ilustrado e atividades de grafismos para turmas do 3\u00ba ao 5\u00ba ano.\u201d\" \/>\n<meta name=\"robots\" content=\"index, follow, max-snippet:-1, max-image-preview:large, max-video-preview:-1\" \/>\n<link rel=\"canonical\" href=\"https:\/\/lojasosprofessoratividades.com.br\/en\/product\/cultura-indigena-atividades-e-plano-de-aula-completo\/\" \/>\n<meta property=\"og:locale\" content=\"en_US\" \/>\n<meta property=\"og:type\" content=\"article\" \/>\n<meta property=\"og:title\" content=\"Cultura Ind\u00edgena: Atividades e Plano de Aula Completo - Loja SOS Professor Atividades\" \/>\n<meta property=\"og:description\" content=\"Arquivo n\u00e3o edit\u00e1vel Cultura Ind\u00edgena: leitura, interpreta\u00e7\u00e3o, p\u00f4ster, resumo ilustrado e atividades de grafismos para turmas do 3\u00ba ao 5\u00ba ano.\u201d\" \/>\n<meta property=\"og:url\" content=\"https:\/\/lojasosprofessoratividades.com.br\/en\/product\/cultura-indigena-atividades-e-plano-de-aula-completo\/\" \/>\n<meta property=\"og:site_name\" content=\"Loja SOS Professor Atividades\" \/>\n<meta property=\"article:publisher\" content=\"https:\/\/www.facebook.com\/sosprofessoratividades\" \/>\n<meta property=\"article:modified_time\" content=\"2026-05-08T16:51:01+00:00\" \/>\n<meta property=\"og:image\" content=\"https:\/\/lojasosprofessoratividades.com.br\/wp-content\/uploads\/2026\/03\/Cultura-Indigena-2.jpg\" \/>\n\t<meta property=\"og:image:width\" content=\"800\" \/>\n\t<meta property=\"og:image:height\" content=\"693\" \/>\n\t<meta property=\"og:image:type\" content=\"image\/jpeg\" \/>\n<meta name=\"twitter:card\" content=\"summary_large_image\" \/>\n<meta name=\"twitter:label1\" content=\"Est. reading time\" \/>\n\t<meta name=\"twitter:data1\" content=\"1 minute\" \/>\n<script type=\"application\/ld+json\" class=\"yoast-schema-graph\">{\"@context\":\"https:\\\/\\\/schema.org\",\"@graph\":[{\"@type\":\"WebPage\",\"@id\":\"https:\\\/\\\/lojasosprofessoratividades.com.br\\\/produto\\\/cultura-indigena-atividades-e-plano-de-aula-completo\\\/\",\"url\":\"https:\\\/\\\/lojasosprofessoratividades.com.br\\\/produto\\\/cultura-indigena-atividades-e-plano-de-aula-completo\\\/\",\"name\":\"Cultura Ind\u00edgena: Atividades e Plano de Aula Completo - Loja SOS Professor Atividades\",\"isPartOf\":{\"@id\":\"https:\\\/\\\/lojasosprofessoratividades.com.br\\\/#website\"},\"primaryImageOfPage\":{\"@id\":\"https:\\\/\\\/lojasosprofessoratividades.com.br\\\/produto\\\/cultura-indigena-atividades-e-plano-de-aula-completo\\\/#primaryimage\"},\"image\":{\"@id\":\"https:\\\/\\\/lojasosprofessoratividades.com.br\\\/produto\\\/cultura-indigena-atividades-e-plano-de-aula-completo\\\/#primaryimage\"},\"thumbnailUrl\":\"https:\\\/\\\/lojasosprofessoratividades.com.br\\\/wp-content\\\/uploads\\\/2026\\\/03\\\/Cultura-Indigena-2.jpg\",\"datePublished\":\"2026-03-30T20:10:15+00:00\",\"dateModified\":\"2026-05-08T16:51:01+00:00\",\"description\":\"Arquivo n\u00e3o edit\u00e1vel Cultura Ind\u00edgena: leitura, interpreta\u00e7\u00e3o, p\u00f4ster, resumo ilustrado e atividades de grafismos para turmas do 3\u00ba ao 5\u00ba ano.\u201d\",\"breadcrumb\":{\"@id\":\"https:\\\/\\\/lojasosprofessoratividades.com.br\\\/produto\\\/cultura-indigena-atividades-e-plano-de-aula-completo\\\/#breadcrumb\"},\"inLanguage\":\"en-US\",\"potentialAction\":[{\"@type\":\"ReadAction\",\"target\":[\"https:\\\/\\\/lojasosprofessoratividades.com.br\\\/produto\\\/cultura-indigena-atividades-e-plano-de-aula-completo\\\/\"]}]},{\"@type\":\"ImageObject\",\"inLanguage\":\"en-US\",\"@id\":\"https:\\\/\\\/lojasosprofessoratividades.com.br\\\/produto\\\/cultura-indigena-atividades-e-plano-de-aula-completo\\\/#primaryimage\",\"url\":\"https:\\\/\\\/lojasosprofessoratividades.com.br\\\/wp-content\\\/uploads\\\/2026\\\/03\\\/Cultura-Indigena-2.jpg\",\"contentUrl\":\"https:\\\/\\\/lojasosprofessoratividades.com.br\\\/wp-content\\\/uploads\\\/2026\\\/03\\\/Cultura-Indigena-2.jpg\",\"width\":800,\"height\":693,\"caption\":\"Cultura Ind\u00edgena\"},{\"@type\":\"BreadcrumbList\",\"@id\":\"https:\\\/\\\/lojasosprofessoratividades.com.br\\\/produto\\\/cultura-indigena-atividades-e-plano-de-aula-completo\\\/#breadcrumb\",\"itemListElement\":[{\"@type\":\"ListItem\",\"position\":1,\"name\":\"In\u00edcio\",\"item\":\"https:\\\/\\\/lojasosprofessoratividades.com.br\\\/\"},{\"@type\":\"ListItem\",\"position\":2,\"name\":\"Loja\",\"item\":\"https:\\\/\\\/lojasosprofessoratividades.com.br\\\/loja\\\/\"},{\"@type\":\"ListItem\",\"position\":3,\"name\":\"Cultura Ind\u00edgena: Atividades e Plano de Aula Completo\"}]},{\"@type\":\"WebSite\",\"@id\":\"https:\\\/\\\/lojasosprofessoratividades.com.br\\\/#website\",\"url\":\"https:\\\/\\\/lojasosprofessoratividades.com.br\\\/\",\"name\":\"Loja SOS Professor Atividades\",\"description\":\"Venda de material did\u00e1tico para o ensino fundamental\",\"publisher\":{\"@id\":\"https:\\\/\\\/lojasosprofessoratividades.com.br\\\/#organization\"},\"potentialAction\":[{\"@type\":\"SearchAction\",\"target\":{\"@type\":\"EntryPoint\",\"urlTemplate\":\"https:\\\/\\\/lojasosprofessoratividades.com.br\\\/?s={search_term_string}\"},\"query-input\":{\"@type\":\"PropertyValueSpecification\",\"valueRequired\":true,\"valueName\":\"search_term_string\"}}],\"inLanguage\":\"en-US\"},{\"@type\":\"Organization\",\"@id\":\"https:\\\/\\\/lojasosprofessoratividades.com.br\\\/#organization\",\"name\":\"Loja SOS Professor Atividades\",\"url\":\"https:\\\/\\\/lojasosprofessoratividades.com.br\\\/\",\"logo\":{\"@type\":\"ImageObject\",\"inLanguage\":\"en-US\",\"@id\":\"https:\\\/\\\/lojasosprofessoratividades.com.br\\\/#\\\/schema\\\/logo\\\/image\\\/\",\"url\":\"http:\\\/\\\/lojasosprofessoratividades.com.br\\\/wp-content\\\/uploads\\\/2022\\\/04\\\/Logo.png\",\"contentUrl\":\"http:\\\/\\\/lojasosprofessoratividades.com.br\\\/wp-content\\\/uploads\\\/2022\\\/04\\\/Logo.png\",\"width\":2000,\"height\":2000,\"caption\":\"Loja SOS Professor Atividades\"},\"image\":{\"@id\":\"https:\\\/\\\/lojasosprofessoratividades.com.br\\\/#\\\/schema\\\/logo\\\/image\\\/\"},\"sameAs\":[\"https:\\\/\\\/www.facebook.com\\\/sosprofessoratividades\",\"https:\\\/\\\/www.instagram.com\\\/sosprofessoratividades\\\/\"]}]}<\/script>\n<!-- \/ Yoast SEO plugin. -->","yoast_head_json":{"title":"Cultura Ind\u00edgena: Atividades e Plano de Aula Completo - Loja SOS Professor Atividades","description":"Arquivo n\u00e3o edit\u00e1vel Cultura Ind\u00edgena: leitura, interpreta\u00e7\u00e3o, p\u00f4ster, resumo ilustrado e atividades de grafismos para turmas do 3\u00ba ao 5\u00ba ano.\u201d","robots":{"index":"index","follow":"follow","max-snippet":"max-snippet:-1","max-image-preview":"max-image-preview:large","max-video-preview":"max-video-preview:-1"},"canonical":"https:\/\/lojasosprofessoratividades.com.br\/en\/product\/cultura-indigena-atividades-e-plano-de-aula-completo\/","og_locale":"en_US","og_type":"article","og_title":"Cultura Ind\u00edgena: Atividades e Plano de Aula Completo - Loja SOS Professor Atividades","og_description":"Arquivo n\u00e3o edit\u00e1vel Cultura Ind\u00edgena: leitura, interpreta\u00e7\u00e3o, p\u00f4ster, resumo ilustrado e atividades de grafismos para turmas do 3\u00ba ao 5\u00ba ano.\u201d","og_url":"https:\/\/lojasosprofessoratividades.com.br\/en\/product\/cultura-indigena-atividades-e-plano-de-aula-completo\/","og_site_name":"Loja SOS Professor Atividades","article_publisher":"https:\/\/www.facebook.com\/sosprofessoratividades","article_modified_time":"2026-05-08T16:51:01+00:00","og_image":[{"width":800,"height":693,"url":"https:\/\/lojasosprofessoratividades.com.br\/wp-content\/uploads\/2026\/03\/Cultura-Indigena-2.jpg","type":"image\/jpeg"}],"twitter_card":"summary_large_image","twitter_misc":{"Est. reading time":"1 minute"},"schema":{"@context":"https:\/\/schema.org","@graph":[{"@type":"WebPage","@id":"https:\/\/lojasosprofessoratividades.com.br\/produto\/cultura-indigena-atividades-e-plano-de-aula-completo\/","url":"https:\/\/lojasosprofessoratividades.com.br\/produto\/cultura-indigena-atividades-e-plano-de-aula-completo\/","name":"Cultura Ind\u00edgena: Atividades e Plano de Aula Completo - Loja SOS Professor Atividades","isPartOf":{"@id":"https:\/\/lojasosprofessoratividades.com.br\/#website"},"primaryImageOfPage":{"@id":"https:\/\/lojasosprofessoratividades.com.br\/produto\/cultura-indigena-atividades-e-plano-de-aula-completo\/#primaryimage"},"image":{"@id":"https:\/\/lojasosprofessoratividades.com.br\/produto\/cultura-indigena-atividades-e-plano-de-aula-completo\/#primaryimage"},"thumbnailUrl":"https:\/\/lojasosprofessoratividades.com.br\/wp-content\/uploads\/2026\/03\/Cultura-Indigena-2.jpg","datePublished":"2026-03-30T20:10:15+00:00","dateModified":"2026-05-08T16:51:01+00:00","description":"Arquivo n\u00e3o edit\u00e1vel Cultura Ind\u00edgena: leitura, interpreta\u00e7\u00e3o, p\u00f4ster, resumo ilustrado e atividades de grafismos para turmas do 3\u00ba ao 5\u00ba ano.\u201d","breadcrumb":{"@id":"https:\/\/lojasosprofessoratividades.com.br\/produto\/cultura-indigena-atividades-e-plano-de-aula-completo\/#breadcrumb"},"inLanguage":"en-US","potentialAction":[{"@type":"ReadAction","target":["https:\/\/lojasosprofessoratividades.com.br\/produto\/cultura-indigena-atividades-e-plano-de-aula-completo\/"]}]},{"@type":"ImageObject","inLanguage":"en-US","@id":"https:\/\/lojasosprofessoratividades.com.br\/produto\/cultura-indigena-atividades-e-plano-de-aula-completo\/#primaryimage","url":"https:\/\/lojasosprofessoratividades.com.br\/wp-content\/uploads\/2026\/03\/Cultura-Indigena-2.jpg","contentUrl":"https:\/\/lojasosprofessoratividades.com.br\/wp-content\/uploads\/2026\/03\/Cultura-Indigena-2.jpg","width":800,"height":693,"caption":"Cultura Ind\u00edgena"},{"@type":"BreadcrumbList","@id":"https:\/\/lojasosprofessoratividades.com.br\/produto\/cultura-indigena-atividades-e-plano-de-aula-completo\/#breadcrumb","itemListElement":[{"@type":"ListItem","position":1,"name":"In\u00edcio","item":"https:\/\/lojasosprofessoratividades.com.br\/"},{"@type":"ListItem","position":2,"name":"Loja","item":"https:\/\/lojasosprofessoratividades.com.br\/loja\/"},{"@type":"ListItem","position":3,"name":"Cultura Ind\u00edgena: Atividades e Plano de Aula Completo"}]},{"@type":"WebSite","@id":"https:\/\/lojasosprofessoratividades.com.br\/#website","url":"https:\/\/lojasosprofessoratividades.com.br\/","name":"Loja SOS Professor Atividades","description":"Venda de material did\u00e1tico para o ensino fundamental","publisher":{"@id":"https:\/\/lojasosprofessoratividades.com.br\/#organization"},"potentialAction":[{"@type":"SearchAction","target":{"@type":"EntryPoint","urlTemplate":"https:\/\/lojasosprofessoratividades.com.br\/?s={search_term_string}"},"query-input":{"@type":"PropertyValueSpecification","valueRequired":true,"valueName":"search_term_string"}}],"inLanguage":"en-US"},{"@type":"Organization","@id":"https:\/\/lojasosprofessoratividades.com.br\/#organization","name":"Loja SOS Professor Atividades","url":"https:\/\/lojasosprofessoratividades.com.br\/","logo":{"@type":"ImageObject","inLanguage":"en-US","@id":"https:\/\/lojasosprofessoratividades.com.br\/#\/schema\/logo\/image\/","url":"http:\/\/lojasosprofessoratividades.com.br\/wp-content\/uploads\/2022\/04\/Logo.png","contentUrl":"http:\/\/lojasosprofessoratividades.com.br\/wp-content\/uploads\/2022\/04\/Logo.png","width":2000,"height":2000,"caption":"Loja SOS Professor Atividades"},"image":{"@id":"https:\/\/lojasosprofessoratividades.com.br\/#\/schema\/logo\/image\/"},"sameAs":["https:\/\/www.facebook.com\/sosprofessoratividades","https:\/\/www.instagram.com\/sosprofessoratividades\/"]}]}},"_links":{"self":[{"href":"https:\/\/lojasosprofessoratividades.com.br\/en\/wp-json\/wp\/v2\/product\/38469","targetHints":{"allow":["GET"]}}],"collection":[{"href":"https:\/\/lojasosprofessoratividades.com.br\/en\/wp-json\/wp\/v2\/product"}],"about":[{"href":"https:\/\/lojasosprofessoratividades.com.br\/en\/wp-json\/wp\/v2\/types\/product"}],"replies":[{"embeddable":true,"href":"https:\/\/lojasosprofessoratividades.com.br\/en\/wp-json\/wp\/v2\/comments?post=38469"}],"wp:featuredmedia":[{"embeddable":true,"href":"https:\/\/lojasosprofessoratividades.com.br\/en\/wp-json\/wp\/v2\/media\/38472"}],"wp:attachment":[{"href":"https:\/\/lojasosprofessoratividades.com.br\/en\/wp-json\/wp\/v2\/media?parent=38469"}],"wp:term":[{"taxonomy":"product_brand","embeddable":true,"href":"https:\/\/lojasosprofessoratividades.com.br\/en\/wp-json\/wp\/v2\/product_brand?post=38469"},{"taxonomy":"product_cat","embeddable":true,"href":"https:\/\/lojasosprofessoratividades.com.br\/en\/wp-json\/wp\/v2\/product_cat?post=38469"},{"taxonomy":"product_tag","embeddable":true,"href":"https:\/\/lojasosprofessoratividades.com.br\/en\/wp-json\/wp\/v2\/product_tag?post=38469"}],"curies":[{"name":"wp","href":"https:\/\/api.w.org\/{rel}","templated":true}]}}