{"id":38525,"date":"2026-04-08T07:51:18","date_gmt":"2026-04-08T10:51:18","guid":{"rendered":"https:\/\/lojasosprofessoratividades.com.br\/?post_type=product&#038;p=38525"},"modified":"2026-04-08T07:51:18","modified_gmt":"2026-04-08T10:51:18","slug":"a-construcao-de-brasilia-atividades-e-resumo-ilustrado","status":"publish","type":"product","link":"https:\/\/lojasosprofessoratividades.com.br\/en\/product\/a-construcao-de-brasilia-atividades-e-resumo-ilustrado\/","title":{"rendered":"A Constru\u00e7\u00e3o de Bras\u00edlia: Atividades e resumo ilustrado"},"content":{"rendered":"","protected":false},"excerpt":{"rendered":"<p>Este arquivo completo sobre <strong data-start=\"278\" data-end=\"318\">A constru\u00e7\u00e3o de Bras\u00edlia (1956\u20131960)<\/strong> foi desenvolvido especialmente para turmas do Ensino Fundamental, com linguagem simples e recursos visuais que facilitam a aprendizagem.<\/p>\n<h3 data-start=\"462\" data-end=\"491\">O que voc\u00ea vai receber:<\/h3>\n<p data-start=\"493\" data-end=\"730\">\u2714\ufe0f Resumo ilustrado <strong data-start=\"513\" data-end=\"558\">colorido em tamanho p\u00f4ster 3&#215;3\u00a0<\/strong><br data-start=\"558\" data-end=\"561\" \/>\u2714\ufe0f Folha de atividades com quest\u00f5es objetivas<br data-start=\"606\" data-end=\"609\" \/>\u2714\ufe0f Resumo ilustrado em vers\u00e3o <strong data-start=\"639\" data-end=\"664\">para colar no caderno<\/strong><br data-start=\"664\" data-end=\"667\" \/>\u2714\ufe0f Roteiro de aula pronto para aplicar<br data-start=\"705\" data-end=\"708\" \/>\u2714\ufe0f Gabarito completo<\/p>\n<h3 data-start=\"737\" data-end=\"755\">Ideal para:<\/h3>\n<ul data-start=\"756\" data-end=\"904\">\n<li data-start=\"756\" data-end=\"808\">Professores do Ensino Fundamental (3\u00ba ao 5\u00ba ano)<\/li>\n<li data-start=\"809\" data-end=\"840\">Aulas de Hist\u00f3ria do Brasil<\/li>\n<li data-start=\"841\" data-end=\"904\">Trabalhar <strong data-start=\"853\" data-end=\"902\">Bras\u00edlia, JK, candangos e planejamento urbano<\/strong><\/li>\n<\/ul>\n<h3 data-start=\"1116\" data-end=\"1134\">Importante:<\/h3>\n<ul data-start=\"1135\" data-end=\"1221\">\n<li data-start=\"1135\" data-end=\"1170\">Arquivo em PDF <strong data-start=\"1152\" data-end=\"1168\">n\u00e3o edit\u00e1vel<\/strong><\/li>\n<\/ul>\n<h3>N\u00e3o enviamos por e-mail, a entrega \u00e9 via link para download.\u00a0<img decoding=\"async\" class=\"emoji\" role=\"img\" draggable=\"false\" src=\"https:\/\/s.w.org\/images\/core\/emoji\/17.0.2\/svg\/1f447.svg\" alt=\"\ud83d\udc47\" \/><\/h3>\n<p><img loading=\"lazy\" decoding=\"async\" class=\"alignnone wp-image-38009 size-full\" src=\"https:\/\/lojasosprofessoratividades.com.br\/wp-content\/uploads\/2026\/02\/Como-baixar-2.jpg\" alt=\"\" width=\"446\" height=\"251\" srcset=\"https:\/\/lojasosprofessoratividades.com.br\/wp-content\/uploads\/2026\/02\/Como-baixar-2.jpg 446w, https:\/\/lojasosprofessoratividades.com.br\/wp-content\/uploads\/2026\/02\/Como-baixar-2-300x169.jpg 300w, https:\/\/lojasosprofessoratividades.com.br\/wp-content\/uploads\/2026\/02\/Como-baixar-2-18x10.jpg 18w\" sizes=\"auto, (max-width: 446px) 100vw, 446px\" \/><\/p>","protected":false},"featured_media":38526,"comment_status":"open","ping_status":"closed","template":"","meta":[],"product_brand":[],"product_cat":[124,125,127,216,218,214,192,207,185,215,217,213],"product_tag":[274,482,253,248,3672,3669,3671,3664,3674,3665,3667,3666,3668,3673,3670],"class_list":{"0":"post-38525","1":"product","2":"type-product","3":"status-publish","4":"has-post-thumbnail","6":"product_cat-3o-ano","7":"product_cat-4o-ano","8":"product_cat-5o-ano","9":"product_cat-data-comemorativa-4-ano","10":"product_cat-data-comemorativa-5-ano","11":"product_cat-data-comemorativa-3-ano","12":"product_cat-historia-4-ano","13":"product_cat-historia-5-ano","14":"product_cat-historia-3-ano","15":"product_cat-recursos-didaticos-4-ano","16":"product_cat-recursos-didaticos-5-ano","17":"product_cat-recursos-didaticos-3-ano","18":"product_tag-3o-ano","19":"product_tag-3o-ao-5-ano","20":"product_tag-4o-ano","21":"product_tag-5o-ano","22":"product_tag-aniversario-de-brasilia","23":"product_tag-atividades-3o-ano-historia","24":"product_tag-brasilia","25":"product_tag-brasilia-atividades","26":"product_tag-capital-do-brasil","27":"product_tag-construcao-de-brasilia-ensino-fundamental","28":"product_tag-historia-do-brasil-atividades","29":"product_tag-jk-plano-de-aula","30":"product_tag-material-didatico-brasilia","31":"product_tag-nossa-capital","32":"product_tag-resumo-ilustrado-brasilia","34":"first","35":"instock","36":"downloadable","37":"sold-individually","38":"shipping-taxable","39":"purchasable","40":"product-type-simple"},"yoast_head":"<!-- This site is optimized with the Yoast SEO plugin v27.3 - https:\/\/yoast.com\/product\/yoast-seo-wordpress\/ -->\n<title>A Constru\u00e7\u00e3o de Bras\u00edlia: Atividades e resumo ilustrado - Loja SOS Professor Atividades<\/title>\n<meta name=\"description\" content=\"Material completo sobre a constru\u00e7\u00e3o de Bras\u00edlia (1956\u20131960) com resumo ilustrado, atividades, roteiro de aula e gabarito. Ideal para o Ensino Fundamental.\" \/>\n<meta name=\"robots\" content=\"index, follow, max-snippet:-1, max-image-preview:large, max-video-preview:-1\" \/>\n<link rel=\"canonical\" href=\"https:\/\/lojasosprofessoratividades.com.br\/en\/product\/a-construcao-de-brasilia-atividades-e-resumo-ilustrado\/\" \/>\n<meta property=\"og:locale\" content=\"en_US\" \/>\n<meta property=\"og:type\" content=\"article\" \/>\n<meta property=\"og:title\" content=\"A Constru\u00e7\u00e3o de Bras\u00edlia: Atividades e resumo ilustrado - Loja SOS Professor Atividades\" \/>\n<meta property=\"og:description\" content=\"Material completo sobre a constru\u00e7\u00e3o de Bras\u00edlia (1956\u20131960) com resumo ilustrado, atividades, roteiro de aula e gabarito. Ideal para o Ensino Fundamental.\" \/>\n<meta property=\"og:url\" content=\"https:\/\/lojasosprofessoratividades.com.br\/en\/product\/a-construcao-de-brasilia-atividades-e-resumo-ilustrado\/\" \/>\n<meta property=\"og:site_name\" content=\"Loja SOS Professor Atividades\" \/>\n<meta property=\"article:publisher\" content=\"https:\/\/www.facebook.com\/sosprofessoratividades\" \/>\n<meta property=\"og:image\" content=\"https:\/\/lojasosprofessoratividades.com.br\/wp-content\/uploads\/2026\/04\/A-construcao-de-Brasilia-1.jpg\" \/>\n\t<meta property=\"og:image:width\" content=\"800\" \/>\n\t<meta property=\"og:image:height\" content=\"693\" \/>\n\t<meta property=\"og:image:type\" content=\"image\/jpeg\" \/>\n<meta name=\"twitter:card\" content=\"summary_large_image\" \/>\n<meta name=\"twitter:label1\" content=\"Est. reading time\" \/>\n\t<meta name=\"twitter:data1\" content=\"1 minute\" \/>\n<script type=\"application\/ld+json\" class=\"yoast-schema-graph\">{\"@context\":\"https:\\\/\\\/schema.org\",\"@graph\":[{\"@type\":\"WebPage\",\"@id\":\"https:\\\/\\\/lojasosprofessoratividades.com.br\\\/produto\\\/a-construcao-de-brasilia-atividades-e-resumo-ilustrado\\\/\",\"url\":\"https:\\\/\\\/lojasosprofessoratividades.com.br\\\/produto\\\/a-construcao-de-brasilia-atividades-e-resumo-ilustrado\\\/\",\"name\":\"A Constru\u00e7\u00e3o de Bras\u00edlia: Atividades e resumo ilustrado - Loja SOS Professor Atividades\",\"isPartOf\":{\"@id\":\"https:\\\/\\\/lojasosprofessoratividades.com.br\\\/#website\"},\"primaryImageOfPage\":{\"@id\":\"https:\\\/\\\/lojasosprofessoratividades.com.br\\\/produto\\\/a-construcao-de-brasilia-atividades-e-resumo-ilustrado\\\/#primaryimage\"},\"image\":{\"@id\":\"https:\\\/\\\/lojasosprofessoratividades.com.br\\\/produto\\\/a-construcao-de-brasilia-atividades-e-resumo-ilustrado\\\/#primaryimage\"},\"thumbnailUrl\":\"https:\\\/\\\/lojasosprofessoratividades.com.br\\\/wp-content\\\/uploads\\\/2026\\\/04\\\/A-construcao-de-Brasilia-1.jpg\",\"datePublished\":\"2026-04-08T10:51:18+00:00\",\"description\":\"Material completo sobre a constru\u00e7\u00e3o de Bras\u00edlia (1956\u20131960) com resumo ilustrado, atividades, roteiro de aula e gabarito. Ideal para o Ensino Fundamental.\",\"breadcrumb\":{\"@id\":\"https:\\\/\\\/lojasosprofessoratividades.com.br\\\/produto\\\/a-construcao-de-brasilia-atividades-e-resumo-ilustrado\\\/#breadcrumb\"},\"inLanguage\":\"en-US\",\"potentialAction\":[{\"@type\":\"ReadAction\",\"target\":[\"https:\\\/\\\/lojasosprofessoratividades.com.br\\\/produto\\\/a-construcao-de-brasilia-atividades-e-resumo-ilustrado\\\/\"]}]},{\"@type\":\"ImageObject\",\"inLanguage\":\"en-US\",\"@id\":\"https:\\\/\\\/lojasosprofessoratividades.com.br\\\/produto\\\/a-construcao-de-brasilia-atividades-e-resumo-ilustrado\\\/#primaryimage\",\"url\":\"https:\\\/\\\/lojasosprofessoratividades.com.br\\\/wp-content\\\/uploads\\\/2026\\\/04\\\/A-construcao-de-Brasilia-1.jpg\",\"contentUrl\":\"https:\\\/\\\/lojasosprofessoratividades.com.br\\\/wp-content\\\/uploads\\\/2026\\\/04\\\/A-construcao-de-Brasilia-1.jpg\",\"width\":800,\"height\":693,\"caption\":\"A constru\u00e7\u00e3o de Bras\u00edlia\"},{\"@type\":\"BreadcrumbList\",\"@id\":\"https:\\\/\\\/lojasosprofessoratividades.com.br\\\/produto\\\/a-construcao-de-brasilia-atividades-e-resumo-ilustrado\\\/#breadcrumb\",\"itemListElement\":[{\"@type\":\"ListItem\",\"position\":1,\"name\":\"In\u00edcio\",\"item\":\"https:\\\/\\\/lojasosprofessoratividades.com.br\\\/\"},{\"@type\":\"ListItem\",\"position\":2,\"name\":\"Loja\",\"item\":\"https:\\\/\\\/lojasosprofessoratividades.com.br\\\/loja\\\/\"},{\"@type\":\"ListItem\",\"position\":3,\"name\":\"A Constru\u00e7\u00e3o de Bras\u00edlia: Atividades e resumo ilustrado\"}]},{\"@type\":\"WebSite\",\"@id\":\"https:\\\/\\\/lojasosprofessoratividades.com.br\\\/#website\",\"url\":\"https:\\\/\\\/lojasosprofessoratividades.com.br\\\/\",\"name\":\"Loja SOS Professor Atividades\",\"description\":\"Venda de material did\u00e1tico para o ensino fundamental\",\"publisher\":{\"@id\":\"https:\\\/\\\/lojasosprofessoratividades.com.br\\\/#organization\"},\"potentialAction\":[{\"@type\":\"SearchAction\",\"target\":{\"@type\":\"EntryPoint\",\"urlTemplate\":\"https:\\\/\\\/lojasosprofessoratividades.com.br\\\/?s={search_term_string}\"},\"query-input\":{\"@type\":\"PropertyValueSpecification\",\"valueRequired\":true,\"valueName\":\"search_term_string\"}}],\"inLanguage\":\"en-US\"},{\"@type\":\"Organization\",\"@id\":\"https:\\\/\\\/lojasosprofessoratividades.com.br\\\/#organization\",\"name\":\"Loja SOS Professor Atividades\",\"url\":\"https:\\\/\\\/lojasosprofessoratividades.com.br\\\/\",\"logo\":{\"@type\":\"ImageObject\",\"inLanguage\":\"en-US\",\"@id\":\"https:\\\/\\\/lojasosprofessoratividades.com.br\\\/#\\\/schema\\\/logo\\\/image\\\/\",\"url\":\"http:\\\/\\\/lojasosprofessoratividades.com.br\\\/wp-content\\\/uploads\\\/2022\\\/04\\\/Logo.png\",\"contentUrl\":\"http:\\\/\\\/lojasosprofessoratividades.com.br\\\/wp-content\\\/uploads\\\/2022\\\/04\\\/Logo.png\",\"width\":2000,\"height\":2000,\"caption\":\"Loja SOS Professor Atividades\"},\"image\":{\"@id\":\"https:\\\/\\\/lojasosprofessoratividades.com.br\\\/#\\\/schema\\\/logo\\\/image\\\/\"},\"sameAs\":[\"https:\\\/\\\/www.facebook.com\\\/sosprofessoratividades\",\"https:\\\/\\\/www.instagram.com\\\/sosprofessoratividades\\\/\"]}]}<\/script>\n<!-- \/ Yoast SEO plugin. -->","yoast_head_json":{"title":"A Constru\u00e7\u00e3o de Bras\u00edlia: Atividades e resumo ilustrado - Loja SOS Professor Atividades","description":"Material completo sobre a constru\u00e7\u00e3o de Bras\u00edlia (1956\u20131960) com resumo ilustrado, atividades, roteiro de aula e gabarito. Ideal para o Ensino Fundamental.","robots":{"index":"index","follow":"follow","max-snippet":"max-snippet:-1","max-image-preview":"max-image-preview:large","max-video-preview":"max-video-preview:-1"},"canonical":"https:\/\/lojasosprofessoratividades.com.br\/en\/product\/a-construcao-de-brasilia-atividades-e-resumo-ilustrado\/","og_locale":"en_US","og_type":"article","og_title":"A Constru\u00e7\u00e3o de Bras\u00edlia: Atividades e resumo ilustrado - Loja SOS Professor Atividades","og_description":"Material completo sobre a constru\u00e7\u00e3o de Bras\u00edlia (1956\u20131960) com resumo ilustrado, atividades, roteiro de aula e gabarito. Ideal para o Ensino Fundamental.","og_url":"https:\/\/lojasosprofessoratividades.com.br\/en\/product\/a-construcao-de-brasilia-atividades-e-resumo-ilustrado\/","og_site_name":"Loja SOS Professor Atividades","article_publisher":"https:\/\/www.facebook.com\/sosprofessoratividades","og_image":[{"width":800,"height":693,"url":"https:\/\/lojasosprofessoratividades.com.br\/wp-content\/uploads\/2026\/04\/A-construcao-de-Brasilia-1.jpg","type":"image\/jpeg"}],"twitter_card":"summary_large_image","twitter_misc":{"Est. reading time":"1 minute"},"schema":{"@context":"https:\/\/schema.org","@graph":[{"@type":"WebPage","@id":"https:\/\/lojasosprofessoratividades.com.br\/produto\/a-construcao-de-brasilia-atividades-e-resumo-ilustrado\/","url":"https:\/\/lojasosprofessoratividades.com.br\/produto\/a-construcao-de-brasilia-atividades-e-resumo-ilustrado\/","name":"A Constru\u00e7\u00e3o de Bras\u00edlia: Atividades e resumo ilustrado - Loja SOS Professor Atividades","isPartOf":{"@id":"https:\/\/lojasosprofessoratividades.com.br\/#website"},"primaryImageOfPage":{"@id":"https:\/\/lojasosprofessoratividades.com.br\/produto\/a-construcao-de-brasilia-atividades-e-resumo-ilustrado\/#primaryimage"},"image":{"@id":"https:\/\/lojasosprofessoratividades.com.br\/produto\/a-construcao-de-brasilia-atividades-e-resumo-ilustrado\/#primaryimage"},"thumbnailUrl":"https:\/\/lojasosprofessoratividades.com.br\/wp-content\/uploads\/2026\/04\/A-construcao-de-Brasilia-1.jpg","datePublished":"2026-04-08T10:51:18+00:00","description":"Material completo sobre a constru\u00e7\u00e3o de Bras\u00edlia (1956\u20131960) com resumo ilustrado, atividades, roteiro de aula e gabarito. Ideal para o Ensino Fundamental.","breadcrumb":{"@id":"https:\/\/lojasosprofessoratividades.com.br\/produto\/a-construcao-de-brasilia-atividades-e-resumo-ilustrado\/#breadcrumb"},"inLanguage":"en-US","potentialAction":[{"@type":"ReadAction","target":["https:\/\/lojasosprofessoratividades.com.br\/produto\/a-construcao-de-brasilia-atividades-e-resumo-ilustrado\/"]}]},{"@type":"ImageObject","inLanguage":"en-US","@id":"https:\/\/lojasosprofessoratividades.com.br\/produto\/a-construcao-de-brasilia-atividades-e-resumo-ilustrado\/#primaryimage","url":"https:\/\/lojasosprofessoratividades.com.br\/wp-content\/uploads\/2026\/04\/A-construcao-de-Brasilia-1.jpg","contentUrl":"https:\/\/lojasosprofessoratividades.com.br\/wp-content\/uploads\/2026\/04\/A-construcao-de-Brasilia-1.jpg","width":800,"height":693,"caption":"A constru\u00e7\u00e3o de Bras\u00edlia"},{"@type":"BreadcrumbList","@id":"https:\/\/lojasosprofessoratividades.com.br\/produto\/a-construcao-de-brasilia-atividades-e-resumo-ilustrado\/#breadcrumb","itemListElement":[{"@type":"ListItem","position":1,"name":"In\u00edcio","item":"https:\/\/lojasosprofessoratividades.com.br\/"},{"@type":"ListItem","position":2,"name":"Loja","item":"https:\/\/lojasosprofessoratividades.com.br\/loja\/"},{"@type":"ListItem","position":3,"name":"A Constru\u00e7\u00e3o de Bras\u00edlia: Atividades e resumo ilustrado"}]},{"@type":"WebSite","@id":"https:\/\/lojasosprofessoratividades.com.br\/#website","url":"https:\/\/lojasosprofessoratividades.com.br\/","name":"Loja SOS Professor Atividades","description":"Venda de material did\u00e1tico para o ensino fundamental","publisher":{"@id":"https:\/\/lojasosprofessoratividades.com.br\/#organization"},"potentialAction":[{"@type":"SearchAction","target":{"@type":"EntryPoint","urlTemplate":"https:\/\/lojasosprofessoratividades.com.br\/?s={search_term_string}"},"query-input":{"@type":"PropertyValueSpecification","valueRequired":true,"valueName":"search_term_string"}}],"inLanguage":"en-US"},{"@type":"Organization","@id":"https:\/\/lojasosprofessoratividades.com.br\/#organization","name":"Loja SOS Professor Atividades","url":"https:\/\/lojasosprofessoratividades.com.br\/","logo":{"@type":"ImageObject","inLanguage":"en-US","@id":"https:\/\/lojasosprofessoratividades.com.br\/#\/schema\/logo\/image\/","url":"http:\/\/lojasosprofessoratividades.com.br\/wp-content\/uploads\/2022\/04\/Logo.png","contentUrl":"http:\/\/lojasosprofessoratividades.com.br\/wp-content\/uploads\/2022\/04\/Logo.png","width":2000,"height":2000,"caption":"Loja SOS Professor Atividades"},"image":{"@id":"https:\/\/lojasosprofessoratividades.com.br\/#\/schema\/logo\/image\/"},"sameAs":["https:\/\/www.facebook.com\/sosprofessoratividades","https:\/\/www.instagram.com\/sosprofessoratividades\/"]}]}},"_links":{"self":[{"href":"https:\/\/lojasosprofessoratividades.com.br\/en\/wp-json\/wp\/v2\/product\/38525","targetHints":{"allow":["GET"]}}],"collection":[{"href":"https:\/\/lojasosprofessoratividades.com.br\/en\/wp-json\/wp\/v2\/product"}],"about":[{"href":"https:\/\/lojasosprofessoratividades.com.br\/en\/wp-json\/wp\/v2\/types\/product"}],"replies":[{"embeddable":true,"href":"https:\/\/lojasosprofessoratividades.com.br\/en\/wp-json\/wp\/v2\/comments?post=38525"}],"wp:featuredmedia":[{"embeddable":true,"href":"https:\/\/lojasosprofessoratividades.com.br\/en\/wp-json\/wp\/v2\/media\/38526"}],"wp:attachment":[{"href":"https:\/\/lojasosprofessoratividades.com.br\/en\/wp-json\/wp\/v2\/media?parent=38525"}],"wp:term":[{"taxonomy":"product_brand","embeddable":true,"href":"https:\/\/lojasosprofessoratividades.com.br\/en\/wp-json\/wp\/v2\/product_brand?post=38525"},{"taxonomy":"product_cat","embeddable":true,"href":"https:\/\/lojasosprofessoratividades.com.br\/en\/wp-json\/wp\/v2\/product_cat?post=38525"},{"taxonomy":"product_tag","embeddable":true,"href":"https:\/\/lojasosprofessoratividades.com.br\/en\/wp-json\/wp\/v2\/product_tag?post=38525"}],"curies":[{"name":"wp","href":"https:\/\/api.w.org\/{rel}","templated":true}]}}