{"id":38544,"date":"2026-04-09T11:19:32","date_gmt":"2026-04-09T14:19:32","guid":{"rendered":"https:\/\/lojasosprofessoratividades.com.br\/?post_type=product&#038;p=38544"},"modified":"2026-04-09T11:19:32","modified_gmt":"2026-04-09T14:19:32","slug":"atividades-sobre-tiradentes-para-imprimir","status":"publish","type":"product","link":"https:\/\/lojasosprofessoratividades.com.br\/en\/product\/atividades-sobre-tiradentes-para-imprimir\/","title":{"rendered":"Atividades sobre Tiradentes para imprimir"},"content":{"rendered":"","protected":false},"excerpt":{"rendered":"<p data-start=\"167\" data-end=\"291\">Procurando um material pronto, did\u00e1tico e envolvente para trabalhar o <strong data-start=\"237\" data-end=\"272\">Dia de Tiradentes (21 de abril)<\/strong> em sala de aula?<\/p>\n<p data-start=\"293\" data-end=\"502\">Este <strong data-start=\"298\" data-end=\"363\">arquivo completo de atividades sobre Tiradentes para imprimir<\/strong> foi desenvolvido especialmente para professores do Ensino Fundamental que desejam ensinar Hist\u00f3ria de forma clara, visual e significativa.<\/p>\n<h3 data-section-id=\"12u3xof\" data-start=\"509\" data-end=\"539\">O que voc\u00ea vai receber:<\/h3>\n<p data-start=\"541\" data-end=\"897\">\u2714 <strong data-start=\"543\" data-end=\"562\">Texto ilustrado<\/strong> \u2013 explica\u00e7\u00e3o simples e contextualizada sobre Tiradentes<br data-start=\"618\" data-end=\"621\" \/>\u2714 <strong data-start=\"623\" data-end=\"658\">Atividade objetiva com gabarito<\/strong> \u2013 ideal para fixa\u00e7\u00e3o e avalia\u00e7\u00e3o<br data-start=\"691\" data-end=\"694\" \/>\u2714 <strong data-start=\"696\" data-end=\"725\">Resumo ilustrado colorido<\/strong> \u2013 perfeito para explica\u00e7\u00e3o em sala<br data-start=\"760\" data-end=\"763\" \/>\u2714 <strong data-start=\"765\" data-end=\"788\">Vers\u00e3o para colorir<\/strong> \u2013 estimula o aprendizado l\u00fadico<br data-start=\"820\" data-end=\"823\" \/>\u2714 <strong data-start=\"825\" data-end=\"848\">P\u00f4ster 3&#215;3 colorido<\/strong> \u2013 monte um cartaz grande para sua sala de aula<\/p>\n<h3 data-section-id=\"1w88006\" data-start=\"904\" data-end=\"941\">Por que este material \u00e9 ideal?<\/h3>\n<ul data-start=\"943\" data-end=\"1187\">\n<li data-section-id=\"s8lj9o\" data-start=\"943\" data-end=\"987\">Linguagem acess\u00edvel para <strong data-start=\"970\" data-end=\"985\">4\u00ba e 5\u00ba ano<\/strong><\/li>\n<li data-section-id=\"etj9bm\" data-start=\"988\" data-end=\"1031\">Conte\u00fado alinhado ao ensino de Hist\u00f3ria<\/li>\n<li data-section-id=\"ud4pcn\" data-start=\"1032\" data-end=\"1088\">Material visual que aumenta o engajamento dos alunos<\/li>\n<li data-section-id=\"1bdggvf\" data-start=\"1089\" data-end=\"1139\">Pronto para imprimir e usar (economize tempo!)<\/li>\n<li data-section-id=\"x9ngu8\" data-start=\"1140\" data-end=\"1187\">Perfeito para datas comemorativas escolares<\/li>\n<\/ul>\n<h3 data-section-id=\"rvq5zi\" data-start=\"1461\" data-end=\"1482\">Garanta agora!<\/h3>\n<p data-start=\"1483\" data-end=\"1593\">Tenha em m\u00e3os um <strong data-start=\"1500\" data-end=\"1541\">material completo, pr\u00e1tico e atrativo<\/strong> para trabalhar o Dia de Tiradentes com seus alunos.<\/p>\n<h3>N\u00e3o enviamos por e-mail, a entrega \u00e9 via link para download.\u00a0<img decoding=\"async\" class=\"emoji\" role=\"img\" draggable=\"false\" src=\"https:\/\/s.w.org\/images\/core\/emoji\/17.0.2\/svg\/1f447.svg\" alt=\"\ud83d\udc47\" \/><\/h3>\n<p><img loading=\"lazy\" decoding=\"async\" class=\"alignnone wp-image-38009 size-full\" src=\"https:\/\/lojasosprofessoratividades.com.br\/wp-content\/uploads\/2026\/02\/Como-baixar-2.jpg\" alt=\"\" width=\"446\" height=\"251\" srcset=\"https:\/\/lojasosprofessoratividades.com.br\/wp-content\/uploads\/2026\/02\/Como-baixar-2.jpg 446w, https:\/\/lojasosprofessoratividades.com.br\/wp-content\/uploads\/2026\/02\/Como-baixar-2-300x169.jpg 300w, https:\/\/lojasosprofessoratividades.com.br\/wp-content\/uploads\/2026\/02\/Como-baixar-2-18x10.jpg 18w\" sizes=\"auto, (max-width: 446px) 100vw, 446px\" \/><\/p>","protected":false},"featured_media":38548,"comment_status":"open","ping_status":"closed","template":"","meta":[],"product_brand":[],"product_cat":[125,127,216,218,192,207],"product_tag":[3675,3677,3676,3681,3679,3678,3680,460],"class_list":{"0":"post-38544","1":"product","2":"type-product","3":"status-publish","4":"has-post-thumbnail","6":"product_cat-4o-ano","7":"product_cat-5o-ano","8":"product_cat-data-comemorativa-4-ano","9":"product_cat-data-comemorativa-5-ano","10":"product_cat-historia-4-ano","11":"product_cat-historia-5-ano","12":"product_tag-atividade-tiradentes-para-imprimir","13":"product_tag-atividades-5o-ano-tiradentes","14":"product_tag-atividades-de-historia-4o-ano","15":"product_tag-atividades-ensino-fundamental-historia","16":"product_tag-dia-de-tiradentes-educacao","17":"product_tag-inconfidencia-mineira-atividades","18":"product_tag-material-didatico-tiradentes-pdf","19":"product_tag-tiradentes","21":"first","22":"instock","23":"downloadable","24":"sold-individually","25":"shipping-taxable","26":"purchasable","27":"product-type-simple"},"yoast_head":"<!-- This site is optimized with the Yoast SEO plugin v27.3 - https:\/\/yoast.com\/product\/yoast-seo-wordpress\/ -->\n<title>Atividades sobre Tiradentes para imprimir - Loja SOS Professor Atividades<\/title>\n<meta name=\"description\" content=\"Atividades sobre Tiradentes para imprimir: texto ilustrado, exerc\u00edcios com gabarito, resumo colorido e p\u00f4ster 3x3. Ideal para 4\u00ba e 5\u00ba ano. Baixe agora!\" \/>\n<meta name=\"robots\" content=\"index, follow, max-snippet:-1, max-image-preview:large, max-video-preview:-1\" \/>\n<link rel=\"canonical\" href=\"https:\/\/lojasosprofessoratividades.com.br\/en\/product\/atividades-sobre-tiradentes-para-imprimir\/\" \/>\n<meta property=\"og:locale\" content=\"en_US\" \/>\n<meta property=\"og:type\" content=\"article\" \/>\n<meta property=\"og:title\" content=\"Atividades sobre Tiradentes para imprimir - Loja SOS Professor Atividades\" \/>\n<meta property=\"og:description\" content=\"Atividades sobre Tiradentes para imprimir: texto ilustrado, exerc\u00edcios com gabarito, resumo colorido e p\u00f4ster 3x3. Ideal para 4\u00ba e 5\u00ba ano. Baixe agora!\" \/>\n<meta property=\"og:url\" content=\"https:\/\/lojasosprofessoratividades.com.br\/en\/product\/atividades-sobre-tiradentes-para-imprimir\/\" \/>\n<meta property=\"og:site_name\" content=\"Loja SOS Professor Atividades\" \/>\n<meta property=\"article:publisher\" content=\"https:\/\/www.facebook.com\/sosprofessoratividades\" \/>\n<meta property=\"og:image\" content=\"https:\/\/lojasosprofessoratividades.com.br\/wp-content\/uploads\/2026\/04\/Atividades-sobre-Tiradentes-1.png\" \/>\n\t<meta property=\"og:image:width\" content=\"800\" \/>\n\t<meta property=\"og:image:height\" content=\"693\" \/>\n\t<meta property=\"og:image:type\" content=\"image\/png\" \/>\n<meta name=\"twitter:card\" content=\"summary_large_image\" \/>\n<meta name=\"twitter:label1\" content=\"Est. reading time\" \/>\n\t<meta name=\"twitter:data1\" content=\"1 minute\" \/>\n<script type=\"application\/ld+json\" class=\"yoast-schema-graph\">{\"@context\":\"https:\\\/\\\/schema.org\",\"@graph\":[{\"@type\":\"WebPage\",\"@id\":\"https:\\\/\\\/lojasosprofessoratividades.com.br\\\/produto\\\/atividades-sobre-tiradentes-para-imprimir\\\/\",\"url\":\"https:\\\/\\\/lojasosprofessoratividades.com.br\\\/produto\\\/atividades-sobre-tiradentes-para-imprimir\\\/\",\"name\":\"Atividades sobre Tiradentes para imprimir - Loja SOS Professor Atividades\",\"isPartOf\":{\"@id\":\"https:\\\/\\\/lojasosprofessoratividades.com.br\\\/#website\"},\"primaryImageOfPage\":{\"@id\":\"https:\\\/\\\/lojasosprofessoratividades.com.br\\\/produto\\\/atividades-sobre-tiradentes-para-imprimir\\\/#primaryimage\"},\"image\":{\"@id\":\"https:\\\/\\\/lojasosprofessoratividades.com.br\\\/produto\\\/atividades-sobre-tiradentes-para-imprimir\\\/#primaryimage\"},\"thumbnailUrl\":\"https:\\\/\\\/lojasosprofessoratividades.com.br\\\/wp-content\\\/uploads\\\/2026\\\/04\\\/Atividades-sobre-Tiradentes-1.png\",\"datePublished\":\"2026-04-09T14:19:32+00:00\",\"description\":\"Atividades sobre Tiradentes para imprimir: texto ilustrado, exerc\u00edcios com gabarito, resumo colorido e p\u00f4ster 3x3. Ideal para 4\u00ba e 5\u00ba ano. Baixe agora!\",\"breadcrumb\":{\"@id\":\"https:\\\/\\\/lojasosprofessoratividades.com.br\\\/produto\\\/atividades-sobre-tiradentes-para-imprimir\\\/#breadcrumb\"},\"inLanguage\":\"en-US\",\"potentialAction\":[{\"@type\":\"ReadAction\",\"target\":[\"https:\\\/\\\/lojasosprofessoratividades.com.br\\\/produto\\\/atividades-sobre-tiradentes-para-imprimir\\\/\"]}]},{\"@type\":\"ImageObject\",\"inLanguage\":\"en-US\",\"@id\":\"https:\\\/\\\/lojasosprofessoratividades.com.br\\\/produto\\\/atividades-sobre-tiradentes-para-imprimir\\\/#primaryimage\",\"url\":\"https:\\\/\\\/lojasosprofessoratividades.com.br\\\/wp-content\\\/uploads\\\/2026\\\/04\\\/Atividades-sobre-Tiradentes-1.png\",\"contentUrl\":\"https:\\\/\\\/lojasosprofessoratividades.com.br\\\/wp-content\\\/uploads\\\/2026\\\/04\\\/Atividades-sobre-Tiradentes-1.png\",\"width\":800,\"height\":693,\"caption\":\"Atividades sobre Tiradentes\"},{\"@type\":\"BreadcrumbList\",\"@id\":\"https:\\\/\\\/lojasosprofessoratividades.com.br\\\/produto\\\/atividades-sobre-tiradentes-para-imprimir\\\/#breadcrumb\",\"itemListElement\":[{\"@type\":\"ListItem\",\"position\":1,\"name\":\"In\u00edcio\",\"item\":\"https:\\\/\\\/lojasosprofessoratividades.com.br\\\/\"},{\"@type\":\"ListItem\",\"position\":2,\"name\":\"Loja\",\"item\":\"https:\\\/\\\/lojasosprofessoratividades.com.br\\\/loja\\\/\"},{\"@type\":\"ListItem\",\"position\":3,\"name\":\"Atividades sobre Tiradentes para imprimir\"}]},{\"@type\":\"WebSite\",\"@id\":\"https:\\\/\\\/lojasosprofessoratividades.com.br\\\/#website\",\"url\":\"https:\\\/\\\/lojasosprofessoratividades.com.br\\\/\",\"name\":\"Loja SOS Professor Atividades\",\"description\":\"Venda de material did\u00e1tico para o ensino fundamental\",\"publisher\":{\"@id\":\"https:\\\/\\\/lojasosprofessoratividades.com.br\\\/#organization\"},\"potentialAction\":[{\"@type\":\"SearchAction\",\"target\":{\"@type\":\"EntryPoint\",\"urlTemplate\":\"https:\\\/\\\/lojasosprofessoratividades.com.br\\\/?s={search_term_string}\"},\"query-input\":{\"@type\":\"PropertyValueSpecification\",\"valueRequired\":true,\"valueName\":\"search_term_string\"}}],\"inLanguage\":\"en-US\"},{\"@type\":\"Organization\",\"@id\":\"https:\\\/\\\/lojasosprofessoratividades.com.br\\\/#organization\",\"name\":\"Loja SOS Professor Atividades\",\"url\":\"https:\\\/\\\/lojasosprofessoratividades.com.br\\\/\",\"logo\":{\"@type\":\"ImageObject\",\"inLanguage\":\"en-US\",\"@id\":\"https:\\\/\\\/lojasosprofessoratividades.com.br\\\/#\\\/schema\\\/logo\\\/image\\\/\",\"url\":\"http:\\\/\\\/lojasosprofessoratividades.com.br\\\/wp-content\\\/uploads\\\/2022\\\/04\\\/Logo.png\",\"contentUrl\":\"http:\\\/\\\/lojasosprofessoratividades.com.br\\\/wp-content\\\/uploads\\\/2022\\\/04\\\/Logo.png\",\"width\":2000,\"height\":2000,\"caption\":\"Loja SOS Professor Atividades\"},\"image\":{\"@id\":\"https:\\\/\\\/lojasosprofessoratividades.com.br\\\/#\\\/schema\\\/logo\\\/image\\\/\"},\"sameAs\":[\"https:\\\/\\\/www.facebook.com\\\/sosprofessoratividades\",\"https:\\\/\\\/www.instagram.com\\\/sosprofessoratividades\\\/\"]}]}<\/script>\n<!-- \/ Yoast SEO plugin. -->","yoast_head_json":{"title":"Atividades sobre Tiradentes para imprimir - Loja SOS Professor Atividades","description":"Atividades sobre Tiradentes para imprimir: texto ilustrado, exerc\u00edcios com gabarito, resumo colorido e p\u00f4ster 3x3. Ideal para 4\u00ba e 5\u00ba ano. Baixe agora!","robots":{"index":"index","follow":"follow","max-snippet":"max-snippet:-1","max-image-preview":"max-image-preview:large","max-video-preview":"max-video-preview:-1"},"canonical":"https:\/\/lojasosprofessoratividades.com.br\/en\/product\/atividades-sobre-tiradentes-para-imprimir\/","og_locale":"en_US","og_type":"article","og_title":"Atividades sobre Tiradentes para imprimir - Loja SOS Professor Atividades","og_description":"Atividades sobre Tiradentes para imprimir: texto ilustrado, exerc\u00edcios com gabarito, resumo colorido e p\u00f4ster 3x3. Ideal para 4\u00ba e 5\u00ba ano. Baixe agora!","og_url":"https:\/\/lojasosprofessoratividades.com.br\/en\/product\/atividades-sobre-tiradentes-para-imprimir\/","og_site_name":"Loja SOS Professor Atividades","article_publisher":"https:\/\/www.facebook.com\/sosprofessoratividades","og_image":[{"width":800,"height":693,"url":"https:\/\/lojasosprofessoratividades.com.br\/wp-content\/uploads\/2026\/04\/Atividades-sobre-Tiradentes-1.png","type":"image\/png"}],"twitter_card":"summary_large_image","twitter_misc":{"Est. reading time":"1 minute"},"schema":{"@context":"https:\/\/schema.org","@graph":[{"@type":"WebPage","@id":"https:\/\/lojasosprofessoratividades.com.br\/produto\/atividades-sobre-tiradentes-para-imprimir\/","url":"https:\/\/lojasosprofessoratividades.com.br\/produto\/atividades-sobre-tiradentes-para-imprimir\/","name":"Atividades sobre Tiradentes para imprimir - Loja SOS Professor Atividades","isPartOf":{"@id":"https:\/\/lojasosprofessoratividades.com.br\/#website"},"primaryImageOfPage":{"@id":"https:\/\/lojasosprofessoratividades.com.br\/produto\/atividades-sobre-tiradentes-para-imprimir\/#primaryimage"},"image":{"@id":"https:\/\/lojasosprofessoratividades.com.br\/produto\/atividades-sobre-tiradentes-para-imprimir\/#primaryimage"},"thumbnailUrl":"https:\/\/lojasosprofessoratividades.com.br\/wp-content\/uploads\/2026\/04\/Atividades-sobre-Tiradentes-1.png","datePublished":"2026-04-09T14:19:32+00:00","description":"Atividades sobre Tiradentes para imprimir: texto ilustrado, exerc\u00edcios com gabarito, resumo colorido e p\u00f4ster 3x3. Ideal para 4\u00ba e 5\u00ba ano. Baixe agora!","breadcrumb":{"@id":"https:\/\/lojasosprofessoratividades.com.br\/produto\/atividades-sobre-tiradentes-para-imprimir\/#breadcrumb"},"inLanguage":"en-US","potentialAction":[{"@type":"ReadAction","target":["https:\/\/lojasosprofessoratividades.com.br\/produto\/atividades-sobre-tiradentes-para-imprimir\/"]}]},{"@type":"ImageObject","inLanguage":"en-US","@id":"https:\/\/lojasosprofessoratividades.com.br\/produto\/atividades-sobre-tiradentes-para-imprimir\/#primaryimage","url":"https:\/\/lojasosprofessoratividades.com.br\/wp-content\/uploads\/2026\/04\/Atividades-sobre-Tiradentes-1.png","contentUrl":"https:\/\/lojasosprofessoratividades.com.br\/wp-content\/uploads\/2026\/04\/Atividades-sobre-Tiradentes-1.png","width":800,"height":693,"caption":"Atividades sobre Tiradentes"},{"@type":"BreadcrumbList","@id":"https:\/\/lojasosprofessoratividades.com.br\/produto\/atividades-sobre-tiradentes-para-imprimir\/#breadcrumb","itemListElement":[{"@type":"ListItem","position":1,"name":"In\u00edcio","item":"https:\/\/lojasosprofessoratividades.com.br\/"},{"@type":"ListItem","position":2,"name":"Loja","item":"https:\/\/lojasosprofessoratividades.com.br\/loja\/"},{"@type":"ListItem","position":3,"name":"Atividades sobre Tiradentes para imprimir"}]},{"@type":"WebSite","@id":"https:\/\/lojasosprofessoratividades.com.br\/#website","url":"https:\/\/lojasosprofessoratividades.com.br\/","name":"Loja SOS Professor Atividades","description":"Venda de material did\u00e1tico para o ensino fundamental","publisher":{"@id":"https:\/\/lojasosprofessoratividades.com.br\/#organization"},"potentialAction":[{"@type":"SearchAction","target":{"@type":"EntryPoint","urlTemplate":"https:\/\/lojasosprofessoratividades.com.br\/?s={search_term_string}"},"query-input":{"@type":"PropertyValueSpecification","valueRequired":true,"valueName":"search_term_string"}}],"inLanguage":"en-US"},{"@type":"Organization","@id":"https:\/\/lojasosprofessoratividades.com.br\/#organization","name":"Loja SOS Professor Atividades","url":"https:\/\/lojasosprofessoratividades.com.br\/","logo":{"@type":"ImageObject","inLanguage":"en-US","@id":"https:\/\/lojasosprofessoratividades.com.br\/#\/schema\/logo\/image\/","url":"http:\/\/lojasosprofessoratividades.com.br\/wp-content\/uploads\/2022\/04\/Logo.png","contentUrl":"http:\/\/lojasosprofessoratividades.com.br\/wp-content\/uploads\/2022\/04\/Logo.png","width":2000,"height":2000,"caption":"Loja SOS Professor Atividades"},"image":{"@id":"https:\/\/lojasosprofessoratividades.com.br\/#\/schema\/logo\/image\/"},"sameAs":["https:\/\/www.facebook.com\/sosprofessoratividades","https:\/\/www.instagram.com\/sosprofessoratividades\/"]}]}},"_links":{"self":[{"href":"https:\/\/lojasosprofessoratividades.com.br\/en\/wp-json\/wp\/v2\/product\/38544","targetHints":{"allow":["GET"]}}],"collection":[{"href":"https:\/\/lojasosprofessoratividades.com.br\/en\/wp-json\/wp\/v2\/product"}],"about":[{"href":"https:\/\/lojasosprofessoratividades.com.br\/en\/wp-json\/wp\/v2\/types\/product"}],"replies":[{"embeddable":true,"href":"https:\/\/lojasosprofessoratividades.com.br\/en\/wp-json\/wp\/v2\/comments?post=38544"}],"wp:featuredmedia":[{"embeddable":true,"href":"https:\/\/lojasosprofessoratividades.com.br\/en\/wp-json\/wp\/v2\/media\/38548"}],"wp:attachment":[{"href":"https:\/\/lojasosprofessoratividades.com.br\/en\/wp-json\/wp\/v2\/media?parent=38544"}],"wp:term":[{"taxonomy":"product_brand","embeddable":true,"href":"https:\/\/lojasosprofessoratividades.com.br\/en\/wp-json\/wp\/v2\/product_brand?post=38544"},{"taxonomy":"product_cat","embeddable":true,"href":"https:\/\/lojasosprofessoratividades.com.br\/en\/wp-json\/wp\/v2\/product_cat?post=38544"},{"taxonomy":"product_tag","embeddable":true,"href":"https:\/\/lojasosprofessoratividades.com.br\/en\/wp-json\/wp\/v2\/product_tag?post=38544"}],"curies":[{"name":"wp","href":"https:\/\/api.w.org\/{rel}","templated":true}]}}