{"id":38572,"date":"2026-04-12T18:22:59","date_gmt":"2026-04-12T21:22:59","guid":{"rendered":"https:\/\/lojasosprofessoratividades.com.br\/?post_type=product&#038;p=38572"},"modified":"2026-04-12T18:24:10","modified_gmt":"2026-04-12T21:24:10","slug":"dia-do-livro-infantil-atividades-em-pdf-e-cartaz","status":"publish","type":"product","link":"https:\/\/lojasosprofessoratividades.com.br\/en\/product\/dia-do-livro-infantil-atividades-em-pdf-e-cartaz\/","title":{"rendered":"Dia do Livro Infantil \u2013 Atividades em PDF e Cartaz"},"content":{"rendered":"","protected":false},"excerpt":{"rendered":"<p><strong>Enrique\u00e7a sua aula com um material especial sobre leitura e literatura infantil!<\/strong> Este arquivo digital foi criado especialmente para o <strong>Ensino Fundamental<\/strong>, com atividades coloridas e tamb\u00e9m vers\u00f5es para colorir, perfeitas para trabalhar Monteiro Lobato e o Dia Nacional do Livro Infantil.<\/p>\n<h3><strong>O QUE VOC\u00ca RECEBE<\/strong><\/h3>\n<p>\u2714 Arquivo digital em PDF (n\u00e3o edit\u00e1vel)<\/p>\n<p>\u2714 Texto informativo sobre Monteiro Lobato<\/p>\n<p>\u2714 Atividades de interpreta\u00e7\u00e3o coloridas<\/p>\n<p>\u2714 Vers\u00e3o das atividades para colorir \u2714 Cartaz tamanho <strong>A4<\/strong><\/p>\n<p>\u2714 P\u00f4ster ampliado <strong>2&#215;2<\/strong> (4 folhas para montar)<\/p>\n<p>\u2714 Material ideal para imprimir e usar imediatamente<\/p>\n<h3><strong>IMPORTANTE<\/strong><\/h3>\n<p>\ud83d\udccc Arquivo <strong>digital<\/strong> \u2013 nenhum produto f\u00edsico ser\u00e1 enviado<\/p>\n<p>\ud83d\udccc Conte\u00fado <strong>n\u00e3o edit\u00e1vel<\/strong><\/p>\n<p>\ud83d\udccc Ap\u00f3s a compra, fa\u00e7a o download e imprima quando quiser<\/p>\n<h3>N\u00e3o enviamos por e-mail, a entrega \u00e9 via link para download.\u00a0<img decoding=\"async\" class=\"emoji\" role=\"img\" draggable=\"false\" src=\"https:\/\/s.w.org\/images\/core\/emoji\/17.0.2\/svg\/1f447.svg\" alt=\"\ud83d\udc47\" \/><\/h3>\n<p><img loading=\"lazy\" decoding=\"async\" class=\"alignnone wp-image-38009 size-full\" src=\"https:\/\/lojasosprofessoratividades.com.br\/wp-content\/uploads\/2026\/02\/Como-baixar-2.jpg\" alt=\"\" width=\"446\" height=\"251\" srcset=\"https:\/\/lojasosprofessoratividades.com.br\/wp-content\/uploads\/2026\/02\/Como-baixar-2.jpg 446w, https:\/\/lojasosprofessoratividades.com.br\/wp-content\/uploads\/2026\/02\/Como-baixar-2-300x169.jpg 300w, https:\/\/lojasosprofessoratividades.com.br\/wp-content\/uploads\/2026\/02\/Como-baixar-2-18x10.jpg 18w\" sizes=\"auto, (max-width: 446px) 100vw, 446px\" \/><\/p>\n<p>&nbsp;<\/p>","protected":false},"featured_media":38574,"comment_status":"open","ping_status":"closed","template":"","meta":[],"product_brand":[],"product_cat":[117],"product_tag":[750,2749,3682,616,3685,810,1171,3366,3300,455,2264,245,1320,1404,643,1402,1326,3683,549,3684],"class_list":{"0":"post-38572","1":"product","2":"type-product","3":"status-publish","4":"has-post-thumbnail","6":"product_cat-sem-categoria","7":"product_tag-arquivo-digital","8":"product_tag-atividades-coloridas","9":"product_tag-atividades-de-interpretacao","10":"product_tag-atividades-escolares","11":"product_tag-atividades-monteiro-lobato","12":"product_tag-atividades-para-colorir","13":"product_tag-atividades-para-imprimir","14":"product_tag-cartaz-a4","15":"product_tag-datas-comemorativas-escola","16":"product_tag-dia-do-livro-infantil","17":"product_tag-educacao-infantil-e-fundamental","18":"product_tag-ensino-fundamental","19":"product_tag-leitura-e-interpretacao","20":"product_tag-literatura-infantil","21":"product_tag-material-pedagogico","22":"product_tag-monteiro-lobato","23":"product_tag-pdf-educativo","24":"product_tag-poster-2x2","25":"product_tag-recursos-para-professores","26":"product_tag-texto-e-interpretacao-pdf","28":"first","29":"instock","30":"downloadable","31":"sold-individually","32":"shipping-taxable","33":"purchasable","34":"product-type-simple"},"yoast_head":"<!-- This site is optimized with the Yoast SEO plugin v27.4 - https:\/\/yoast.com\/product\/yoast-seo-wordpress\/ -->\n<title>Dia do Livro Infantil \u2013 Atividades em PDF e Cartaz - Loja SOS Professor Atividades<\/title>\n<meta name=\"description\" content=\"Atividades de interpreta\u00e7\u00e3o sobre o Dia do Livro Infantil em PDF, com vers\u00f5es coloridas, para colorir, cartaz A4 e p\u00f4ster 2x2.\" \/>\n<meta name=\"robots\" content=\"index, follow, max-snippet:-1, max-image-preview:large, max-video-preview:-1\" \/>\n<link rel=\"canonical\" href=\"https:\/\/lojasosprofessoratividades.com.br\/en\/product\/dia-do-livro-infantil-atividades-em-pdf-e-cartaz\/\" \/>\n<meta property=\"og:locale\" content=\"en_US\" \/>\n<meta property=\"og:type\" content=\"article\" \/>\n<meta property=\"og:title\" content=\"Dia do Livro Infantil \u2013 Atividades em PDF e Cartaz - Loja SOS Professor Atividades\" \/>\n<meta property=\"og:description\" content=\"Atividades de interpreta\u00e7\u00e3o sobre o Dia do Livro Infantil em PDF, com vers\u00f5es coloridas, para colorir, cartaz A4 e p\u00f4ster 2x2.\" \/>\n<meta property=\"og:url\" content=\"https:\/\/lojasosprofessoratividades.com.br\/en\/product\/dia-do-livro-infantil-atividades-em-pdf-e-cartaz\/\" \/>\n<meta property=\"og:site_name\" content=\"Loja SOS Professor Atividades\" \/>\n<meta property=\"article:publisher\" content=\"https:\/\/www.facebook.com\/sosprofessoratividades\" \/>\n<meta property=\"article:modified_time\" content=\"2026-04-12T21:24:10+00:00\" \/>\n<meta property=\"og:image\" content=\"https:\/\/lojasosprofessoratividades.com.br\/wp-content\/uploads\/2026\/04\/Dia-nacional-do-livro-Inafantil-1.jpg\" \/>\n\t<meta property=\"og:image:width\" content=\"800\" \/>\n\t<meta property=\"og:image:height\" content=\"693\" \/>\n\t<meta property=\"og:image:type\" content=\"image\/jpeg\" \/>\n<meta name=\"twitter:card\" content=\"summary_large_image\" \/>\n<meta name=\"twitter:label1\" content=\"Est. reading time\" \/>\n\t<meta name=\"twitter:data1\" content=\"1 minute\" \/>\n<script type=\"application\/ld+json\" class=\"yoast-schema-graph\">{\"@context\":\"https:\\\/\\\/schema.org\",\"@graph\":[{\"@type\":\"WebPage\",\"@id\":\"https:\\\/\\\/lojasosprofessoratividades.com.br\\\/produto\\\/dia-do-livro-infantil-atividades-em-pdf-e-cartaz\\\/\",\"url\":\"https:\\\/\\\/lojasosprofessoratividades.com.br\\\/produto\\\/dia-do-livro-infantil-atividades-em-pdf-e-cartaz\\\/\",\"name\":\"Dia do Livro Infantil \u2013 Atividades em PDF e Cartaz - Loja SOS Professor Atividades\",\"isPartOf\":{\"@id\":\"https:\\\/\\\/lojasosprofessoratividades.com.br\\\/#website\"},\"primaryImageOfPage\":{\"@id\":\"https:\\\/\\\/lojasosprofessoratividades.com.br\\\/produto\\\/dia-do-livro-infantil-atividades-em-pdf-e-cartaz\\\/#primaryimage\"},\"image\":{\"@id\":\"https:\\\/\\\/lojasosprofessoratividades.com.br\\\/produto\\\/dia-do-livro-infantil-atividades-em-pdf-e-cartaz\\\/#primaryimage\"},\"thumbnailUrl\":\"https:\\\/\\\/lojasosprofessoratividades.com.br\\\/wp-content\\\/uploads\\\/2026\\\/04\\\/Dia-nacional-do-livro-Inafantil-1.jpg\",\"datePublished\":\"2026-04-12T21:22:59+00:00\",\"dateModified\":\"2026-04-12T21:24:10+00:00\",\"description\":\"Atividades de interpreta\u00e7\u00e3o sobre o Dia do Livro Infantil em PDF, com vers\u00f5es coloridas, para colorir, cartaz A4 e p\u00f4ster 2x2.\",\"breadcrumb\":{\"@id\":\"https:\\\/\\\/lojasosprofessoratividades.com.br\\\/produto\\\/dia-do-livro-infantil-atividades-em-pdf-e-cartaz\\\/#breadcrumb\"},\"inLanguage\":\"en-US\",\"potentialAction\":[{\"@type\":\"ReadAction\",\"target\":[\"https:\\\/\\\/lojasosprofessoratividades.com.br\\\/produto\\\/dia-do-livro-infantil-atividades-em-pdf-e-cartaz\\\/\"]}]},{\"@type\":\"ImageObject\",\"inLanguage\":\"en-US\",\"@id\":\"https:\\\/\\\/lojasosprofessoratividades.com.br\\\/produto\\\/dia-do-livro-infantil-atividades-em-pdf-e-cartaz\\\/#primaryimage\",\"url\":\"https:\\\/\\\/lojasosprofessoratividades.com.br\\\/wp-content\\\/uploads\\\/2026\\\/04\\\/Dia-nacional-do-livro-Inafantil-1.jpg\",\"contentUrl\":\"https:\\\/\\\/lojasosprofessoratividades.com.br\\\/wp-content\\\/uploads\\\/2026\\\/04\\\/Dia-nacional-do-livro-Inafantil-1.jpg\",\"width\":800,\"height\":693,\"caption\":\"Dia nacional do livro Infantil\"},{\"@type\":\"BreadcrumbList\",\"@id\":\"https:\\\/\\\/lojasosprofessoratividades.com.br\\\/produto\\\/dia-do-livro-infantil-atividades-em-pdf-e-cartaz\\\/#breadcrumb\",\"itemListElement\":[{\"@type\":\"ListItem\",\"position\":1,\"name\":\"In\u00edcio\",\"item\":\"https:\\\/\\\/lojasosprofessoratividades.com.br\\\/\"},{\"@type\":\"ListItem\",\"position\":2,\"name\":\"Loja\",\"item\":\"https:\\\/\\\/lojasosprofessoratividades.com.br\\\/loja\\\/\"},{\"@type\":\"ListItem\",\"position\":3,\"name\":\"Dia do Livro Infantil \u2013 Atividades em PDF e Cartaz\"}]},{\"@type\":\"WebSite\",\"@id\":\"https:\\\/\\\/lojasosprofessoratividades.com.br\\\/#website\",\"url\":\"https:\\\/\\\/lojasosprofessoratividades.com.br\\\/\",\"name\":\"Loja SOS Professor Atividades\",\"description\":\"Venda de material did\u00e1tico para o ensino fundamental\",\"publisher\":{\"@id\":\"https:\\\/\\\/lojasosprofessoratividades.com.br\\\/#organization\"},\"potentialAction\":[{\"@type\":\"SearchAction\",\"target\":{\"@type\":\"EntryPoint\",\"urlTemplate\":\"https:\\\/\\\/lojasosprofessoratividades.com.br\\\/?s={search_term_string}\"},\"query-input\":{\"@type\":\"PropertyValueSpecification\",\"valueRequired\":true,\"valueName\":\"search_term_string\"}}],\"inLanguage\":\"en-US\"},{\"@type\":\"Organization\",\"@id\":\"https:\\\/\\\/lojasosprofessoratividades.com.br\\\/#organization\",\"name\":\"Loja SOS Professor Atividades\",\"url\":\"https:\\\/\\\/lojasosprofessoratividades.com.br\\\/\",\"logo\":{\"@type\":\"ImageObject\",\"inLanguage\":\"en-US\",\"@id\":\"https:\\\/\\\/lojasosprofessoratividades.com.br\\\/#\\\/schema\\\/logo\\\/image\\\/\",\"url\":\"http:\\\/\\\/lojasosprofessoratividades.com.br\\\/wp-content\\\/uploads\\\/2022\\\/04\\\/Logo.png\",\"contentUrl\":\"http:\\\/\\\/lojasosprofessoratividades.com.br\\\/wp-content\\\/uploads\\\/2022\\\/04\\\/Logo.png\",\"width\":2000,\"height\":2000,\"caption\":\"Loja SOS Professor Atividades\"},\"image\":{\"@id\":\"https:\\\/\\\/lojasosprofessoratividades.com.br\\\/#\\\/schema\\\/logo\\\/image\\\/\"},\"sameAs\":[\"https:\\\/\\\/www.facebook.com\\\/sosprofessoratividades\",\"https:\\\/\\\/www.instagram.com\\\/sosprofessoratividades\\\/\"]}]}<\/script>\n<!-- \/ Yoast SEO plugin. -->","yoast_head_json":{"title":"Dia do Livro Infantil \u2013 Atividades em PDF e Cartaz - Loja SOS Professor Atividades","description":"Atividades de interpreta\u00e7\u00e3o sobre o Dia do Livro Infantil em PDF, com vers\u00f5es coloridas, para colorir, cartaz A4 e p\u00f4ster 2x2.","robots":{"index":"index","follow":"follow","max-snippet":"max-snippet:-1","max-image-preview":"max-image-preview:large","max-video-preview":"max-video-preview:-1"},"canonical":"https:\/\/lojasosprofessoratividades.com.br\/en\/product\/dia-do-livro-infantil-atividades-em-pdf-e-cartaz\/","og_locale":"en_US","og_type":"article","og_title":"Dia do Livro Infantil \u2013 Atividades em PDF e Cartaz - Loja SOS Professor Atividades","og_description":"Atividades de interpreta\u00e7\u00e3o sobre o Dia do Livro Infantil em PDF, com vers\u00f5es coloridas, para colorir, cartaz A4 e p\u00f4ster 2x2.","og_url":"https:\/\/lojasosprofessoratividades.com.br\/en\/product\/dia-do-livro-infantil-atividades-em-pdf-e-cartaz\/","og_site_name":"Loja SOS Professor Atividades","article_publisher":"https:\/\/www.facebook.com\/sosprofessoratividades","article_modified_time":"2026-04-12T21:24:10+00:00","og_image":[{"width":800,"height":693,"url":"https:\/\/lojasosprofessoratividades.com.br\/wp-content\/uploads\/2026\/04\/Dia-nacional-do-livro-Inafantil-1.jpg","type":"image\/jpeg"}],"twitter_card":"summary_large_image","twitter_misc":{"Est. reading time":"1 minute"},"schema":{"@context":"https:\/\/schema.org","@graph":[{"@type":"WebPage","@id":"https:\/\/lojasosprofessoratividades.com.br\/produto\/dia-do-livro-infantil-atividades-em-pdf-e-cartaz\/","url":"https:\/\/lojasosprofessoratividades.com.br\/produto\/dia-do-livro-infantil-atividades-em-pdf-e-cartaz\/","name":"Dia do Livro Infantil \u2013 Atividades em PDF e Cartaz - Loja SOS Professor Atividades","isPartOf":{"@id":"https:\/\/lojasosprofessoratividades.com.br\/#website"},"primaryImageOfPage":{"@id":"https:\/\/lojasosprofessoratividades.com.br\/produto\/dia-do-livro-infantil-atividades-em-pdf-e-cartaz\/#primaryimage"},"image":{"@id":"https:\/\/lojasosprofessoratividades.com.br\/produto\/dia-do-livro-infantil-atividades-em-pdf-e-cartaz\/#primaryimage"},"thumbnailUrl":"https:\/\/lojasosprofessoratividades.com.br\/wp-content\/uploads\/2026\/04\/Dia-nacional-do-livro-Inafantil-1.jpg","datePublished":"2026-04-12T21:22:59+00:00","dateModified":"2026-04-12T21:24:10+00:00","description":"Atividades de interpreta\u00e7\u00e3o sobre o Dia do Livro Infantil em PDF, com vers\u00f5es coloridas, para colorir, cartaz A4 e p\u00f4ster 2x2.","breadcrumb":{"@id":"https:\/\/lojasosprofessoratividades.com.br\/produto\/dia-do-livro-infantil-atividades-em-pdf-e-cartaz\/#breadcrumb"},"inLanguage":"en-US","potentialAction":[{"@type":"ReadAction","target":["https:\/\/lojasosprofessoratividades.com.br\/produto\/dia-do-livro-infantil-atividades-em-pdf-e-cartaz\/"]}]},{"@type":"ImageObject","inLanguage":"en-US","@id":"https:\/\/lojasosprofessoratividades.com.br\/produto\/dia-do-livro-infantil-atividades-em-pdf-e-cartaz\/#primaryimage","url":"https:\/\/lojasosprofessoratividades.com.br\/wp-content\/uploads\/2026\/04\/Dia-nacional-do-livro-Inafantil-1.jpg","contentUrl":"https:\/\/lojasosprofessoratividades.com.br\/wp-content\/uploads\/2026\/04\/Dia-nacional-do-livro-Inafantil-1.jpg","width":800,"height":693,"caption":"Dia nacional do livro Infantil"},{"@type":"BreadcrumbList","@id":"https:\/\/lojasosprofessoratividades.com.br\/produto\/dia-do-livro-infantil-atividades-em-pdf-e-cartaz\/#breadcrumb","itemListElement":[{"@type":"ListItem","position":1,"name":"In\u00edcio","item":"https:\/\/lojasosprofessoratividades.com.br\/"},{"@type":"ListItem","position":2,"name":"Loja","item":"https:\/\/lojasosprofessoratividades.com.br\/loja\/"},{"@type":"ListItem","position":3,"name":"Dia do Livro Infantil \u2013 Atividades em PDF e Cartaz"}]},{"@type":"WebSite","@id":"https:\/\/lojasosprofessoratividades.com.br\/#website","url":"https:\/\/lojasosprofessoratividades.com.br\/","name":"Loja SOS Professor Atividades","description":"Venda de material did\u00e1tico para o ensino fundamental","publisher":{"@id":"https:\/\/lojasosprofessoratividades.com.br\/#organization"},"potentialAction":[{"@type":"SearchAction","target":{"@type":"EntryPoint","urlTemplate":"https:\/\/lojasosprofessoratividades.com.br\/?s={search_term_string}"},"query-input":{"@type":"PropertyValueSpecification","valueRequired":true,"valueName":"search_term_string"}}],"inLanguage":"en-US"},{"@type":"Organization","@id":"https:\/\/lojasosprofessoratividades.com.br\/#organization","name":"Loja SOS Professor Atividades","url":"https:\/\/lojasosprofessoratividades.com.br\/","logo":{"@type":"ImageObject","inLanguage":"en-US","@id":"https:\/\/lojasosprofessoratividades.com.br\/#\/schema\/logo\/image\/","url":"http:\/\/lojasosprofessoratividades.com.br\/wp-content\/uploads\/2022\/04\/Logo.png","contentUrl":"http:\/\/lojasosprofessoratividades.com.br\/wp-content\/uploads\/2022\/04\/Logo.png","width":2000,"height":2000,"caption":"Loja SOS Professor Atividades"},"image":{"@id":"https:\/\/lojasosprofessoratividades.com.br\/#\/schema\/logo\/image\/"},"sameAs":["https:\/\/www.facebook.com\/sosprofessoratividades","https:\/\/www.instagram.com\/sosprofessoratividades\/"]}]}},"_links":{"self":[{"href":"https:\/\/lojasosprofessoratividades.com.br\/en\/wp-json\/wp\/v2\/product\/38572","targetHints":{"allow":["GET"]}}],"collection":[{"href":"https:\/\/lojasosprofessoratividades.com.br\/en\/wp-json\/wp\/v2\/product"}],"about":[{"href":"https:\/\/lojasosprofessoratividades.com.br\/en\/wp-json\/wp\/v2\/types\/product"}],"replies":[{"embeddable":true,"href":"https:\/\/lojasosprofessoratividades.com.br\/en\/wp-json\/wp\/v2\/comments?post=38572"}],"wp:featuredmedia":[{"embeddable":true,"href":"https:\/\/lojasosprofessoratividades.com.br\/en\/wp-json\/wp\/v2\/media\/38574"}],"wp:attachment":[{"href":"https:\/\/lojasosprofessoratividades.com.br\/en\/wp-json\/wp\/v2\/media?parent=38572"}],"wp:term":[{"taxonomy":"product_brand","embeddable":true,"href":"https:\/\/lojasosprofessoratividades.com.br\/en\/wp-json\/wp\/v2\/product_brand?post=38572"},{"taxonomy":"product_cat","embeddable":true,"href":"https:\/\/lojasosprofessoratividades.com.br\/en\/wp-json\/wp\/v2\/product_cat?post=38572"},{"taxonomy":"product_tag","embeddable":true,"href":"https:\/\/lojasosprofessoratividades.com.br\/en\/wp-json\/wp\/v2\/product_tag?post=38572"}],"curies":[{"name":"wp","href":"https:\/\/api.w.org\/{rel}","templated":true}]}}