{"id":38586,"date":"2026-04-12T20:53:32","date_gmt":"2026-04-12T23:53:32","guid":{"rendered":"https:\/\/lojasosprofessoratividades.com.br\/?post_type=product&#038;p=38586"},"modified":"2026-04-12T20:53:33","modified_gmt":"2026-04-12T23:53:33","slug":"missao-artemis-2","status":"publish","type":"product","link":"https:\/\/lojasosprofessoratividades.com.br\/en\/product\/missao-artemis-2\/","title":{"rendered":"Miss\u00e3o Artemis 2"},"content":{"rendered":"","protected":false},"excerpt":{"rendered":"<p>Leve para sua sala um material completo e envolvente sobre a Miss\u00e3o Artemis 2!<br \/>\nPerfeito para trabalhar leitura, ci\u00eancias e tecnologia com alunos do Ensino Fundamental.<\/p>\n<h3><strong>O QUE INCLUI O ARQUIVO<\/strong><\/h3>\n<p>\u2714 Texto ilustrado sobre a Miss\u00e3o Artemis 2<\/p>\n<p>\u2714 Atividades de interpreta\u00e7\u00e3o de texto<\/p>\n<p>\u2714 Cartaz tamanho <strong>A4<\/strong><\/p>\n<p>\u2714 P\u00f4ster ampliado <strong>2&#215;2<\/strong> (4 folhas para montar)<\/p>\n<p>\u2714 Folha para colorir<\/p>\n<p>\u2714 Plano de aula completo (3\u00ba ao 5\u00ba ano)<\/p>\n<p>\u2714 Vers\u00f5es <strong>colorida<\/strong> e <strong>para colorir<\/strong><\/p>\n<p>\u2714 Arquivo <strong>digital e n\u00e3o edit\u00e1vel<\/strong> (PDF)<\/p>\n<h3><strong>INDICADO PARA<\/strong><\/h3>\n<ul>\n<li>Professores do Ensino Fundamental<\/li>\n<li>Aulas de Ci\u00eancias e L\u00edngua Portuguesa<\/li>\n<li>Projetos sobre espa\u00e7o, tecnologia e explora\u00e7\u00e3o lunar<\/li>\n<li>Atividades especiais e murais tem\u00e1ticos<br \/>\n<h3><strong>IMPORTANTE<\/strong><\/h3>\n<\/li>\n<\/ul>\n<p>\ud83d\udccc Arquivo digital \u2014 nenhum produto f\u00edsico ser\u00e1 enviado<\/p>\n<p>\ud83d\udccc Conte\u00fado n\u00e3o edit\u00e1vel<\/p>\n<p>\ud83d\udccc Dispon\u00edvel para download ap\u00f3s a compra<\/p>\n<h3>N\u00e3o enviamos por e-mail, a entrega \u00e9 via link para download.\u00a0<img decoding=\"async\" class=\"emoji\" role=\"img\" draggable=\"false\" src=\"https:\/\/s.w.org\/images\/core\/emoji\/17.0.2\/svg\/1f447.svg\" alt=\"\ud83d\udc47\" \/><\/h3>\n<div><img loading=\"lazy\" decoding=\"async\" class=\"alignnone wp-image-38009 size-full\" src=\"https:\/\/lojasosprofessoratividades.com.br\/wp-content\/uploads\/2026\/02\/Como-baixar-2.jpg\" alt=\"\" width=\"446\" height=\"251\" srcset=\"https:\/\/lojasosprofessoratividades.com.br\/wp-content\/uploads\/2026\/02\/Como-baixar-2.jpg 446w, https:\/\/lojasosprofessoratividades.com.br\/wp-content\/uploads\/2026\/02\/Como-baixar-2-300x169.jpg 300w, https:\/\/lojasosprofessoratividades.com.br\/wp-content\/uploads\/2026\/02\/Como-baixar-2-18x10.jpg 18w\" sizes=\"auto, (max-width: 446px) 100vw, 446px\" \/><\/div>","protected":false},"featured_media":38588,"comment_status":"open","ping_status":"closed","template":"","meta":[],"product_brand":[],"product_cat":[124,125,127,196,206,190],"product_tag":[750,3687,3694,3688,2749,1650,579,810,1171,3693,3366,245,3689,3692,3128,250,643,3686,3690,3691,2474,398,3683,549,2044],"class_list":{"0":"post-38586","1":"product","2":"type-product","3":"status-publish","4":"has-post-thumbnail","6":"product_cat-3o-ano","7":"product_cat-4o-ano","8":"product_cat-5o-ano","9":"product_cat-ciencias-4-ano","10":"product_cat-ciencias-5-ano","11":"product_cat-ciencias-3-ano","12":"product_tag-arquivo-digital","13":"product_tag-artemis-2-pdf","14":"product_tag-atividades-3o-ao-5o-ano","15":"product_tag-atividades-artemis","16":"product_tag-atividades-coloridas","17":"product_tag-atividades-de-ciencias","18":"product_tag-atividades-educativas","19":"product_tag-atividades-para-colorir","20":"product_tag-atividades-para-imprimir","21":"product_tag-atividades-sobre-o-espaco","22":"product_tag-cartaz-a4","23":"product_tag-ensino-fundamental","24":"product_tag-exploracao-espacial","25":"product_tag-foguete-sls","26":"product_tag-folha-para-colorir","27":"product_tag-interpretacao-de-texto","28":"product_tag-material-pedagogico","29":"product_tag-missao-artemis-2","30":"product_tag-nasa","31":"product_tag-nave-orion","32":"product_tag-pdf-nao-editavel","33":"product_tag-plano-de-aula","34":"product_tag-poster-2x2","35":"product_tag-recursos-para-professores","36":"product_tag-texto-ilustrado","38":"first","39":"instock","40":"downloadable","41":"sold-individually","42":"shipping-taxable","43":"purchasable","44":"product-type-simple"},"yoast_head":"<!-- This site is optimized with the Yoast SEO plugin v27.4 - https:\/\/yoast.com\/product\/yoast-seo-wordpress\/ -->\n<title>Miss\u00e3o Artemis 2 - Loja SOS Professor Atividades<\/title>\n<meta name=\"description\" content=\"Arquivo PDF da Miss\u00e3o Artemis 2 com texto ilustrado, interpreta\u00e7\u00e3o, cartaz A4, p\u00f4ster 2x2 e plano de aula. Material colorido e para colorir, n\u00e3o edit\u00e1vel.\" \/>\n<meta name=\"robots\" content=\"index, follow, max-snippet:-1, max-image-preview:large, max-video-preview:-1\" \/>\n<link rel=\"canonical\" href=\"https:\/\/lojasosprofessoratividades.com.br\/en\/product\/missao-artemis-2\/\" \/>\n<meta property=\"og:locale\" content=\"en_US\" \/>\n<meta property=\"og:type\" content=\"article\" \/>\n<meta property=\"og:title\" content=\"Miss\u00e3o Artemis 2 - Loja SOS Professor Atividades\" \/>\n<meta property=\"og:description\" content=\"Arquivo PDF da Miss\u00e3o Artemis 2 com texto ilustrado, interpreta\u00e7\u00e3o, cartaz A4, p\u00f4ster 2x2 e plano de aula. Material colorido e para colorir, n\u00e3o edit\u00e1vel.\" \/>\n<meta property=\"og:url\" content=\"https:\/\/lojasosprofessoratividades.com.br\/en\/product\/missao-artemis-2\/\" \/>\n<meta property=\"og:site_name\" content=\"Loja SOS Professor Atividades\" \/>\n<meta property=\"article:publisher\" content=\"https:\/\/www.facebook.com\/sosprofessoratividades\" \/>\n<meta property=\"article:modified_time\" content=\"2026-04-12T23:53:33+00:00\" \/>\n<meta property=\"og:image\" content=\"https:\/\/lojasosprofessoratividades.com.br\/wp-content\/uploads\/2026\/04\/Missao-Artemis-2-1.jpg\" \/>\n\t<meta property=\"og:image:width\" content=\"800\" \/>\n\t<meta property=\"og:image:height\" content=\"693\" \/>\n\t<meta property=\"og:image:type\" content=\"image\/jpeg\" \/>\n<meta name=\"twitter:card\" content=\"summary_large_image\" \/>\n<meta name=\"twitter:label1\" content=\"Est. reading time\" \/>\n\t<meta name=\"twitter:data1\" content=\"1 minute\" \/>\n<script type=\"application\/ld+json\" class=\"yoast-schema-graph\">{\"@context\":\"https:\\\/\\\/schema.org\",\"@graph\":[{\"@type\":\"WebPage\",\"@id\":\"https:\\\/\\\/lojasosprofessoratividades.com.br\\\/produto\\\/missao-artemis-2\\\/\",\"url\":\"https:\\\/\\\/lojasosprofessoratividades.com.br\\\/produto\\\/missao-artemis-2\\\/\",\"name\":\"Miss\u00e3o Artemis 2 - Loja SOS Professor Atividades\",\"isPartOf\":{\"@id\":\"https:\\\/\\\/lojasosprofessoratividades.com.br\\\/#website\"},\"primaryImageOfPage\":{\"@id\":\"https:\\\/\\\/lojasosprofessoratividades.com.br\\\/produto\\\/missao-artemis-2\\\/#primaryimage\"},\"image\":{\"@id\":\"https:\\\/\\\/lojasosprofessoratividades.com.br\\\/produto\\\/missao-artemis-2\\\/#primaryimage\"},\"thumbnailUrl\":\"https:\\\/\\\/lojasosprofessoratividades.com.br\\\/wp-content\\\/uploads\\\/2026\\\/04\\\/Missao-Artemis-2-1.jpg\",\"datePublished\":\"2026-04-12T23:53:32+00:00\",\"dateModified\":\"2026-04-12T23:53:33+00:00\",\"description\":\"Arquivo PDF da Miss\u00e3o Artemis 2 com texto ilustrado, interpreta\u00e7\u00e3o, cartaz A4, p\u00f4ster 2x2 e plano de aula. Material colorido e para colorir, n\u00e3o edit\u00e1vel.\",\"breadcrumb\":{\"@id\":\"https:\\\/\\\/lojasosprofessoratividades.com.br\\\/produto\\\/missao-artemis-2\\\/#breadcrumb\"},\"inLanguage\":\"en-US\",\"potentialAction\":[{\"@type\":\"ReadAction\",\"target\":[\"https:\\\/\\\/lojasosprofessoratividades.com.br\\\/produto\\\/missao-artemis-2\\\/\"]}]},{\"@type\":\"ImageObject\",\"inLanguage\":\"en-US\",\"@id\":\"https:\\\/\\\/lojasosprofessoratividades.com.br\\\/produto\\\/missao-artemis-2\\\/#primaryimage\",\"url\":\"https:\\\/\\\/lojasosprofessoratividades.com.br\\\/wp-content\\\/uploads\\\/2026\\\/04\\\/Missao-Artemis-2-1.jpg\",\"contentUrl\":\"https:\\\/\\\/lojasosprofessoratividades.com.br\\\/wp-content\\\/uploads\\\/2026\\\/04\\\/Missao-Artemis-2-1.jpg\",\"width\":800,\"height\":693,\"caption\":\"Miss\u00e3o Artemis 2\"},{\"@type\":\"BreadcrumbList\",\"@id\":\"https:\\\/\\\/lojasosprofessoratividades.com.br\\\/produto\\\/missao-artemis-2\\\/#breadcrumb\",\"itemListElement\":[{\"@type\":\"ListItem\",\"position\":1,\"name\":\"In\u00edcio\",\"item\":\"https:\\\/\\\/lojasosprofessoratividades.com.br\\\/\"},{\"@type\":\"ListItem\",\"position\":2,\"name\":\"Loja\",\"item\":\"https:\\\/\\\/lojasosprofessoratividades.com.br\\\/loja\\\/\"},{\"@type\":\"ListItem\",\"position\":3,\"name\":\"Miss\u00e3o Artemis 2\"}]},{\"@type\":\"WebSite\",\"@id\":\"https:\\\/\\\/lojasosprofessoratividades.com.br\\\/#website\",\"url\":\"https:\\\/\\\/lojasosprofessoratividades.com.br\\\/\",\"name\":\"Loja SOS Professor Atividades\",\"description\":\"Venda de material did\u00e1tico para o ensino fundamental\",\"publisher\":{\"@id\":\"https:\\\/\\\/lojasosprofessoratividades.com.br\\\/#organization\"},\"potentialAction\":[{\"@type\":\"SearchAction\",\"target\":{\"@type\":\"EntryPoint\",\"urlTemplate\":\"https:\\\/\\\/lojasosprofessoratividades.com.br\\\/?s={search_term_string}\"},\"query-input\":{\"@type\":\"PropertyValueSpecification\",\"valueRequired\":true,\"valueName\":\"search_term_string\"}}],\"inLanguage\":\"en-US\"},{\"@type\":\"Organization\",\"@id\":\"https:\\\/\\\/lojasosprofessoratividades.com.br\\\/#organization\",\"name\":\"Loja SOS Professor Atividades\",\"url\":\"https:\\\/\\\/lojasosprofessoratividades.com.br\\\/\",\"logo\":{\"@type\":\"ImageObject\",\"inLanguage\":\"en-US\",\"@id\":\"https:\\\/\\\/lojasosprofessoratividades.com.br\\\/#\\\/schema\\\/logo\\\/image\\\/\",\"url\":\"http:\\\/\\\/lojasosprofessoratividades.com.br\\\/wp-content\\\/uploads\\\/2022\\\/04\\\/Logo.png\",\"contentUrl\":\"http:\\\/\\\/lojasosprofessoratividades.com.br\\\/wp-content\\\/uploads\\\/2022\\\/04\\\/Logo.png\",\"width\":2000,\"height\":2000,\"caption\":\"Loja SOS Professor Atividades\"},\"image\":{\"@id\":\"https:\\\/\\\/lojasosprofessoratividades.com.br\\\/#\\\/schema\\\/logo\\\/image\\\/\"},\"sameAs\":[\"https:\\\/\\\/www.facebook.com\\\/sosprofessoratividades\",\"https:\\\/\\\/www.instagram.com\\\/sosprofessoratividades\\\/\"]}]}<\/script>\n<!-- \/ Yoast SEO plugin. -->","yoast_head_json":{"title":"Miss\u00e3o Artemis 2 - Loja SOS Professor Atividades","description":"Arquivo PDF da Miss\u00e3o Artemis 2 com texto ilustrado, interpreta\u00e7\u00e3o, cartaz A4, p\u00f4ster 2x2 e plano de aula. Material colorido e para colorir, n\u00e3o edit\u00e1vel.","robots":{"index":"index","follow":"follow","max-snippet":"max-snippet:-1","max-image-preview":"max-image-preview:large","max-video-preview":"max-video-preview:-1"},"canonical":"https:\/\/lojasosprofessoratividades.com.br\/en\/product\/missao-artemis-2\/","og_locale":"en_US","og_type":"article","og_title":"Miss\u00e3o Artemis 2 - Loja SOS Professor Atividades","og_description":"Arquivo PDF da Miss\u00e3o Artemis 2 com texto ilustrado, interpreta\u00e7\u00e3o, cartaz A4, p\u00f4ster 2x2 e plano de aula. Material colorido e para colorir, n\u00e3o edit\u00e1vel.","og_url":"https:\/\/lojasosprofessoratividades.com.br\/en\/product\/missao-artemis-2\/","og_site_name":"Loja SOS Professor Atividades","article_publisher":"https:\/\/www.facebook.com\/sosprofessoratividades","article_modified_time":"2026-04-12T23:53:33+00:00","og_image":[{"width":800,"height":693,"url":"https:\/\/lojasosprofessoratividades.com.br\/wp-content\/uploads\/2026\/04\/Missao-Artemis-2-1.jpg","type":"image\/jpeg"}],"twitter_card":"summary_large_image","twitter_misc":{"Est. reading time":"1 minute"},"schema":{"@context":"https:\/\/schema.org","@graph":[{"@type":"WebPage","@id":"https:\/\/lojasosprofessoratividades.com.br\/produto\/missao-artemis-2\/","url":"https:\/\/lojasosprofessoratividades.com.br\/produto\/missao-artemis-2\/","name":"Miss\u00e3o Artemis 2 - Loja SOS Professor Atividades","isPartOf":{"@id":"https:\/\/lojasosprofessoratividades.com.br\/#website"},"primaryImageOfPage":{"@id":"https:\/\/lojasosprofessoratividades.com.br\/produto\/missao-artemis-2\/#primaryimage"},"image":{"@id":"https:\/\/lojasosprofessoratividades.com.br\/produto\/missao-artemis-2\/#primaryimage"},"thumbnailUrl":"https:\/\/lojasosprofessoratividades.com.br\/wp-content\/uploads\/2026\/04\/Missao-Artemis-2-1.jpg","datePublished":"2026-04-12T23:53:32+00:00","dateModified":"2026-04-12T23:53:33+00:00","description":"Arquivo PDF da Miss\u00e3o Artemis 2 com texto ilustrado, interpreta\u00e7\u00e3o, cartaz A4, p\u00f4ster 2x2 e plano de aula. Material colorido e para colorir, n\u00e3o edit\u00e1vel.","breadcrumb":{"@id":"https:\/\/lojasosprofessoratividades.com.br\/produto\/missao-artemis-2\/#breadcrumb"},"inLanguage":"en-US","potentialAction":[{"@type":"ReadAction","target":["https:\/\/lojasosprofessoratividades.com.br\/produto\/missao-artemis-2\/"]}]},{"@type":"ImageObject","inLanguage":"en-US","@id":"https:\/\/lojasosprofessoratividades.com.br\/produto\/missao-artemis-2\/#primaryimage","url":"https:\/\/lojasosprofessoratividades.com.br\/wp-content\/uploads\/2026\/04\/Missao-Artemis-2-1.jpg","contentUrl":"https:\/\/lojasosprofessoratividades.com.br\/wp-content\/uploads\/2026\/04\/Missao-Artemis-2-1.jpg","width":800,"height":693,"caption":"Miss\u00e3o Artemis 2"},{"@type":"BreadcrumbList","@id":"https:\/\/lojasosprofessoratividades.com.br\/produto\/missao-artemis-2\/#breadcrumb","itemListElement":[{"@type":"ListItem","position":1,"name":"In\u00edcio","item":"https:\/\/lojasosprofessoratividades.com.br\/"},{"@type":"ListItem","position":2,"name":"Loja","item":"https:\/\/lojasosprofessoratividades.com.br\/loja\/"},{"@type":"ListItem","position":3,"name":"Miss\u00e3o Artemis 2"}]},{"@type":"WebSite","@id":"https:\/\/lojasosprofessoratividades.com.br\/#website","url":"https:\/\/lojasosprofessoratividades.com.br\/","name":"Loja SOS Professor Atividades","description":"Venda de material did\u00e1tico para o ensino fundamental","publisher":{"@id":"https:\/\/lojasosprofessoratividades.com.br\/#organization"},"potentialAction":[{"@type":"SearchAction","target":{"@type":"EntryPoint","urlTemplate":"https:\/\/lojasosprofessoratividades.com.br\/?s={search_term_string}"},"query-input":{"@type":"PropertyValueSpecification","valueRequired":true,"valueName":"search_term_string"}}],"inLanguage":"en-US"},{"@type":"Organization","@id":"https:\/\/lojasosprofessoratividades.com.br\/#organization","name":"Loja SOS Professor Atividades","url":"https:\/\/lojasosprofessoratividades.com.br\/","logo":{"@type":"ImageObject","inLanguage":"en-US","@id":"https:\/\/lojasosprofessoratividades.com.br\/#\/schema\/logo\/image\/","url":"http:\/\/lojasosprofessoratividades.com.br\/wp-content\/uploads\/2022\/04\/Logo.png","contentUrl":"http:\/\/lojasosprofessoratividades.com.br\/wp-content\/uploads\/2022\/04\/Logo.png","width":2000,"height":2000,"caption":"Loja SOS Professor Atividades"},"image":{"@id":"https:\/\/lojasosprofessoratividades.com.br\/#\/schema\/logo\/image\/"},"sameAs":["https:\/\/www.facebook.com\/sosprofessoratividades","https:\/\/www.instagram.com\/sosprofessoratividades\/"]}]}},"_links":{"self":[{"href":"https:\/\/lojasosprofessoratividades.com.br\/en\/wp-json\/wp\/v2\/product\/38586","targetHints":{"allow":["GET"]}}],"collection":[{"href":"https:\/\/lojasosprofessoratividades.com.br\/en\/wp-json\/wp\/v2\/product"}],"about":[{"href":"https:\/\/lojasosprofessoratividades.com.br\/en\/wp-json\/wp\/v2\/types\/product"}],"replies":[{"embeddable":true,"href":"https:\/\/lojasosprofessoratividades.com.br\/en\/wp-json\/wp\/v2\/comments?post=38586"}],"wp:featuredmedia":[{"embeddable":true,"href":"https:\/\/lojasosprofessoratividades.com.br\/en\/wp-json\/wp\/v2\/media\/38588"}],"wp:attachment":[{"href":"https:\/\/lojasosprofessoratividades.com.br\/en\/wp-json\/wp\/v2\/media?parent=38586"}],"wp:term":[{"taxonomy":"product_brand","embeddable":true,"href":"https:\/\/lojasosprofessoratividades.com.br\/en\/wp-json\/wp\/v2\/product_brand?post=38586"},{"taxonomy":"product_cat","embeddable":true,"href":"https:\/\/lojasosprofessoratividades.com.br\/en\/wp-json\/wp\/v2\/product_cat?post=38586"},{"taxonomy":"product_tag","embeddable":true,"href":"https:\/\/lojasosprofessoratividades.com.br\/en\/wp-json\/wp\/v2\/product_tag?post=38586"}],"curies":[{"name":"wp","href":"https:\/\/api.w.org\/{rel}","templated":true}]}}