{"id":38607,"date":"2026-04-13T19:21:12","date_gmt":"2026-04-13T22:21:12","guid":{"rendered":"https:\/\/lojasosprofessoratividades.com.br\/?post_type=product&#038;p=38607"},"modified":"2026-04-13T19:21:13","modified_gmt":"2026-04-13T22:21:13","slug":"carta-de-pero-vaz-de-caminha-atividades-e-plano-de-aula","status":"publish","type":"product","link":"https:\/\/lojasosprofessoratividades.com.br\/en\/product\/carta-de-pero-vaz-de-caminha-atividades-e-plano-de-aula\/","title":{"rendered":"Carta de Pero Vaz de Caminha: Atividades e Plano de Aula"},"content":{"rendered":"","protected":false},"excerpt":{"rendered":"<p data-start=\"73\" data-end=\"290\">Leve para sua sala de aula um material completo, visual e pronto para usar sobre a Carta de Pero Vaz!<\/p>\n<p data-start=\"73\" data-end=\"290\">Ideal para turmas do Ensino Fundamental, com linguagem acess\u00edvel e recursos que facilitam a aprendizagem.<\/p>\n<p data-start=\"292\" data-end=\"545\"><strong data-start=\"295\" data-end=\"322\">O que voc\u00ea vai receber:<\/strong><br \/>\n\u2714\ufe0f Resumo ilustrado da carta (did\u00e1tico e f\u00e1cil de compreender)<br data-start=\"385\" data-end=\"388\" \/>\u2714\ufe0f Atividades de interpreta\u00e7\u00e3o de texto<br data-start=\"427\" data-end=\"430\" \/>\u2714\ufe0f Cartaz em tamanho A4<br data-start=\"453\" data-end=\"456\" \/>\u2714\ufe0f P\u00f4ster ampliado 2&#215;2 (perfeito para mural)<br data-start=\"500\" data-end=\"503\" data-is-only-node=\"\" \/>\u2714\ufe0f Vers\u00e3o colorida + vers\u00e3o para colorir<\/p>\n<p data-start=\"547\" data-end=\"567\">\ud83c\udfaf <strong data-start=\"550\" data-end=\"567\">Diferenciais:<\/strong><\/p>\n<ul data-start=\"568\" data-end=\"728\">\n<li data-section-id=\"qv3j1j\" data-start=\"568\" data-end=\"596\">Material alinhado \u00e0 BNCC<\/li>\n<li data-section-id=\"460m29\" data-start=\"597\" data-end=\"648\">Visual atrativo que prende a aten\u00e7\u00e3o dos alunos<\/li>\n<li data-section-id=\"14s0dq2\" data-start=\"649\" data-end=\"696\">Ideal para aulas din\u00e2micas e significativas<\/li>\n<li data-section-id=\"v1u2ez\" data-start=\"697\" data-end=\"728\">Pronto para imprimir e usar<\/li>\n<\/ul>\n<p data-start=\"730\" data-end=\"790\">\ud83d\udccc <strong data-start=\"733\" data-end=\"745\">Formato:<\/strong> Arquivo digital em PDF<br data-start=\"768\" data-end=\"771\" \/>\u26a0\ufe0f <strong data-start=\"774\" data-end=\"790\">N\u00e3o edit\u00e1vel<\/strong><\/p>\n<p data-start=\"792\" data-end=\"883\">\u00a0Perfeito para trabalhar leitura, hist\u00f3ria e interpreta\u00e7\u00e3o de forma pr\u00e1tica e envolvente!<\/p>\n<h3>N\u00e3o enviamos por e-mail, a entrega \u00e9 via link para download.\u00a0<img decoding=\"async\" class=\"emoji\" role=\"img\" draggable=\"false\" src=\"https:\/\/s.w.org\/images\/core\/emoji\/17.0.2\/svg\/1f447.svg\" alt=\"\ud83d\udc47\" \/><\/h3>\n<p><img loading=\"lazy\" decoding=\"async\" class=\"alignnone wp-image-38009 size-full\" src=\"https:\/\/lojasosprofessoratividades.com.br\/wp-content\/uploads\/2026\/02\/Como-baixar-2.jpg\" alt=\"\" width=\"446\" height=\"251\" srcset=\"https:\/\/lojasosprofessoratividades.com.br\/wp-content\/uploads\/2026\/02\/Como-baixar-2.jpg 446w, https:\/\/lojasosprofessoratividades.com.br\/wp-content\/uploads\/2026\/02\/Como-baixar-2-300x169.jpg 300w, https:\/\/lojasosprofessoratividades.com.br\/wp-content\/uploads\/2026\/02\/Como-baixar-2-18x10.jpg 18w\" sizes=\"auto, (max-width: 446px) 100vw, 446px\" \/><\/p>","protected":false},"featured_media":38609,"comment_status":"open","ping_status":"closed","template":"","meta":[],"product_brand":[],"product_cat":[125,127,216,218,192,207],"product_tag":[928,1558,939,616,1757,3695,662,469,3447,280,250,643,1782,1887,3658],"class_list":{"0":"post-38607","1":"product","2":"type-product","3":"status-publish","4":"has-post-thumbnail","6":"product_cat-4o-ano","7":"product_cat-5o-ano","8":"product_cat-data-comemorativa-4-ano","9":"product_cat-data-comemorativa-5-ano","10":"product_cat-historia-4-ano","11":"product_cat-historia-5-ano","12":"product_tag-atividade-para-colorir","13":"product_tag-atividade-pronta","14":"product_tag-atividades-de-historia","15":"product_tag-atividades-escolares","16":"product_tag-bncc-ensino-fundamental","17":"product_tag-carta-de-pero-vaz-de-caminha","18":"product_tag-cartaz-escolar","19":"product_tag-descobrimento-do-brasil","20":"product_tag-ensino-fundamental-anos-iniciais","21":"product_tag-historia-do-brasil","22":"product_tag-interpretacao-de-texto","23":"product_tag-material-pedagogico","24":"product_tag-plano-de-aula-historia","25":"product_tag-poster-educativo","26":"product_tag-resumo-ilustrado","28":"first","29":"instock","30":"downloadable","31":"sold-individually","32":"shipping-taxable","33":"purchasable","34":"product-type-simple"},"yoast_head":"<!-- This site is optimized with the Yoast SEO plugin v27.4 - https:\/\/yoast.com\/product\/yoast-seo-wordpress\/ -->\n<title>Carta de Pero Vaz de Caminha: Atividades e Plano de Aula - Loja SOS Professor Atividades<\/title>\n<meta name=\"description\" content=\"Carta de Pero Vaz de Caminha: atividades, plano de aula e p\u00f4ster 2x2. Material BNCC com resumo ilustrado e interpreta\u00e7\u00e3o para o Ensino Fundamental.\" \/>\n<meta name=\"robots\" content=\"index, follow, max-snippet:-1, max-image-preview:large, max-video-preview:-1\" \/>\n<link rel=\"canonical\" href=\"https:\/\/lojasosprofessoratividades.com.br\/en\/product\/carta-de-pero-vaz-de-caminha-atividades-e-plano-de-aula\/\" \/>\n<meta property=\"og:locale\" content=\"en_US\" \/>\n<meta property=\"og:type\" content=\"article\" \/>\n<meta property=\"og:title\" content=\"Carta de Pero Vaz de Caminha: Atividades e Plano de Aula - Loja SOS Professor Atividades\" \/>\n<meta property=\"og:description\" content=\"Carta de Pero Vaz de Caminha: atividades, plano de aula e p\u00f4ster 2x2. Material BNCC com resumo ilustrado e interpreta\u00e7\u00e3o para o Ensino Fundamental.\" \/>\n<meta property=\"og:url\" content=\"https:\/\/lojasosprofessoratividades.com.br\/en\/product\/carta-de-pero-vaz-de-caminha-atividades-e-plano-de-aula\/\" \/>\n<meta property=\"og:site_name\" content=\"Loja SOS Professor Atividades\" \/>\n<meta property=\"article:publisher\" content=\"https:\/\/www.facebook.com\/sosprofessoratividades\" \/>\n<meta property=\"article:modified_time\" content=\"2026-04-13T22:21:13+00:00\" \/>\n<meta property=\"og:image\" content=\"https:\/\/lojasosprofessoratividades.com.br\/wp-content\/uploads\/2026\/04\/Carta-de-Pero-Vaz-1.jpg\" \/>\n\t<meta property=\"og:image:width\" content=\"800\" \/>\n\t<meta property=\"og:image:height\" content=\"693\" \/>\n\t<meta property=\"og:image:type\" content=\"image\/jpeg\" \/>\n<meta name=\"twitter:card\" content=\"summary_large_image\" \/>\n<meta name=\"twitter:label1\" content=\"Est. reading time\" \/>\n\t<meta name=\"twitter:data1\" content=\"1 minute\" \/>\n<script type=\"application\/ld+json\" class=\"yoast-schema-graph\">{\"@context\":\"https:\\\/\\\/schema.org\",\"@graph\":[{\"@type\":\"WebPage\",\"@id\":\"https:\\\/\\\/lojasosprofessoratividades.com.br\\\/produto\\\/carta-de-pero-vaz-de-caminha-atividades-e-plano-de-aula\\\/\",\"url\":\"https:\\\/\\\/lojasosprofessoratividades.com.br\\\/produto\\\/carta-de-pero-vaz-de-caminha-atividades-e-plano-de-aula\\\/\",\"name\":\"Carta de Pero Vaz de Caminha: Atividades e Plano de Aula - Loja SOS Professor Atividades\",\"isPartOf\":{\"@id\":\"https:\\\/\\\/lojasosprofessoratividades.com.br\\\/#website\"},\"primaryImageOfPage\":{\"@id\":\"https:\\\/\\\/lojasosprofessoratividades.com.br\\\/produto\\\/carta-de-pero-vaz-de-caminha-atividades-e-plano-de-aula\\\/#primaryimage\"},\"image\":{\"@id\":\"https:\\\/\\\/lojasosprofessoratividades.com.br\\\/produto\\\/carta-de-pero-vaz-de-caminha-atividades-e-plano-de-aula\\\/#primaryimage\"},\"thumbnailUrl\":\"https:\\\/\\\/lojasosprofessoratividades.com.br\\\/wp-content\\\/uploads\\\/2026\\\/04\\\/Carta-de-Pero-Vaz-1.jpg\",\"datePublished\":\"2026-04-13T22:21:12+00:00\",\"dateModified\":\"2026-04-13T22:21:13+00:00\",\"description\":\"Carta de Pero Vaz de Caminha: atividades, plano de aula e p\u00f4ster 2x2. Material BNCC com resumo ilustrado e interpreta\u00e7\u00e3o para o Ensino Fundamental.\",\"breadcrumb\":{\"@id\":\"https:\\\/\\\/lojasosprofessoratividades.com.br\\\/produto\\\/carta-de-pero-vaz-de-caminha-atividades-e-plano-de-aula\\\/#breadcrumb\"},\"inLanguage\":\"en-US\",\"potentialAction\":[{\"@type\":\"ReadAction\",\"target\":[\"https:\\\/\\\/lojasosprofessoratividades.com.br\\\/produto\\\/carta-de-pero-vaz-de-caminha-atividades-e-plano-de-aula\\\/\"]}]},{\"@type\":\"ImageObject\",\"inLanguage\":\"en-US\",\"@id\":\"https:\\\/\\\/lojasosprofessoratividades.com.br\\\/produto\\\/carta-de-pero-vaz-de-caminha-atividades-e-plano-de-aula\\\/#primaryimage\",\"url\":\"https:\\\/\\\/lojasosprofessoratividades.com.br\\\/wp-content\\\/uploads\\\/2026\\\/04\\\/Carta-de-Pero-Vaz-1.jpg\",\"contentUrl\":\"https:\\\/\\\/lojasosprofessoratividades.com.br\\\/wp-content\\\/uploads\\\/2026\\\/04\\\/Carta-de-Pero-Vaz-1.jpg\",\"width\":800,\"height\":693,\"caption\":\"Carta de Pero Vaz\"},{\"@type\":\"BreadcrumbList\",\"@id\":\"https:\\\/\\\/lojasosprofessoratividades.com.br\\\/produto\\\/carta-de-pero-vaz-de-caminha-atividades-e-plano-de-aula\\\/#breadcrumb\",\"itemListElement\":[{\"@type\":\"ListItem\",\"position\":1,\"name\":\"In\u00edcio\",\"item\":\"https:\\\/\\\/lojasosprofessoratividades.com.br\\\/\"},{\"@type\":\"ListItem\",\"position\":2,\"name\":\"Loja\",\"item\":\"https:\\\/\\\/lojasosprofessoratividades.com.br\\\/loja\\\/\"},{\"@type\":\"ListItem\",\"position\":3,\"name\":\"Carta de Pero Vaz de Caminha: Atividades e Plano de Aula\"}]},{\"@type\":\"WebSite\",\"@id\":\"https:\\\/\\\/lojasosprofessoratividades.com.br\\\/#website\",\"url\":\"https:\\\/\\\/lojasosprofessoratividades.com.br\\\/\",\"name\":\"Loja SOS Professor Atividades\",\"description\":\"Venda de material did\u00e1tico para o ensino fundamental\",\"publisher\":{\"@id\":\"https:\\\/\\\/lojasosprofessoratividades.com.br\\\/#organization\"},\"potentialAction\":[{\"@type\":\"SearchAction\",\"target\":{\"@type\":\"EntryPoint\",\"urlTemplate\":\"https:\\\/\\\/lojasosprofessoratividades.com.br\\\/?s={search_term_string}\"},\"query-input\":{\"@type\":\"PropertyValueSpecification\",\"valueRequired\":true,\"valueName\":\"search_term_string\"}}],\"inLanguage\":\"en-US\"},{\"@type\":\"Organization\",\"@id\":\"https:\\\/\\\/lojasosprofessoratividades.com.br\\\/#organization\",\"name\":\"Loja SOS Professor Atividades\",\"url\":\"https:\\\/\\\/lojasosprofessoratividades.com.br\\\/\",\"logo\":{\"@type\":\"ImageObject\",\"inLanguage\":\"en-US\",\"@id\":\"https:\\\/\\\/lojasosprofessoratividades.com.br\\\/#\\\/schema\\\/logo\\\/image\\\/\",\"url\":\"http:\\\/\\\/lojasosprofessoratividades.com.br\\\/wp-content\\\/uploads\\\/2022\\\/04\\\/Logo.png\",\"contentUrl\":\"http:\\\/\\\/lojasosprofessoratividades.com.br\\\/wp-content\\\/uploads\\\/2022\\\/04\\\/Logo.png\",\"width\":2000,\"height\":2000,\"caption\":\"Loja SOS Professor Atividades\"},\"image\":{\"@id\":\"https:\\\/\\\/lojasosprofessoratividades.com.br\\\/#\\\/schema\\\/logo\\\/image\\\/\"},\"sameAs\":[\"https:\\\/\\\/www.facebook.com\\\/sosprofessoratividades\",\"https:\\\/\\\/www.instagram.com\\\/sosprofessoratividades\\\/\"]}]}<\/script>\n<!-- \/ Yoast SEO plugin. -->","yoast_head_json":{"title":"Carta de Pero Vaz de Caminha: Atividades e Plano de Aula - Loja SOS Professor Atividades","description":"Carta de Pero Vaz de Caminha: atividades, plano de aula e p\u00f4ster 2x2. Material BNCC com resumo ilustrado e interpreta\u00e7\u00e3o para o Ensino Fundamental.","robots":{"index":"index","follow":"follow","max-snippet":"max-snippet:-1","max-image-preview":"max-image-preview:large","max-video-preview":"max-video-preview:-1"},"canonical":"https:\/\/lojasosprofessoratividades.com.br\/en\/product\/carta-de-pero-vaz-de-caminha-atividades-e-plano-de-aula\/","og_locale":"en_US","og_type":"article","og_title":"Carta de Pero Vaz de Caminha: Atividades e Plano de Aula - Loja SOS Professor Atividades","og_description":"Carta de Pero Vaz de Caminha: atividades, plano de aula e p\u00f4ster 2x2. Material BNCC com resumo ilustrado e interpreta\u00e7\u00e3o para o Ensino Fundamental.","og_url":"https:\/\/lojasosprofessoratividades.com.br\/en\/product\/carta-de-pero-vaz-de-caminha-atividades-e-plano-de-aula\/","og_site_name":"Loja SOS Professor Atividades","article_publisher":"https:\/\/www.facebook.com\/sosprofessoratividades","article_modified_time":"2026-04-13T22:21:13+00:00","og_image":[{"width":800,"height":693,"url":"https:\/\/lojasosprofessoratividades.com.br\/wp-content\/uploads\/2026\/04\/Carta-de-Pero-Vaz-1.jpg","type":"image\/jpeg"}],"twitter_card":"summary_large_image","twitter_misc":{"Est. reading time":"1 minute"},"schema":{"@context":"https:\/\/schema.org","@graph":[{"@type":"WebPage","@id":"https:\/\/lojasosprofessoratividades.com.br\/produto\/carta-de-pero-vaz-de-caminha-atividades-e-plano-de-aula\/","url":"https:\/\/lojasosprofessoratividades.com.br\/produto\/carta-de-pero-vaz-de-caminha-atividades-e-plano-de-aula\/","name":"Carta de Pero Vaz de Caminha: Atividades e Plano de Aula - Loja SOS Professor Atividades","isPartOf":{"@id":"https:\/\/lojasosprofessoratividades.com.br\/#website"},"primaryImageOfPage":{"@id":"https:\/\/lojasosprofessoratividades.com.br\/produto\/carta-de-pero-vaz-de-caminha-atividades-e-plano-de-aula\/#primaryimage"},"image":{"@id":"https:\/\/lojasosprofessoratividades.com.br\/produto\/carta-de-pero-vaz-de-caminha-atividades-e-plano-de-aula\/#primaryimage"},"thumbnailUrl":"https:\/\/lojasosprofessoratividades.com.br\/wp-content\/uploads\/2026\/04\/Carta-de-Pero-Vaz-1.jpg","datePublished":"2026-04-13T22:21:12+00:00","dateModified":"2026-04-13T22:21:13+00:00","description":"Carta de Pero Vaz de Caminha: atividades, plano de aula e p\u00f4ster 2x2. Material BNCC com resumo ilustrado e interpreta\u00e7\u00e3o para o Ensino Fundamental.","breadcrumb":{"@id":"https:\/\/lojasosprofessoratividades.com.br\/produto\/carta-de-pero-vaz-de-caminha-atividades-e-plano-de-aula\/#breadcrumb"},"inLanguage":"en-US","potentialAction":[{"@type":"ReadAction","target":["https:\/\/lojasosprofessoratividades.com.br\/produto\/carta-de-pero-vaz-de-caminha-atividades-e-plano-de-aula\/"]}]},{"@type":"ImageObject","inLanguage":"en-US","@id":"https:\/\/lojasosprofessoratividades.com.br\/produto\/carta-de-pero-vaz-de-caminha-atividades-e-plano-de-aula\/#primaryimage","url":"https:\/\/lojasosprofessoratividades.com.br\/wp-content\/uploads\/2026\/04\/Carta-de-Pero-Vaz-1.jpg","contentUrl":"https:\/\/lojasosprofessoratividades.com.br\/wp-content\/uploads\/2026\/04\/Carta-de-Pero-Vaz-1.jpg","width":800,"height":693,"caption":"Carta de Pero Vaz"},{"@type":"BreadcrumbList","@id":"https:\/\/lojasosprofessoratividades.com.br\/produto\/carta-de-pero-vaz-de-caminha-atividades-e-plano-de-aula\/#breadcrumb","itemListElement":[{"@type":"ListItem","position":1,"name":"In\u00edcio","item":"https:\/\/lojasosprofessoratividades.com.br\/"},{"@type":"ListItem","position":2,"name":"Loja","item":"https:\/\/lojasosprofessoratividades.com.br\/loja\/"},{"@type":"ListItem","position":3,"name":"Carta de Pero Vaz de Caminha: Atividades e Plano de Aula"}]},{"@type":"WebSite","@id":"https:\/\/lojasosprofessoratividades.com.br\/#website","url":"https:\/\/lojasosprofessoratividades.com.br\/","name":"Loja SOS Professor Atividades","description":"Venda de material did\u00e1tico para o ensino fundamental","publisher":{"@id":"https:\/\/lojasosprofessoratividades.com.br\/#organization"},"potentialAction":[{"@type":"SearchAction","target":{"@type":"EntryPoint","urlTemplate":"https:\/\/lojasosprofessoratividades.com.br\/?s={search_term_string}"},"query-input":{"@type":"PropertyValueSpecification","valueRequired":true,"valueName":"search_term_string"}}],"inLanguage":"en-US"},{"@type":"Organization","@id":"https:\/\/lojasosprofessoratividades.com.br\/#organization","name":"Loja SOS Professor Atividades","url":"https:\/\/lojasosprofessoratividades.com.br\/","logo":{"@type":"ImageObject","inLanguage":"en-US","@id":"https:\/\/lojasosprofessoratividades.com.br\/#\/schema\/logo\/image\/","url":"http:\/\/lojasosprofessoratividades.com.br\/wp-content\/uploads\/2022\/04\/Logo.png","contentUrl":"http:\/\/lojasosprofessoratividades.com.br\/wp-content\/uploads\/2022\/04\/Logo.png","width":2000,"height":2000,"caption":"Loja SOS Professor Atividades"},"image":{"@id":"https:\/\/lojasosprofessoratividades.com.br\/#\/schema\/logo\/image\/"},"sameAs":["https:\/\/www.facebook.com\/sosprofessoratividades","https:\/\/www.instagram.com\/sosprofessoratividades\/"]}]}},"_links":{"self":[{"href":"https:\/\/lojasosprofessoratividades.com.br\/en\/wp-json\/wp\/v2\/product\/38607","targetHints":{"allow":["GET"]}}],"collection":[{"href":"https:\/\/lojasosprofessoratividades.com.br\/en\/wp-json\/wp\/v2\/product"}],"about":[{"href":"https:\/\/lojasosprofessoratividades.com.br\/en\/wp-json\/wp\/v2\/types\/product"}],"replies":[{"embeddable":true,"href":"https:\/\/lojasosprofessoratividades.com.br\/en\/wp-json\/wp\/v2\/comments?post=38607"}],"wp:featuredmedia":[{"embeddable":true,"href":"https:\/\/lojasosprofessoratividades.com.br\/en\/wp-json\/wp\/v2\/media\/38609"}],"wp:attachment":[{"href":"https:\/\/lojasosprofessoratividades.com.br\/en\/wp-json\/wp\/v2\/media?parent=38607"}],"wp:term":[{"taxonomy":"product_brand","embeddable":true,"href":"https:\/\/lojasosprofessoratividades.com.br\/en\/wp-json\/wp\/v2\/product_brand?post=38607"},{"taxonomy":"product_cat","embeddable":true,"href":"https:\/\/lojasosprofessoratividades.com.br\/en\/wp-json\/wp\/v2\/product_cat?post=38607"},{"taxonomy":"product_tag","embeddable":true,"href":"https:\/\/lojasosprofessoratividades.com.br\/en\/wp-json\/wp\/v2\/product_tag?post=38607"}],"curies":[{"name":"wp","href":"https:\/\/api.w.org\/{rel}","templated":true}]}}