{"id":38747,"date":"2026-04-23T15:38:17","date_gmt":"2026-04-23T18:38:17","guid":{"rendered":"https:\/\/lojasosprofessoratividades.com.br\/?post_type=product&#038;p=38747"},"modified":"2026-04-23T15:38:17","modified_gmt":"2026-04-23T18:38:17","slug":"campo-e-cidade-atividades-e-cartazes-para-3o-e-4o-ano","status":"publish","type":"product","link":"https:\/\/lojasosprofessoratividades.com.br\/en\/product\/campo-e-cidade-atividades-e-cartazes-para-3o-e-4o-ano\/","title":{"rendered":"Campo e Cidade \u2013 Atividades e Cartazes para 3\u00ba e 4\u00ba Ano"},"content":{"rendered":"","protected":false},"excerpt":{"rendered":"<p data-start=\"65\" data-end=\"294\">Material completo e pronto para uso para trabalhar a rela\u00e7\u00e3o entre <strong data-start=\"132\" data-end=\"150\">campo e cidade<\/strong> de forma clara, visual e interdisciplinar.<\/p>\n<p data-start=\"65\" data-end=\"294\">Ideal para professores que buscam aulas din\u00e2micas, com leitura, interpreta\u00e7\u00e3o e atividades pr\u00e1ticas.<\/p>\n<p data-start=\"296\" data-end=\"724\"><strong data-start=\"296\" data-end=\"329\">O que voc\u00ea recebe no arquivo:<\/strong><br \/>\n\u2714 Texto ilustrado explicativo sobre campo e cidade<br data-start=\"380\" data-end=\"383\" \/>\u2714 Atividades de interpreta\u00e7\u00e3o e infer\u00eancia<br data-start=\"425\" data-end=\"428\" \/>\u2714 Imagem para colorir (fixa\u00e7\u00e3o do conte\u00fado)<br data-start=\"471\" data-end=\"474\" \/>\u2714 Atividade interativa: \u201cVem do campo ou da cidade?\u201d<br data-start=\"526\" data-end=\"529\" \/>\u2714 Arte 3D Campo e Cidade (recurso visual atrativo)<br data-start=\"579\" data-end=\"582\" \/>\u2714 Cartaz colorido A4 (pronto para amplia\u00e7\u00e3o)<br data-start=\"626\" data-end=\"629\" \/>\u2714 P\u00f4ster colorido 2&#215;2 (ideal para painel)<br data-start=\"670\" data-end=\"673\" \/>\u2714 Plano de aula estruturado<br data-start=\"700\" data-end=\"703\" \/>\u2714 Gabarito completo<\/p>\n<p data-start=\"726\" data-end=\"988\"><strong data-start=\"726\" data-end=\"755\">Diferenciais do material:<\/strong><br \/>\n\u2728 Alinhado \u00e0 BNCC<br data-start=\"773\" data-end=\"776\" \/>\u2728 Linguagem acess\u00edvel para 3\u00ba e 4\u00ba ano<br data-start=\"814\" data-end=\"817\" \/>\u2728 Ideal para aulas interdisciplinares (Geografia + L\u00edngua Portuguesa)<br data-start=\"886\" data-end=\"889\" \/>\u2728 Pronto para imprimir e usar<br data-start=\"918\" data-end=\"921\" \/>\u2728 Facilita a compreens\u00e3o da interdepend\u00eancia entre campo e cidade<\/p>\n<p data-start=\"990\" data-end=\"1034\"><strong data-start=\"993\" data-end=\"1005\">Formato:<\/strong> PDF (arquivo n\u00e3o edit\u00e1vel)<\/p>\n<p data-start=\"1036\" data-end=\"1156\">Perfeito para quem deseja <strong data-start=\"1062\" data-end=\"1098\">economizar tempo no planejamento<\/strong> e oferecer uma aula significativa, visual e envolvente.<\/p>\n<p data-start=\"1158\" data-end=\"1233\" data-is-last-node=\"\" data-is-only-node=\"\">Garanta agora e leve mais praticidade e qualidade para sua sala de aula!<\/p>\n<h3>N\u00e3o enviamos por e-mail, a entrega \u00e9 via link para download.\u00a0<img decoding=\"async\" class=\"emoji\" role=\"img\" draggable=\"false\" src=\"https:\/\/s.w.org\/images\/core\/emoji\/17.0.2\/svg\/1f447.svg\" alt=\"\ud83d\udc47\" \/><\/h3>\n<p><img loading=\"lazy\" decoding=\"async\" class=\"alignnone wp-image-38009 size-full\" src=\"https:\/\/lojasosprofessoratividades.com.br\/wp-content\/uploads\/2026\/02\/Como-baixar-2.jpg\" alt=\"\" width=\"446\" height=\"251\" srcset=\"https:\/\/lojasosprofessoratividades.com.br\/wp-content\/uploads\/2026\/02\/Como-baixar-2.jpg 446w, https:\/\/lojasosprofessoratividades.com.br\/wp-content\/uploads\/2026\/02\/Como-baixar-2-300x169.jpg 300w, https:\/\/lojasosprofessoratividades.com.br\/wp-content\/uploads\/2026\/02\/Como-baixar-2-18x10.jpg 18w\" sizes=\"auto, (max-width: 446px) 100vw, 446px\" \/><\/p>","protected":false},"featured_media":38750,"comment_status":"open","ping_status":"closed","template":"","meta":[],"product_brand":[],"product_cat":[124,125,193,186,195,189],"product_tag":[721,3730,3725,3682,579,1171,375,662,3726,1620,3728,643,3729,1887,234,2044,3727],"class_list":{"0":"post-38747","1":"product","2":"type-product","3":"status-publish","4":"has-post-thumbnail","6":"product_cat-3o-ano","7":"product_cat-4o-ano","8":"product_cat-geografia-4-ano","9":"product_cat-geografia-3-ano","10":"product_cat-portugues-4-ano","11":"product_cat-portugues-3-ano","12":"product_tag-arte-para-colorir","13":"product_tag-atividade-vem-do-campo-vem-da-cidade","14":"product_tag-atividades-campo-e-cidade","15":"product_tag-atividades-de-interpretacao","16":"product_tag-atividades-educativas","17":"product_tag-atividades-para-imprimir","18":"product_tag-bncc","19":"product_tag-cartaz-escolar","20":"product_tag-geografia-3o-ano","21":"product_tag-geografia-4o-ano","22":"product_tag-interdependencia-campo-cidade","23":"product_tag-material-pedagogico","24":"product_tag-plano-de-aula-campo-e-cidade","25":"product_tag-poster-educativo","26":"product_tag-recursos-didaticos","27":"product_tag-texto-ilustrado","28":"product_tag-zona-rural-e-urbana","30":"first","31":"instock","32":"downloadable","33":"sold-individually","34":"shipping-taxable","35":"purchasable","36":"product-type-simple"},"yoast_head":"<!-- This site is optimized with the Yoast SEO plugin v27.4 - https:\/\/yoast.com\/product\/yoast-seo-wordpress\/ -->\n<title>Campo e Cidade \u2013 Atividades e Cartazes para 3\u00ba e 4\u00ba Ano - Loja SOS Professor Atividades<\/title>\n<meta name=\"description\" content=\"Material completo sobre Campo e Cidade para 3\u00ba e 4\u00ba ano, com atividades, texto ilustrado, cartazes, p\u00f4ster, arte para colorir, plano de aula e gabarito.\" \/>\n<meta name=\"robots\" content=\"index, follow, max-snippet:-1, max-image-preview:large, max-video-preview:-1\" \/>\n<link rel=\"canonical\" href=\"https:\/\/lojasosprofessoratividades.com.br\/en\/product\/campo-e-cidade-atividades-e-cartazes-para-3o-e-4o-ano\/\" \/>\n<meta property=\"og:locale\" content=\"en_US\" \/>\n<meta property=\"og:type\" content=\"article\" \/>\n<meta property=\"og:title\" content=\"Campo e Cidade \u2013 Atividades e Cartazes para 3\u00ba e 4\u00ba Ano - Loja SOS Professor Atividades\" \/>\n<meta property=\"og:description\" content=\"Material completo sobre Campo e Cidade para 3\u00ba e 4\u00ba ano, com atividades, texto ilustrado, cartazes, p\u00f4ster, arte para colorir, plano de aula e gabarito.\" \/>\n<meta property=\"og:url\" content=\"https:\/\/lojasosprofessoratividades.com.br\/en\/product\/campo-e-cidade-atividades-e-cartazes-para-3o-e-4o-ano\/\" \/>\n<meta property=\"og:site_name\" content=\"Loja SOS Professor Atividades\" \/>\n<meta property=\"article:publisher\" content=\"https:\/\/www.facebook.com\/sosprofessoratividades\" \/>\n<meta property=\"og:image\" content=\"https:\/\/lojasosprofessoratividades.com.br\/wp-content\/uploads\/2026\/04\/Campo-e-cidade-1.png\" \/>\n\t<meta property=\"og:image:width\" content=\"800\" \/>\n\t<meta property=\"og:image:height\" content=\"693\" \/>\n\t<meta property=\"og:image:type\" content=\"image\/png\" \/>\n<meta name=\"twitter:card\" content=\"summary_large_image\" \/>\n<meta name=\"twitter:label1\" content=\"Est. reading time\" \/>\n\t<meta name=\"twitter:data1\" content=\"1 minute\" \/>\n<script type=\"application\/ld+json\" class=\"yoast-schema-graph\">{\"@context\":\"https:\\\/\\\/schema.org\",\"@graph\":[{\"@type\":\"WebPage\",\"@id\":\"https:\\\/\\\/lojasosprofessoratividades.com.br\\\/produto\\\/campo-e-cidade-atividades-e-cartazes-para-3o-e-4o-ano\\\/\",\"url\":\"https:\\\/\\\/lojasosprofessoratividades.com.br\\\/produto\\\/campo-e-cidade-atividades-e-cartazes-para-3o-e-4o-ano\\\/\",\"name\":\"Campo e Cidade \u2013 Atividades e Cartazes para 3\u00ba e 4\u00ba Ano - Loja SOS Professor Atividades\",\"isPartOf\":{\"@id\":\"https:\\\/\\\/lojasosprofessoratividades.com.br\\\/#website\"},\"primaryImageOfPage\":{\"@id\":\"https:\\\/\\\/lojasosprofessoratividades.com.br\\\/produto\\\/campo-e-cidade-atividades-e-cartazes-para-3o-e-4o-ano\\\/#primaryimage\"},\"image\":{\"@id\":\"https:\\\/\\\/lojasosprofessoratividades.com.br\\\/produto\\\/campo-e-cidade-atividades-e-cartazes-para-3o-e-4o-ano\\\/#primaryimage\"},\"thumbnailUrl\":\"https:\\\/\\\/lojasosprofessoratividades.com.br\\\/wp-content\\\/uploads\\\/2026\\\/04\\\/Campo-e-cidade-1.png\",\"datePublished\":\"2026-04-23T18:38:17+00:00\",\"description\":\"Material completo sobre Campo e Cidade para 3\u00ba e 4\u00ba ano, com atividades, texto ilustrado, cartazes, p\u00f4ster, arte para colorir, plano de aula e gabarito.\",\"breadcrumb\":{\"@id\":\"https:\\\/\\\/lojasosprofessoratividades.com.br\\\/produto\\\/campo-e-cidade-atividades-e-cartazes-para-3o-e-4o-ano\\\/#breadcrumb\"},\"inLanguage\":\"en-US\",\"potentialAction\":[{\"@type\":\"ReadAction\",\"target\":[\"https:\\\/\\\/lojasosprofessoratividades.com.br\\\/produto\\\/campo-e-cidade-atividades-e-cartazes-para-3o-e-4o-ano\\\/\"]}]},{\"@type\":\"ImageObject\",\"inLanguage\":\"en-US\",\"@id\":\"https:\\\/\\\/lojasosprofessoratividades.com.br\\\/produto\\\/campo-e-cidade-atividades-e-cartazes-para-3o-e-4o-ano\\\/#primaryimage\",\"url\":\"https:\\\/\\\/lojasosprofessoratividades.com.br\\\/wp-content\\\/uploads\\\/2026\\\/04\\\/Campo-e-cidade-1.png\",\"contentUrl\":\"https:\\\/\\\/lojasosprofessoratividades.com.br\\\/wp-content\\\/uploads\\\/2026\\\/04\\\/Campo-e-cidade-1.png\",\"width\":800,\"height\":693,\"caption\":\"Campo e Cidade\"},{\"@type\":\"BreadcrumbList\",\"@id\":\"https:\\\/\\\/lojasosprofessoratividades.com.br\\\/produto\\\/campo-e-cidade-atividades-e-cartazes-para-3o-e-4o-ano\\\/#breadcrumb\",\"itemListElement\":[{\"@type\":\"ListItem\",\"position\":1,\"name\":\"In\u00edcio\",\"item\":\"https:\\\/\\\/lojasosprofessoratividades.com.br\\\/\"},{\"@type\":\"ListItem\",\"position\":2,\"name\":\"Loja\",\"item\":\"https:\\\/\\\/lojasosprofessoratividades.com.br\\\/loja\\\/\"},{\"@type\":\"ListItem\",\"position\":3,\"name\":\"Campo e Cidade \u2013 Atividades e Cartazes para 3\u00ba e 4\u00ba Ano\"}]},{\"@type\":\"WebSite\",\"@id\":\"https:\\\/\\\/lojasosprofessoratividades.com.br\\\/#website\",\"url\":\"https:\\\/\\\/lojasosprofessoratividades.com.br\\\/\",\"name\":\"Loja SOS Professor Atividades\",\"description\":\"Venda de material did\u00e1tico para o ensino fundamental\",\"publisher\":{\"@id\":\"https:\\\/\\\/lojasosprofessoratividades.com.br\\\/#organization\"},\"potentialAction\":[{\"@type\":\"SearchAction\",\"target\":{\"@type\":\"EntryPoint\",\"urlTemplate\":\"https:\\\/\\\/lojasosprofessoratividades.com.br\\\/?s={search_term_string}\"},\"query-input\":{\"@type\":\"PropertyValueSpecification\",\"valueRequired\":true,\"valueName\":\"search_term_string\"}}],\"inLanguage\":\"en-US\"},{\"@type\":\"Organization\",\"@id\":\"https:\\\/\\\/lojasosprofessoratividades.com.br\\\/#organization\",\"name\":\"Loja SOS Professor Atividades\",\"url\":\"https:\\\/\\\/lojasosprofessoratividades.com.br\\\/\",\"logo\":{\"@type\":\"ImageObject\",\"inLanguage\":\"en-US\",\"@id\":\"https:\\\/\\\/lojasosprofessoratividades.com.br\\\/#\\\/schema\\\/logo\\\/image\\\/\",\"url\":\"http:\\\/\\\/lojasosprofessoratividades.com.br\\\/wp-content\\\/uploads\\\/2022\\\/04\\\/Logo.png\",\"contentUrl\":\"http:\\\/\\\/lojasosprofessoratividades.com.br\\\/wp-content\\\/uploads\\\/2022\\\/04\\\/Logo.png\",\"width\":2000,\"height\":2000,\"caption\":\"Loja SOS Professor Atividades\"},\"image\":{\"@id\":\"https:\\\/\\\/lojasosprofessoratividades.com.br\\\/#\\\/schema\\\/logo\\\/image\\\/\"},\"sameAs\":[\"https:\\\/\\\/www.facebook.com\\\/sosprofessoratividades\",\"https:\\\/\\\/www.instagram.com\\\/sosprofessoratividades\\\/\"]}]}<\/script>\n<!-- \/ Yoast SEO plugin. -->","yoast_head_json":{"title":"Campo e Cidade \u2013 Atividades e Cartazes para 3\u00ba e 4\u00ba Ano - Loja SOS Professor Atividades","description":"Material completo sobre Campo e Cidade para 3\u00ba e 4\u00ba ano, com atividades, texto ilustrado, cartazes, p\u00f4ster, arte para colorir, plano de aula e gabarito.","robots":{"index":"index","follow":"follow","max-snippet":"max-snippet:-1","max-image-preview":"max-image-preview:large","max-video-preview":"max-video-preview:-1"},"canonical":"https:\/\/lojasosprofessoratividades.com.br\/en\/product\/campo-e-cidade-atividades-e-cartazes-para-3o-e-4o-ano\/","og_locale":"en_US","og_type":"article","og_title":"Campo e Cidade \u2013 Atividades e Cartazes para 3\u00ba e 4\u00ba Ano - Loja SOS Professor Atividades","og_description":"Material completo sobre Campo e Cidade para 3\u00ba e 4\u00ba ano, com atividades, texto ilustrado, cartazes, p\u00f4ster, arte para colorir, plano de aula e gabarito.","og_url":"https:\/\/lojasosprofessoratividades.com.br\/en\/product\/campo-e-cidade-atividades-e-cartazes-para-3o-e-4o-ano\/","og_site_name":"Loja SOS Professor Atividades","article_publisher":"https:\/\/www.facebook.com\/sosprofessoratividades","og_image":[{"width":800,"height":693,"url":"https:\/\/lojasosprofessoratividades.com.br\/wp-content\/uploads\/2026\/04\/Campo-e-cidade-1.png","type":"image\/png"}],"twitter_card":"summary_large_image","twitter_misc":{"Est. reading time":"1 minute"},"schema":{"@context":"https:\/\/schema.org","@graph":[{"@type":"WebPage","@id":"https:\/\/lojasosprofessoratividades.com.br\/produto\/campo-e-cidade-atividades-e-cartazes-para-3o-e-4o-ano\/","url":"https:\/\/lojasosprofessoratividades.com.br\/produto\/campo-e-cidade-atividades-e-cartazes-para-3o-e-4o-ano\/","name":"Campo e Cidade \u2013 Atividades e Cartazes para 3\u00ba e 4\u00ba Ano - Loja SOS Professor Atividades","isPartOf":{"@id":"https:\/\/lojasosprofessoratividades.com.br\/#website"},"primaryImageOfPage":{"@id":"https:\/\/lojasosprofessoratividades.com.br\/produto\/campo-e-cidade-atividades-e-cartazes-para-3o-e-4o-ano\/#primaryimage"},"image":{"@id":"https:\/\/lojasosprofessoratividades.com.br\/produto\/campo-e-cidade-atividades-e-cartazes-para-3o-e-4o-ano\/#primaryimage"},"thumbnailUrl":"https:\/\/lojasosprofessoratividades.com.br\/wp-content\/uploads\/2026\/04\/Campo-e-cidade-1.png","datePublished":"2026-04-23T18:38:17+00:00","description":"Material completo sobre Campo e Cidade para 3\u00ba e 4\u00ba ano, com atividades, texto ilustrado, cartazes, p\u00f4ster, arte para colorir, plano de aula e gabarito.","breadcrumb":{"@id":"https:\/\/lojasosprofessoratividades.com.br\/produto\/campo-e-cidade-atividades-e-cartazes-para-3o-e-4o-ano\/#breadcrumb"},"inLanguage":"en-US","potentialAction":[{"@type":"ReadAction","target":["https:\/\/lojasosprofessoratividades.com.br\/produto\/campo-e-cidade-atividades-e-cartazes-para-3o-e-4o-ano\/"]}]},{"@type":"ImageObject","inLanguage":"en-US","@id":"https:\/\/lojasosprofessoratividades.com.br\/produto\/campo-e-cidade-atividades-e-cartazes-para-3o-e-4o-ano\/#primaryimage","url":"https:\/\/lojasosprofessoratividades.com.br\/wp-content\/uploads\/2026\/04\/Campo-e-cidade-1.png","contentUrl":"https:\/\/lojasosprofessoratividades.com.br\/wp-content\/uploads\/2026\/04\/Campo-e-cidade-1.png","width":800,"height":693,"caption":"Campo e Cidade"},{"@type":"BreadcrumbList","@id":"https:\/\/lojasosprofessoratividades.com.br\/produto\/campo-e-cidade-atividades-e-cartazes-para-3o-e-4o-ano\/#breadcrumb","itemListElement":[{"@type":"ListItem","position":1,"name":"In\u00edcio","item":"https:\/\/lojasosprofessoratividades.com.br\/"},{"@type":"ListItem","position":2,"name":"Loja","item":"https:\/\/lojasosprofessoratividades.com.br\/loja\/"},{"@type":"ListItem","position":3,"name":"Campo e Cidade \u2013 Atividades e Cartazes para 3\u00ba e 4\u00ba Ano"}]},{"@type":"WebSite","@id":"https:\/\/lojasosprofessoratividades.com.br\/#website","url":"https:\/\/lojasosprofessoratividades.com.br\/","name":"Loja SOS Professor Atividades","description":"Venda de material did\u00e1tico para o ensino fundamental","publisher":{"@id":"https:\/\/lojasosprofessoratividades.com.br\/#organization"},"potentialAction":[{"@type":"SearchAction","target":{"@type":"EntryPoint","urlTemplate":"https:\/\/lojasosprofessoratividades.com.br\/?s={search_term_string}"},"query-input":{"@type":"PropertyValueSpecification","valueRequired":true,"valueName":"search_term_string"}}],"inLanguage":"en-US"},{"@type":"Organization","@id":"https:\/\/lojasosprofessoratividades.com.br\/#organization","name":"Loja SOS Professor Atividades","url":"https:\/\/lojasosprofessoratividades.com.br\/","logo":{"@type":"ImageObject","inLanguage":"en-US","@id":"https:\/\/lojasosprofessoratividades.com.br\/#\/schema\/logo\/image\/","url":"http:\/\/lojasosprofessoratividades.com.br\/wp-content\/uploads\/2022\/04\/Logo.png","contentUrl":"http:\/\/lojasosprofessoratividades.com.br\/wp-content\/uploads\/2022\/04\/Logo.png","width":2000,"height":2000,"caption":"Loja SOS Professor Atividades"},"image":{"@id":"https:\/\/lojasosprofessoratividades.com.br\/#\/schema\/logo\/image\/"},"sameAs":["https:\/\/www.facebook.com\/sosprofessoratividades","https:\/\/www.instagram.com\/sosprofessoratividades\/"]}]}},"_links":{"self":[{"href":"https:\/\/lojasosprofessoratividades.com.br\/en\/wp-json\/wp\/v2\/product\/38747","targetHints":{"allow":["GET"]}}],"collection":[{"href":"https:\/\/lojasosprofessoratividades.com.br\/en\/wp-json\/wp\/v2\/product"}],"about":[{"href":"https:\/\/lojasosprofessoratividades.com.br\/en\/wp-json\/wp\/v2\/types\/product"}],"replies":[{"embeddable":true,"href":"https:\/\/lojasosprofessoratividades.com.br\/en\/wp-json\/wp\/v2\/comments?post=38747"}],"wp:featuredmedia":[{"embeddable":true,"href":"https:\/\/lojasosprofessoratividades.com.br\/en\/wp-json\/wp\/v2\/media\/38750"}],"wp:attachment":[{"href":"https:\/\/lojasosprofessoratividades.com.br\/en\/wp-json\/wp\/v2\/media?parent=38747"}],"wp:term":[{"taxonomy":"product_brand","embeddable":true,"href":"https:\/\/lojasosprofessoratividades.com.br\/en\/wp-json\/wp\/v2\/product_brand?post=38747"},{"taxonomy":"product_cat","embeddable":true,"href":"https:\/\/lojasosprofessoratividades.com.br\/en\/wp-json\/wp\/v2\/product_cat?post=38747"},{"taxonomy":"product_tag","embeddable":true,"href":"https:\/\/lojasosprofessoratividades.com.br\/en\/wp-json\/wp\/v2\/product_tag?post=38747"}],"curies":[{"name":"wp","href":"https:\/\/api.w.org\/{rel}","templated":true}]}}