{"id":38794,"date":"2026-04-28T11:35:44","date_gmt":"2026-04-28T14:35:44","guid":{"rendered":"https:\/\/lojasosprofessoratividades.com.br\/?post_type=product&#038;p=38794"},"modified":"2026-04-28T11:35:44","modified_gmt":"2026-04-28T14:35:44","slug":"painel-interativo-dia-das-maes-cartazes-para-imprimir","status":"publish","type":"product","link":"https:\/\/lojasosprofessoratividades.com.br\/en\/product\/painel-interativo-dia-das-maes-cartazes-para-imprimir\/","title":{"rendered":"Painel Interativo Dia das M\u00e3es &#8211; Cartazes para Imprimir"},"content":{"rendered":"","protected":false},"excerpt":{"rendered":"<p data-start=\"162\" data-end=\"330\">Prepare uma comemora\u00e7\u00e3o especial com o <strong data-start=\"201\" data-end=\"235\">Painel Interativo Dia das M\u00e3es<\/strong>, perfeito para envolver os alunos em uma atividade colaborativa cheia de afeto e criatividade!<\/p>\n<p data-start=\"332\" data-end=\"519\">Este material foi desenvolvido para facilitar sua rotina em sala de aula, oferecendo <strong data-start=\"417\" data-end=\"451\">cartazes prontos em tamanho A4<\/strong>, ideais para amplia\u00e7\u00e3o e montagem de um lindo painel personalizado.<\/p>\n<p data-start=\"521\" data-end=\"701\"><strong data-start=\"523\" data-end=\"545\">O que voc\u00ea recebe:<\/strong><br \/>\n\u2714 Cartazes em A4 para impress\u00e3o e amplia\u00e7\u00e3o<br data-start=\"589\" data-end=\"592\" \/>\u2714 P\u00f4ster no formato <strong data-start=\"612\" data-end=\"619\">3&#215;3<\/strong><br data-start=\"619\" data-end=\"622\" \/>\u2714 P\u00f4ster no formato <strong data-start=\"642\" data-end=\"649\">2&#215;4<\/strong><br data-start=\"649\" data-end=\"652\" \/>\u2714 Arquivo pronto para montagem pr\u00e1tica e r\u00e1pida<\/p>\n<p data-start=\"703\" data-end=\"916\"><strong data-start=\"706\" data-end=\"723\">Diferenciais:<\/strong><br \/>\n\u2013 Proposta interativa com participa\u00e7\u00e3o dos alunos<br data-start=\"773\" data-end=\"776\" \/>\u2013 Ideal para decora\u00e7\u00e3o de murais e corredores escolares<br data-start=\"831\" data-end=\"834\" \/>\u2013 Visual delicado e tem\u00e1tico para o Dia das M\u00e3es<br data-start=\"882\" data-end=\"885\" \/>\u2013 Pronto para imprimir e usar<\/p>\n<p data-start=\"918\" data-end=\"1064\">Perfeito para professores do Ensino Fundamental que desejam criar um ambiente acolhedor e envolvente na comemora\u00e7\u00e3o do <strong data-start=\"1037\" data-end=\"1063\">Dia das M\u00e3es na escola<\/strong>.<\/p>\n<h3>N\u00e3o enviamos por e-mail, a entrega \u00e9 via link para download.\u00a0<img decoding=\"async\" class=\"emoji\" role=\"img\" draggable=\"false\" src=\"https:\/\/s.w.org\/images\/core\/emoji\/17.0.2\/svg\/1f447.svg\" alt=\"\ud83d\udc47\" \/><\/h3>\n<p><img loading=\"lazy\" decoding=\"async\" class=\"alignnone wp-image-38009 size-full\" src=\"https:\/\/lojasosprofessoratividades.com.br\/wp-content\/uploads\/2026\/02\/Como-baixar-2.jpg\" alt=\"\" width=\"446\" height=\"251\" srcset=\"https:\/\/lojasosprofessoratividades.com.br\/wp-content\/uploads\/2026\/02\/Como-baixar-2.jpg 446w, https:\/\/lojasosprofessoratividades.com.br\/wp-content\/uploads\/2026\/02\/Como-baixar-2-300x169.jpg 300w, https:\/\/lojasosprofessoratividades.com.br\/wp-content\/uploads\/2026\/02\/Como-baixar-2-18x10.jpg 18w\" sizes=\"auto, (max-width: 446px) 100vw, 446px\" \/><\/p>","protected":false},"featured_media":38796,"comment_status":"open","ping_status":"closed","template":"","meta":[],"product_brand":[],"product_cat":[218,210,214,216,212],"product_tag":[2442,3734,3732,3733,245,3735,1562,3731],"class_list":{"0":"post-38794","1":"product","2":"type-product","3":"status-publish","4":"has-post-thumbnail","6":"product_cat-data-comemorativa-5-ano","7":"product_cat-data-comemorativa-1-ano","8":"product_cat-data-comemorativa-3-ano","9":"product_cat-data-comemorativa-4-ano","10":"product_cat-data-comemorativa-2-ano","11":"product_tag-1o-ano-fundamental","12":"product_tag-atividade-dia-das-maes-ensino-fundamental","13":"product_tag-cartazes-dia-das-maes-para-imprimir","14":"product_tag-decoracao-dia-das-maes-escola","15":"product_tag-ensino-fundamental","16":"product_tag-mural-dia-das-maes-escolar","17":"product_tag-painel-dia-das-maes","18":"product_tag-painel-interativo-dia-das-maes","20":"first","21":"instock","22":"downloadable","23":"sold-individually","24":"shipping-taxable","25":"purchasable","26":"product-type-simple"},"yoast_head":"<!-- This site is optimized with the Yoast SEO plugin v27.5 - https:\/\/yoast.com\/product\/yoast-seo-wordpress\/ -->\n<title>Painel Interativo Dia das M\u00e3es - Cartazes para Imprimir - Loja SOS Professor Atividades<\/title>\n<meta name=\"description\" content=\"Painel interativo Dia das M\u00e3es com cartazes para imprimir. Inclui p\u00f4ster 3x3 e 2x4. Ideal para atividade escolar colaborativa e decora\u00e7\u00e3o da sala.\" \/>\n<meta name=\"robots\" content=\"index, follow, max-snippet:-1, max-image-preview:large, max-video-preview:-1\" \/>\n<link rel=\"canonical\" href=\"https:\/\/lojasosprofessoratividades.com.br\/en\/product\/painel-interativo-dia-das-maes-cartazes-para-imprimir\/\" \/>\n<meta property=\"og:locale\" content=\"en_US\" \/>\n<meta property=\"og:type\" content=\"article\" \/>\n<meta property=\"og:title\" content=\"Painel Interativo Dia das M\u00e3es - Cartazes para Imprimir - Loja SOS Professor Atividades\" \/>\n<meta property=\"og:description\" content=\"Painel interativo Dia das M\u00e3es com cartazes para imprimir. Inclui p\u00f4ster 3x3 e 2x4. Ideal para atividade escolar colaborativa e decora\u00e7\u00e3o da sala.\" \/>\n<meta property=\"og:url\" content=\"https:\/\/lojasosprofessoratividades.com.br\/en\/product\/painel-interativo-dia-das-maes-cartazes-para-imprimir\/\" \/>\n<meta property=\"og:site_name\" content=\"Loja SOS Professor Atividades\" \/>\n<meta property=\"article:publisher\" content=\"https:\/\/www.facebook.com\/sosprofessoratividades\" \/>\n<meta property=\"og:image\" content=\"https:\/\/lojasosprofessoratividades.com.br\/wp-content\/uploads\/2026\/04\/Painel-Interativo-Dia-das-Maes-Cartazes-para-Imprimir-1.png\" \/>\n\t<meta property=\"og:image:width\" content=\"800\" \/>\n\t<meta property=\"og:image:height\" content=\"693\" \/>\n\t<meta property=\"og:image:type\" content=\"image\/png\" \/>\n<meta name=\"twitter:card\" content=\"summary_large_image\" \/>\n<meta name=\"twitter:label1\" content=\"Est. reading time\" \/>\n\t<meta name=\"twitter:data1\" content=\"1 minute\" \/>\n<script type=\"application\/ld+json\" class=\"yoast-schema-graph\">{\"@context\":\"https:\\\/\\\/schema.org\",\"@graph\":[{\"@type\":\"WebPage\",\"@id\":\"https:\\\/\\\/lojasosprofessoratividades.com.br\\\/produto\\\/painel-interativo-dia-das-maes-cartazes-para-imprimir\\\/\",\"url\":\"https:\\\/\\\/lojasosprofessoratividades.com.br\\\/produto\\\/painel-interativo-dia-das-maes-cartazes-para-imprimir\\\/\",\"name\":\"Painel Interativo Dia das M\u00e3es - Cartazes para Imprimir - Loja SOS Professor Atividades\",\"isPartOf\":{\"@id\":\"https:\\\/\\\/lojasosprofessoratividades.com.br\\\/#website\"},\"primaryImageOfPage\":{\"@id\":\"https:\\\/\\\/lojasosprofessoratividades.com.br\\\/produto\\\/painel-interativo-dia-das-maes-cartazes-para-imprimir\\\/#primaryimage\"},\"image\":{\"@id\":\"https:\\\/\\\/lojasosprofessoratividades.com.br\\\/produto\\\/painel-interativo-dia-das-maes-cartazes-para-imprimir\\\/#primaryimage\"},\"thumbnailUrl\":\"https:\\\/\\\/lojasosprofessoratividades.com.br\\\/wp-content\\\/uploads\\\/2026\\\/04\\\/Painel-Interativo-Dia-das-Maes-Cartazes-para-Imprimir-1.png\",\"datePublished\":\"2026-04-28T14:35:44+00:00\",\"description\":\"Painel interativo Dia das M\u00e3es com cartazes para imprimir. Inclui p\u00f4ster 3x3 e 2x4. Ideal para atividade escolar colaborativa e decora\u00e7\u00e3o da sala.\",\"breadcrumb\":{\"@id\":\"https:\\\/\\\/lojasosprofessoratividades.com.br\\\/produto\\\/painel-interativo-dia-das-maes-cartazes-para-imprimir\\\/#breadcrumb\"},\"inLanguage\":\"en-US\",\"potentialAction\":[{\"@type\":\"ReadAction\",\"target\":[\"https:\\\/\\\/lojasosprofessoratividades.com.br\\\/produto\\\/painel-interativo-dia-das-maes-cartazes-para-imprimir\\\/\"]}]},{\"@type\":\"ImageObject\",\"inLanguage\":\"en-US\",\"@id\":\"https:\\\/\\\/lojasosprofessoratividades.com.br\\\/produto\\\/painel-interativo-dia-das-maes-cartazes-para-imprimir\\\/#primaryimage\",\"url\":\"https:\\\/\\\/lojasosprofessoratividades.com.br\\\/wp-content\\\/uploads\\\/2026\\\/04\\\/Painel-Interativo-Dia-das-Maes-Cartazes-para-Imprimir-1.png\",\"contentUrl\":\"https:\\\/\\\/lojasosprofessoratividades.com.br\\\/wp-content\\\/uploads\\\/2026\\\/04\\\/Painel-Interativo-Dia-das-Maes-Cartazes-para-Imprimir-1.png\",\"width\":800,\"height\":693},{\"@type\":\"BreadcrumbList\",\"@id\":\"https:\\\/\\\/lojasosprofessoratividades.com.br\\\/produto\\\/painel-interativo-dia-das-maes-cartazes-para-imprimir\\\/#breadcrumb\",\"itemListElement\":[{\"@type\":\"ListItem\",\"position\":1,\"name\":\"In\u00edcio\",\"item\":\"https:\\\/\\\/lojasosprofessoratividades.com.br\\\/\"},{\"@type\":\"ListItem\",\"position\":2,\"name\":\"Loja\",\"item\":\"https:\\\/\\\/lojasosprofessoratividades.com.br\\\/loja\\\/\"},{\"@type\":\"ListItem\",\"position\":3,\"name\":\"Painel Interativo Dia das M\u00e3es &#8211; Cartazes para Imprimir\"}]},{\"@type\":\"WebSite\",\"@id\":\"https:\\\/\\\/lojasosprofessoratividades.com.br\\\/#website\",\"url\":\"https:\\\/\\\/lojasosprofessoratividades.com.br\\\/\",\"name\":\"Loja SOS Professor Atividades\",\"description\":\"Venda de material did\u00e1tico para o ensino fundamental\",\"publisher\":{\"@id\":\"https:\\\/\\\/lojasosprofessoratividades.com.br\\\/#organization\"},\"potentialAction\":[{\"@type\":\"SearchAction\",\"target\":{\"@type\":\"EntryPoint\",\"urlTemplate\":\"https:\\\/\\\/lojasosprofessoratividades.com.br\\\/?s={search_term_string}\"},\"query-input\":{\"@type\":\"PropertyValueSpecification\",\"valueRequired\":true,\"valueName\":\"search_term_string\"}}],\"inLanguage\":\"en-US\"},{\"@type\":\"Organization\",\"@id\":\"https:\\\/\\\/lojasosprofessoratividades.com.br\\\/#organization\",\"name\":\"Loja SOS Professor Atividades\",\"url\":\"https:\\\/\\\/lojasosprofessoratividades.com.br\\\/\",\"logo\":{\"@type\":\"ImageObject\",\"inLanguage\":\"en-US\",\"@id\":\"https:\\\/\\\/lojasosprofessoratividades.com.br\\\/#\\\/schema\\\/logo\\\/image\\\/\",\"url\":\"http:\\\/\\\/lojasosprofessoratividades.com.br\\\/wp-content\\\/uploads\\\/2022\\\/04\\\/Logo.png\",\"contentUrl\":\"http:\\\/\\\/lojasosprofessoratividades.com.br\\\/wp-content\\\/uploads\\\/2022\\\/04\\\/Logo.png\",\"width\":2000,\"height\":2000,\"caption\":\"Loja SOS Professor Atividades\"},\"image\":{\"@id\":\"https:\\\/\\\/lojasosprofessoratividades.com.br\\\/#\\\/schema\\\/logo\\\/image\\\/\"},\"sameAs\":[\"https:\\\/\\\/www.facebook.com\\\/sosprofessoratividades\",\"https:\\\/\\\/www.instagram.com\\\/sosprofessoratividades\\\/\"]}]}<\/script>\n<!-- \/ Yoast SEO plugin. -->","yoast_head_json":{"title":"Painel Interativo Dia das M\u00e3es - Cartazes para Imprimir - Loja SOS Professor Atividades","description":"Painel interativo Dia das M\u00e3es com cartazes para imprimir. Inclui p\u00f4ster 3x3 e 2x4. Ideal para atividade escolar colaborativa e decora\u00e7\u00e3o da sala.","robots":{"index":"index","follow":"follow","max-snippet":"max-snippet:-1","max-image-preview":"max-image-preview:large","max-video-preview":"max-video-preview:-1"},"canonical":"https:\/\/lojasosprofessoratividades.com.br\/en\/product\/painel-interativo-dia-das-maes-cartazes-para-imprimir\/","og_locale":"en_US","og_type":"article","og_title":"Painel Interativo Dia das M\u00e3es - Cartazes para Imprimir - Loja SOS Professor Atividades","og_description":"Painel interativo Dia das M\u00e3es com cartazes para imprimir. Inclui p\u00f4ster 3x3 e 2x4. Ideal para atividade escolar colaborativa e decora\u00e7\u00e3o da sala.","og_url":"https:\/\/lojasosprofessoratividades.com.br\/en\/product\/painel-interativo-dia-das-maes-cartazes-para-imprimir\/","og_site_name":"Loja SOS Professor Atividades","article_publisher":"https:\/\/www.facebook.com\/sosprofessoratividades","og_image":[{"width":800,"height":693,"url":"https:\/\/lojasosprofessoratividades.com.br\/wp-content\/uploads\/2026\/04\/Painel-Interativo-Dia-das-Maes-Cartazes-para-Imprimir-1.png","type":"image\/png"}],"twitter_card":"summary_large_image","twitter_misc":{"Est. reading time":"1 minute"},"schema":{"@context":"https:\/\/schema.org","@graph":[{"@type":"WebPage","@id":"https:\/\/lojasosprofessoratividades.com.br\/produto\/painel-interativo-dia-das-maes-cartazes-para-imprimir\/","url":"https:\/\/lojasosprofessoratividades.com.br\/produto\/painel-interativo-dia-das-maes-cartazes-para-imprimir\/","name":"Painel Interativo Dia das M\u00e3es - Cartazes para Imprimir - Loja SOS Professor Atividades","isPartOf":{"@id":"https:\/\/lojasosprofessoratividades.com.br\/#website"},"primaryImageOfPage":{"@id":"https:\/\/lojasosprofessoratividades.com.br\/produto\/painel-interativo-dia-das-maes-cartazes-para-imprimir\/#primaryimage"},"image":{"@id":"https:\/\/lojasosprofessoratividades.com.br\/produto\/painel-interativo-dia-das-maes-cartazes-para-imprimir\/#primaryimage"},"thumbnailUrl":"https:\/\/lojasosprofessoratividades.com.br\/wp-content\/uploads\/2026\/04\/Painel-Interativo-Dia-das-Maes-Cartazes-para-Imprimir-1.png","datePublished":"2026-04-28T14:35:44+00:00","description":"Painel interativo Dia das M\u00e3es com cartazes para imprimir. Inclui p\u00f4ster 3x3 e 2x4. Ideal para atividade escolar colaborativa e decora\u00e7\u00e3o da sala.","breadcrumb":{"@id":"https:\/\/lojasosprofessoratividades.com.br\/produto\/painel-interativo-dia-das-maes-cartazes-para-imprimir\/#breadcrumb"},"inLanguage":"en-US","potentialAction":[{"@type":"ReadAction","target":["https:\/\/lojasosprofessoratividades.com.br\/produto\/painel-interativo-dia-das-maes-cartazes-para-imprimir\/"]}]},{"@type":"ImageObject","inLanguage":"en-US","@id":"https:\/\/lojasosprofessoratividades.com.br\/produto\/painel-interativo-dia-das-maes-cartazes-para-imprimir\/#primaryimage","url":"https:\/\/lojasosprofessoratividades.com.br\/wp-content\/uploads\/2026\/04\/Painel-Interativo-Dia-das-Maes-Cartazes-para-Imprimir-1.png","contentUrl":"https:\/\/lojasosprofessoratividades.com.br\/wp-content\/uploads\/2026\/04\/Painel-Interativo-Dia-das-Maes-Cartazes-para-Imprimir-1.png","width":800,"height":693},{"@type":"BreadcrumbList","@id":"https:\/\/lojasosprofessoratividades.com.br\/produto\/painel-interativo-dia-das-maes-cartazes-para-imprimir\/#breadcrumb","itemListElement":[{"@type":"ListItem","position":1,"name":"In\u00edcio","item":"https:\/\/lojasosprofessoratividades.com.br\/"},{"@type":"ListItem","position":2,"name":"Loja","item":"https:\/\/lojasosprofessoratividades.com.br\/loja\/"},{"@type":"ListItem","position":3,"name":"Painel Interativo Dia das M\u00e3es &#8211; Cartazes para Imprimir"}]},{"@type":"WebSite","@id":"https:\/\/lojasosprofessoratividades.com.br\/#website","url":"https:\/\/lojasosprofessoratividades.com.br\/","name":"Loja SOS Professor Atividades","description":"Venda de material did\u00e1tico para o ensino fundamental","publisher":{"@id":"https:\/\/lojasosprofessoratividades.com.br\/#organization"},"potentialAction":[{"@type":"SearchAction","target":{"@type":"EntryPoint","urlTemplate":"https:\/\/lojasosprofessoratividades.com.br\/?s={search_term_string}"},"query-input":{"@type":"PropertyValueSpecification","valueRequired":true,"valueName":"search_term_string"}}],"inLanguage":"en-US"},{"@type":"Organization","@id":"https:\/\/lojasosprofessoratividades.com.br\/#organization","name":"Loja SOS Professor Atividades","url":"https:\/\/lojasosprofessoratividades.com.br\/","logo":{"@type":"ImageObject","inLanguage":"en-US","@id":"https:\/\/lojasosprofessoratividades.com.br\/#\/schema\/logo\/image\/","url":"http:\/\/lojasosprofessoratividades.com.br\/wp-content\/uploads\/2022\/04\/Logo.png","contentUrl":"http:\/\/lojasosprofessoratividades.com.br\/wp-content\/uploads\/2022\/04\/Logo.png","width":2000,"height":2000,"caption":"Loja SOS Professor Atividades"},"image":{"@id":"https:\/\/lojasosprofessoratividades.com.br\/#\/schema\/logo\/image\/"},"sameAs":["https:\/\/www.facebook.com\/sosprofessoratividades","https:\/\/www.instagram.com\/sosprofessoratividades\/"]}]}},"_links":{"self":[{"href":"https:\/\/lojasosprofessoratividades.com.br\/en\/wp-json\/wp\/v2\/product\/38794","targetHints":{"allow":["GET"]}}],"collection":[{"href":"https:\/\/lojasosprofessoratividades.com.br\/en\/wp-json\/wp\/v2\/product"}],"about":[{"href":"https:\/\/lojasosprofessoratividades.com.br\/en\/wp-json\/wp\/v2\/types\/product"}],"replies":[{"embeddable":true,"href":"https:\/\/lojasosprofessoratividades.com.br\/en\/wp-json\/wp\/v2\/comments?post=38794"}],"wp:featuredmedia":[{"embeddable":true,"href":"https:\/\/lojasosprofessoratividades.com.br\/en\/wp-json\/wp\/v2\/media\/38796"}],"wp:attachment":[{"href":"https:\/\/lojasosprofessoratividades.com.br\/en\/wp-json\/wp\/v2\/media?parent=38794"}],"wp:term":[{"taxonomy":"product_brand","embeddable":true,"href":"https:\/\/lojasosprofessoratividades.com.br\/en\/wp-json\/wp\/v2\/product_brand?post=38794"},{"taxonomy":"product_cat","embeddable":true,"href":"https:\/\/lojasosprofessoratividades.com.br\/en\/wp-json\/wp\/v2\/product_cat?post=38794"},{"taxonomy":"product_tag","embeddable":true,"href":"https:\/\/lojasosprofessoratividades.com.br\/en\/wp-json\/wp\/v2\/product_tag?post=38794"}],"curies":[{"name":"wp","href":"https:\/\/api.w.org\/{rel}","templated":true}]}}