{"id":38810,"date":"2026-04-29T20:22:54","date_gmt":"2026-04-29T23:22:54","guid":{"rendered":"https:\/\/lojasosprofessoratividades.com.br\/?post_type=product&#038;p=38810"},"modified":"2026-04-29T20:22:54","modified_gmt":"2026-04-29T23:22:54","slug":"faca-bonito-plano-de-aula-e-cartaz-3o-ao-5o-bncc","status":"publish","type":"product","link":"https:\/\/lojasosprofessoratividades.com.br\/en\/product\/faca-bonito-plano-de-aula-e-cartaz-3o-ao-5o-bncc\/","title":{"rendered":"Fa\u00e7a Bonito: Plano de Aula e Cartaz | 3\u00ba ao 5\u00ba BNCC"},"content":{"rendered":"","protected":false},"excerpt":{"rendered":"<p data-start=\"167\" data-end=\"342\">Trabalhe o 18 de maio com plano de aula BNCC, atividades e cartaz prontos para 3\u00ba ao 5\u00ba ano sobre prote\u00e7\u00e3o infantil.<\/p>\n<p data-start=\"344\" data-end=\"525\">Ideal para professores do <strong data-start=\"370\" data-end=\"386\">3\u00ba ao 5\u00ba ano<\/strong>, este arquivo facilita a abordagem do tema com <strong data-start=\"434\" data-end=\"508\">linguagem acess\u00edvel, atividades pr\u00e1ticas e proposta de conscientiza\u00e7\u00e3o<\/strong> em sala de aula.<\/p>\n<h3 data-section-id=\"1ejs430\" data-start=\"532\" data-end=\"560\"><span role=\"text\"><strong data-start=\"538\" data-end=\"560\">O que voc\u00ea recebe:<\/strong><\/span><\/h3>\n<p data-start=\"562\" data-end=\"799\">\u2714 Texto ilustrado e explicativo<br data-start=\"593\" data-end=\"596\" \/>\u2714 Atividades de dupla escolha (com gabarito)<br data-start=\"640\" data-end=\"643\" \/>\u2714 Plano de aula completo (com BNCC)<br data-start=\"678\" data-end=\"681\" \/>\u2714 Sugest\u00e3o de atividade de arte tem\u00e1tica<br data-start=\"721\" data-end=\"724\" \/>\u2714 Cartaz A4 (para uso em sala)<br data-start=\"754\" data-end=\"757\" \/>\u2714 P\u00f4ster ampliado 2&#215;2 para mural escolar<\/p>\n<h3 data-section-id=\"1hwcsbx\" data-start=\"1090\" data-end=\"1111\"><span role=\"text\"><strong data-start=\"1096\" data-end=\"1111\">Importante:<\/strong><\/span><\/h3>\n<ul data-start=\"1113\" data-end=\"1168\">\n<li data-section-id=\"9qzqyd\" data-start=\"1113\" data-end=\"1148\">Arquivo em PDF <strong data-start=\"1130\" data-end=\"1146\">n\u00e3o edit\u00e1vel<\/strong><\/li>\n<li data-section-id=\"1af6yz5\" data-start=\"1149\" data-end=\"1168\">Uso educacional<\/li>\n<\/ul>\n<h3>N\u00e3o enviamos por e-mail, a entrega \u00e9 via link para download.\u00a0<img decoding=\"async\" class=\"emoji\" role=\"img\" draggable=\"false\" src=\"https:\/\/s.w.org\/images\/core\/emoji\/17.0.2\/svg\/1f447.svg\" alt=\"\ud83d\udc47\" \/><\/h3>\n<p><img loading=\"lazy\" decoding=\"async\" class=\"alignnone wp-image-38009 size-full\" src=\"https:\/\/lojasosprofessoratividades.com.br\/wp-content\/uploads\/2026\/02\/Como-baixar-2.jpg\" alt=\"\" width=\"446\" height=\"251\" srcset=\"https:\/\/lojasosprofessoratividades.com.br\/wp-content\/uploads\/2026\/02\/Como-baixar-2.jpg 446w, https:\/\/lojasosprofessoratividades.com.br\/wp-content\/uploads\/2026\/02\/Como-baixar-2-300x169.jpg 300w, https:\/\/lojasosprofessoratividades.com.br\/wp-content\/uploads\/2026\/02\/Como-baixar-2-18x10.jpg 18w\" sizes=\"auto, (max-width: 446px) 100vw, 446px\" \/><\/p>","protected":false},"featured_media":38813,"comment_status":"open","ping_status":"closed","template":"","meta":[],"product_brand":[],"product_cat":[124,125,127,1858,216,218,214,195,204,189,215,217,213],"product_tag":[489,2173,2628,488,662,3717,490,3162,3737,3736],"class_list":{"0":"post-38810","1":"product","2":"type-product","3":"status-publish","4":"has-post-thumbnail","6":"product_cat-3o-ano","7":"product_cat-4o-ano","8":"product_cat-5o-ano","9":"product_cat-arte-2","10":"product_cat-data-comemorativa-4-ano","11":"product_cat-data-comemorativa-5-ano","12":"product_cat-data-comemorativa-3-ano","13":"product_cat-portugues-4-ano","14":"product_cat-portugues-5-anos","15":"product_cat-portugues-3-ano","16":"product_cat-recursos-didaticos-4-ano","17":"product_cat-recursos-didaticos-5-ano","18":"product_cat-recursos-didaticos-3-ano","19":"product_tag-18-de-maio","20":"product_tag-arte","21":"product_tag-atividades-ensino-fundamental","22":"product_tag-campanha-faca-bonito","23":"product_tag-cartaz-escolar","24":"product_tag-combate-ao-abuso-infantil","25":"product_tag-faca-bonito","26":"product_tag-plano-de-aula-bncc","27":"product_tag-projeto-maio-laranja","28":"product_tag-protecao-infantil","30":"first","31":"instock","32":"downloadable","33":"sold-individually","34":"shipping-taxable","35":"purchasable","36":"product-type-simple"},"yoast_head":"<!-- This site is optimized with the Yoast SEO plugin v27.5 - https:\/\/yoast.com\/product\/yoast-seo-wordpress\/ -->\n<title>Fa\u00e7a Bonito: Plano de Aula e Cartaz | 3\u00ba ao 5\u00ba BNCC - Loja SOS Professor Atividades<\/title>\n<meta name=\"description\" content=\"Campanha Fa\u00e7a Bonito 3\u00ba ao 5\u00ba ano BNCC com atividades, cartaz A4, p\u00f4ster 2x2 e gabarito. Material pronto sobre 18 de maio e prote\u00e7\u00e3o infantil.\" \/>\n<meta name=\"robots\" content=\"index, follow, max-snippet:-1, max-image-preview:large, max-video-preview:-1\" \/>\n<link rel=\"canonical\" href=\"https:\/\/lojasosprofessoratividades.com.br\/en\/product\/faca-bonito-plano-de-aula-e-cartaz-3o-ao-5o-bncc\/\" \/>\n<meta property=\"og:locale\" content=\"en_US\" \/>\n<meta property=\"og:type\" content=\"article\" \/>\n<meta property=\"og:title\" content=\"Fa\u00e7a Bonito: Plano de Aula e Cartaz | 3\u00ba ao 5\u00ba BNCC - Loja SOS Professor Atividades\" \/>\n<meta property=\"og:description\" content=\"Campanha Fa\u00e7a Bonito 3\u00ba ao 5\u00ba ano BNCC com atividades, cartaz A4, p\u00f4ster 2x2 e gabarito. Material pronto sobre 18 de maio e prote\u00e7\u00e3o infantil.\" \/>\n<meta property=\"og:url\" content=\"https:\/\/lojasosprofessoratividades.com.br\/en\/product\/faca-bonito-plano-de-aula-e-cartaz-3o-ao-5o-bncc\/\" \/>\n<meta property=\"og:site_name\" content=\"Loja SOS Professor Atividades\" \/>\n<meta property=\"article:publisher\" content=\"https:\/\/www.facebook.com\/sosprofessoratividades\" \/>\n<meta property=\"og:image\" content=\"https:\/\/lojasosprofessoratividades.com.br\/wp-content\/uploads\/2026\/04\/Faca-Bonito-plano-de-aula-e-cartaz-1.png\" \/>\n\t<meta property=\"og:image:width\" content=\"800\" \/>\n\t<meta property=\"og:image:height\" content=\"693\" \/>\n\t<meta property=\"og:image:type\" content=\"image\/png\" \/>\n<meta name=\"twitter:card\" content=\"summary_large_image\" \/>\n<meta name=\"twitter:label1\" content=\"Est. reading time\" \/>\n\t<meta name=\"twitter:data1\" content=\"1 minute\" \/>\n<script type=\"application\/ld+json\" class=\"yoast-schema-graph\">{\"@context\":\"https:\\\/\\\/schema.org\",\"@graph\":[{\"@type\":\"WebPage\",\"@id\":\"https:\\\/\\\/lojasosprofessoratividades.com.br\\\/produto\\\/faca-bonito-plano-de-aula-e-cartaz-3o-ao-5o-bncc\\\/\",\"url\":\"https:\\\/\\\/lojasosprofessoratividades.com.br\\\/produto\\\/faca-bonito-plano-de-aula-e-cartaz-3o-ao-5o-bncc\\\/\",\"name\":\"Fa\u00e7a Bonito: Plano de Aula e Cartaz | 3\u00ba ao 5\u00ba BNCC - Loja SOS Professor Atividades\",\"isPartOf\":{\"@id\":\"https:\\\/\\\/lojasosprofessoratividades.com.br\\\/#website\"},\"primaryImageOfPage\":{\"@id\":\"https:\\\/\\\/lojasosprofessoratividades.com.br\\\/produto\\\/faca-bonito-plano-de-aula-e-cartaz-3o-ao-5o-bncc\\\/#primaryimage\"},\"image\":{\"@id\":\"https:\\\/\\\/lojasosprofessoratividades.com.br\\\/produto\\\/faca-bonito-plano-de-aula-e-cartaz-3o-ao-5o-bncc\\\/#primaryimage\"},\"thumbnailUrl\":\"https:\\\/\\\/lojasosprofessoratividades.com.br\\\/wp-content\\\/uploads\\\/2026\\\/04\\\/Faca-Bonito-plano-de-aula-e-cartaz-1.png\",\"datePublished\":\"2026-04-29T23:22:54+00:00\",\"description\":\"Campanha Fa\u00e7a Bonito 3\u00ba ao 5\u00ba ano BNCC com atividades, cartaz A4, p\u00f4ster 2x2 e gabarito. Material pronto sobre 18 de maio e prote\u00e7\u00e3o infantil.\",\"breadcrumb\":{\"@id\":\"https:\\\/\\\/lojasosprofessoratividades.com.br\\\/produto\\\/faca-bonito-plano-de-aula-e-cartaz-3o-ao-5o-bncc\\\/#breadcrumb\"},\"inLanguage\":\"en-US\",\"potentialAction\":[{\"@type\":\"ReadAction\",\"target\":[\"https:\\\/\\\/lojasosprofessoratividades.com.br\\\/produto\\\/faca-bonito-plano-de-aula-e-cartaz-3o-ao-5o-bncc\\\/\"]}]},{\"@type\":\"ImageObject\",\"inLanguage\":\"en-US\",\"@id\":\"https:\\\/\\\/lojasosprofessoratividades.com.br\\\/produto\\\/faca-bonito-plano-de-aula-e-cartaz-3o-ao-5o-bncc\\\/#primaryimage\",\"url\":\"https:\\\/\\\/lojasosprofessoratividades.com.br\\\/wp-content\\\/uploads\\\/2026\\\/04\\\/Faca-Bonito-plano-de-aula-e-cartaz-1.png\",\"contentUrl\":\"https:\\\/\\\/lojasosprofessoratividades.com.br\\\/wp-content\\\/uploads\\\/2026\\\/04\\\/Faca-Bonito-plano-de-aula-e-cartaz-1.png\",\"width\":800,\"height\":693,\"caption\":\"Fa\u00e7a Bonito plano de aula e cartaz\"},{\"@type\":\"BreadcrumbList\",\"@id\":\"https:\\\/\\\/lojasosprofessoratividades.com.br\\\/produto\\\/faca-bonito-plano-de-aula-e-cartaz-3o-ao-5o-bncc\\\/#breadcrumb\",\"itemListElement\":[{\"@type\":\"ListItem\",\"position\":1,\"name\":\"In\u00edcio\",\"item\":\"https:\\\/\\\/lojasosprofessoratividades.com.br\\\/\"},{\"@type\":\"ListItem\",\"position\":2,\"name\":\"Loja\",\"item\":\"https:\\\/\\\/lojasosprofessoratividades.com.br\\\/loja\\\/\"},{\"@type\":\"ListItem\",\"position\":3,\"name\":\"Fa\u00e7a Bonito: Plano de Aula e Cartaz | 3\u00ba ao 5\u00ba BNCC\"}]},{\"@type\":\"WebSite\",\"@id\":\"https:\\\/\\\/lojasosprofessoratividades.com.br\\\/#website\",\"url\":\"https:\\\/\\\/lojasosprofessoratividades.com.br\\\/\",\"name\":\"Loja SOS Professor Atividades\",\"description\":\"Venda de material did\u00e1tico para o ensino fundamental\",\"publisher\":{\"@id\":\"https:\\\/\\\/lojasosprofessoratividades.com.br\\\/#organization\"},\"potentialAction\":[{\"@type\":\"SearchAction\",\"target\":{\"@type\":\"EntryPoint\",\"urlTemplate\":\"https:\\\/\\\/lojasosprofessoratividades.com.br\\\/?s={search_term_string}\"},\"query-input\":{\"@type\":\"PropertyValueSpecification\",\"valueRequired\":true,\"valueName\":\"search_term_string\"}}],\"inLanguage\":\"en-US\"},{\"@type\":\"Organization\",\"@id\":\"https:\\\/\\\/lojasosprofessoratividades.com.br\\\/#organization\",\"name\":\"Loja SOS Professor Atividades\",\"url\":\"https:\\\/\\\/lojasosprofessoratividades.com.br\\\/\",\"logo\":{\"@type\":\"ImageObject\",\"inLanguage\":\"en-US\",\"@id\":\"https:\\\/\\\/lojasosprofessoratividades.com.br\\\/#\\\/schema\\\/logo\\\/image\\\/\",\"url\":\"http:\\\/\\\/lojasosprofessoratividades.com.br\\\/wp-content\\\/uploads\\\/2022\\\/04\\\/Logo.png\",\"contentUrl\":\"http:\\\/\\\/lojasosprofessoratividades.com.br\\\/wp-content\\\/uploads\\\/2022\\\/04\\\/Logo.png\",\"width\":2000,\"height\":2000,\"caption\":\"Loja SOS Professor Atividades\"},\"image\":{\"@id\":\"https:\\\/\\\/lojasosprofessoratividades.com.br\\\/#\\\/schema\\\/logo\\\/image\\\/\"},\"sameAs\":[\"https:\\\/\\\/www.facebook.com\\\/sosprofessoratividades\",\"https:\\\/\\\/www.instagram.com\\\/sosprofessoratividades\\\/\"]}]}<\/script>\n<!-- \/ Yoast SEO plugin. -->","yoast_head_json":{"title":"Fa\u00e7a Bonito: Plano de Aula e Cartaz | 3\u00ba ao 5\u00ba BNCC - Loja SOS Professor Atividades","description":"Campanha Fa\u00e7a Bonito 3\u00ba ao 5\u00ba ano BNCC com atividades, cartaz A4, p\u00f4ster 2x2 e gabarito. Material pronto sobre 18 de maio e prote\u00e7\u00e3o infantil.","robots":{"index":"index","follow":"follow","max-snippet":"max-snippet:-1","max-image-preview":"max-image-preview:large","max-video-preview":"max-video-preview:-1"},"canonical":"https:\/\/lojasosprofessoratividades.com.br\/en\/product\/faca-bonito-plano-de-aula-e-cartaz-3o-ao-5o-bncc\/","og_locale":"en_US","og_type":"article","og_title":"Fa\u00e7a Bonito: Plano de Aula e Cartaz | 3\u00ba ao 5\u00ba BNCC - Loja SOS Professor Atividades","og_description":"Campanha Fa\u00e7a Bonito 3\u00ba ao 5\u00ba ano BNCC com atividades, cartaz A4, p\u00f4ster 2x2 e gabarito. Material pronto sobre 18 de maio e prote\u00e7\u00e3o infantil.","og_url":"https:\/\/lojasosprofessoratividades.com.br\/en\/product\/faca-bonito-plano-de-aula-e-cartaz-3o-ao-5o-bncc\/","og_site_name":"Loja SOS Professor Atividades","article_publisher":"https:\/\/www.facebook.com\/sosprofessoratividades","og_image":[{"width":800,"height":693,"url":"https:\/\/lojasosprofessoratividades.com.br\/wp-content\/uploads\/2026\/04\/Faca-Bonito-plano-de-aula-e-cartaz-1.png","type":"image\/png"}],"twitter_card":"summary_large_image","twitter_misc":{"Est. reading time":"1 minute"},"schema":{"@context":"https:\/\/schema.org","@graph":[{"@type":"WebPage","@id":"https:\/\/lojasosprofessoratividades.com.br\/produto\/faca-bonito-plano-de-aula-e-cartaz-3o-ao-5o-bncc\/","url":"https:\/\/lojasosprofessoratividades.com.br\/produto\/faca-bonito-plano-de-aula-e-cartaz-3o-ao-5o-bncc\/","name":"Fa\u00e7a Bonito: Plano de Aula e Cartaz | 3\u00ba ao 5\u00ba BNCC - Loja SOS Professor Atividades","isPartOf":{"@id":"https:\/\/lojasosprofessoratividades.com.br\/#website"},"primaryImageOfPage":{"@id":"https:\/\/lojasosprofessoratividades.com.br\/produto\/faca-bonito-plano-de-aula-e-cartaz-3o-ao-5o-bncc\/#primaryimage"},"image":{"@id":"https:\/\/lojasosprofessoratividades.com.br\/produto\/faca-bonito-plano-de-aula-e-cartaz-3o-ao-5o-bncc\/#primaryimage"},"thumbnailUrl":"https:\/\/lojasosprofessoratividades.com.br\/wp-content\/uploads\/2026\/04\/Faca-Bonito-plano-de-aula-e-cartaz-1.png","datePublished":"2026-04-29T23:22:54+00:00","description":"Campanha Fa\u00e7a Bonito 3\u00ba ao 5\u00ba ano BNCC com atividades, cartaz A4, p\u00f4ster 2x2 e gabarito. Material pronto sobre 18 de maio e prote\u00e7\u00e3o infantil.","breadcrumb":{"@id":"https:\/\/lojasosprofessoratividades.com.br\/produto\/faca-bonito-plano-de-aula-e-cartaz-3o-ao-5o-bncc\/#breadcrumb"},"inLanguage":"en-US","potentialAction":[{"@type":"ReadAction","target":["https:\/\/lojasosprofessoratividades.com.br\/produto\/faca-bonito-plano-de-aula-e-cartaz-3o-ao-5o-bncc\/"]}]},{"@type":"ImageObject","inLanguage":"en-US","@id":"https:\/\/lojasosprofessoratividades.com.br\/produto\/faca-bonito-plano-de-aula-e-cartaz-3o-ao-5o-bncc\/#primaryimage","url":"https:\/\/lojasosprofessoratividades.com.br\/wp-content\/uploads\/2026\/04\/Faca-Bonito-plano-de-aula-e-cartaz-1.png","contentUrl":"https:\/\/lojasosprofessoratividades.com.br\/wp-content\/uploads\/2026\/04\/Faca-Bonito-plano-de-aula-e-cartaz-1.png","width":800,"height":693,"caption":"Fa\u00e7a Bonito plano de aula e cartaz"},{"@type":"BreadcrumbList","@id":"https:\/\/lojasosprofessoratividades.com.br\/produto\/faca-bonito-plano-de-aula-e-cartaz-3o-ao-5o-bncc\/#breadcrumb","itemListElement":[{"@type":"ListItem","position":1,"name":"In\u00edcio","item":"https:\/\/lojasosprofessoratividades.com.br\/"},{"@type":"ListItem","position":2,"name":"Loja","item":"https:\/\/lojasosprofessoratividades.com.br\/loja\/"},{"@type":"ListItem","position":3,"name":"Fa\u00e7a Bonito: Plano de Aula e Cartaz | 3\u00ba ao 5\u00ba BNCC"}]},{"@type":"WebSite","@id":"https:\/\/lojasosprofessoratividades.com.br\/#website","url":"https:\/\/lojasosprofessoratividades.com.br\/","name":"Loja SOS Professor Atividades","description":"Venda de material did\u00e1tico para o ensino fundamental","publisher":{"@id":"https:\/\/lojasosprofessoratividades.com.br\/#organization"},"potentialAction":[{"@type":"SearchAction","target":{"@type":"EntryPoint","urlTemplate":"https:\/\/lojasosprofessoratividades.com.br\/?s={search_term_string}"},"query-input":{"@type":"PropertyValueSpecification","valueRequired":true,"valueName":"search_term_string"}}],"inLanguage":"en-US"},{"@type":"Organization","@id":"https:\/\/lojasosprofessoratividades.com.br\/#organization","name":"Loja SOS Professor Atividades","url":"https:\/\/lojasosprofessoratividades.com.br\/","logo":{"@type":"ImageObject","inLanguage":"en-US","@id":"https:\/\/lojasosprofessoratividades.com.br\/#\/schema\/logo\/image\/","url":"http:\/\/lojasosprofessoratividades.com.br\/wp-content\/uploads\/2022\/04\/Logo.png","contentUrl":"http:\/\/lojasosprofessoratividades.com.br\/wp-content\/uploads\/2022\/04\/Logo.png","width":2000,"height":2000,"caption":"Loja SOS Professor Atividades"},"image":{"@id":"https:\/\/lojasosprofessoratividades.com.br\/#\/schema\/logo\/image\/"},"sameAs":["https:\/\/www.facebook.com\/sosprofessoratividades","https:\/\/www.instagram.com\/sosprofessoratividades\/"]}]}},"_links":{"self":[{"href":"https:\/\/lojasosprofessoratividades.com.br\/en\/wp-json\/wp\/v2\/product\/38810","targetHints":{"allow":["GET"]}}],"collection":[{"href":"https:\/\/lojasosprofessoratividades.com.br\/en\/wp-json\/wp\/v2\/product"}],"about":[{"href":"https:\/\/lojasosprofessoratividades.com.br\/en\/wp-json\/wp\/v2\/types\/product"}],"replies":[{"embeddable":true,"href":"https:\/\/lojasosprofessoratividades.com.br\/en\/wp-json\/wp\/v2\/comments?post=38810"}],"wp:featuredmedia":[{"embeddable":true,"href":"https:\/\/lojasosprofessoratividades.com.br\/en\/wp-json\/wp\/v2\/media\/38813"}],"wp:attachment":[{"href":"https:\/\/lojasosprofessoratividades.com.br\/en\/wp-json\/wp\/v2\/media?parent=38810"}],"wp:term":[{"taxonomy":"product_brand","embeddable":true,"href":"https:\/\/lojasosprofessoratividades.com.br\/en\/wp-json\/wp\/v2\/product_brand?post=38810"},{"taxonomy":"product_cat","embeddable":true,"href":"https:\/\/lojasosprofessoratividades.com.br\/en\/wp-json\/wp\/v2\/product_cat?post=38810"},{"taxonomy":"product_tag","embeddable":true,"href":"https:\/\/lojasosprofessoratividades.com.br\/en\/wp-json\/wp\/v2\/product_tag?post=38810"}],"curies":[{"name":"wp","href":"https:\/\/api.w.org\/{rel}","templated":true}]}}