{"id":38845,"date":"2026-05-06T16:55:40","date_gmt":"2026-05-06T19:55:40","guid":{"rendered":"https:\/\/lojasosprofessoratividades.com.br\/?post_type=product&#038;p=38845"},"modified":"2026-05-06T16:55:40","modified_gmt":"2026-05-06T19:55:40","slug":"o-pequeno-principe-em-cordel-sequencia-didatica","status":"publish","type":"product","link":"https:\/\/lojasosprofessoratividades.com.br\/en\/product\/o-pequeno-principe-em-cordel-sequencia-didatica\/","title":{"rendered":"O Pequeno Pr\u00edncipe em Cordel: Sequ\u00eancia Did\u00e1tica"},"content":{"rendered":"","protected":false},"excerpt":{"rendered":"<p>Atividades ricas, criativas e cheias de cultura nordestina, <strong>material completo e pronto para uso<\/strong>, ideal para turmas do <strong>4\u00ba e 5\u00ba ano<\/strong>.<\/p>\n<p>Perfeito para professores que desejam trabalhar literatura, arte, geografia e matem\u00e1tica de forma integrada.<\/p>\n<h3><strong>Voc\u00ea recebe neste arquivo:<\/strong><\/h3>\n<ul>\n<li><strong>Sinopse do livro <\/strong><em><strong>O Pequeno Pr\u00edncipe em Cordel<\/strong><\/em><\/li>\n<li><strong>Leitura e interpreta\u00e7\u00e3o do cordel <\/strong><em><strong>O Pequeno Pr\u00edncipe<\/strong><\/em><\/li>\n<li><strong>Estudo da literatura de cordel, sextilha e xilogravura (atividade de arte)<\/strong><\/li>\n<li><strong>Leitura e interpreta\u00e7\u00e3o do cordel <\/strong><em><strong>O P\u00f4r do Sol<\/strong><\/em><strong> \u2013 Josu\u00e9 Limeira<\/strong><\/li>\n<li><strong>Quebra\u2011cabe\u00e7a matem\u00e1tico tem\u00e1tico<\/strong><\/li>\n<li><strong>Biografia adaptada: Abra\u00e3o Batista (xilogravurista e poeta)<\/strong><\/li>\n<li><strong>Atividade de localiza\u00e7\u00e3o espacial com mapa do Brasil<\/strong><\/li>\n<li><strong>Cartaz A4 para amplia\u00e7\u00e3o personalizada<\/strong><\/li>\n<li><strong>P\u00f4ster 2&#215;4 para mural ou sala de aula<\/strong><\/li>\n<li><strong>Gabarito completo<\/strong><\/li>\n<li><strong>Plano de aula estruturado<\/strong><\/li>\n<\/ul>\n<h3><strong>Importante<\/strong><\/h3>\n<p>Este \u00e9 um <strong>arquivo n\u00e3o edit\u00e1vel<\/strong>.<\/p>\n<p>Perfeito para quem deseja praticidade e qualidade imediata.<\/p>\n<h3>N\u00e3o enviamos por e-mail, a entrega \u00e9 via link para download.\u00a0<img decoding=\"async\" class=\"emoji\" role=\"img\" draggable=\"false\" src=\"https:\/\/s.w.org\/images\/core\/emoji\/17.0.2\/svg\/1f447.svg\" alt=\"\ud83d\udc47\" \/><\/h3>\n<p><img loading=\"lazy\" decoding=\"async\" class=\"alignnone wp-image-38009 size-full\" src=\"https:\/\/lojasosprofessoratividades.com.br\/wp-content\/uploads\/2026\/02\/Como-baixar-2.jpg\" alt=\"\" width=\"446\" height=\"251\" srcset=\"https:\/\/lojasosprofessoratividades.com.br\/wp-content\/uploads\/2026\/02\/Como-baixar-2.jpg 446w, https:\/\/lojasosprofessoratividades.com.br\/wp-content\/uploads\/2026\/02\/Como-baixar-2-300x169.jpg 300w, https:\/\/lojasosprofessoratividades.com.br\/wp-content\/uploads\/2026\/02\/Como-baixar-2-18x10.jpg 18w\" sizes=\"auto, (max-width: 446px) 100vw, 446px\" \/><\/p>","protected":false},"featured_media":38849,"comment_status":"open","ping_status":"closed","template":"","meta":[],"product_brand":[],"product_cat":[125,127,1858,199,191,208,193,205,194,195,204,215,217],"product_tag":[3744,1599,1551,3125,3739,579,1928,1904,3741,505,245,250,3743,1022,3391,1626,643,3742,3738,398,549,342,3740,1024],"class_list":{"0":"post-38845","1":"product","2":"type-product","3":"status-publish","4":"has-post-thumbnail","6":"product_cat-4o-ano","7":"product_cat-5o-ano","8":"product_cat-arte-2","9":"product_cat-atividades-interativas-5-anos","10":"product_cat-atividades-interativas-4-ano","11":"product_cat-geografia-5-ano","12":"product_cat-geografia-4-ano","13":"product_cat-matematica-5-ano","14":"product_cat-matematica-4-ano","15":"product_cat-portugues-4-ano","16":"product_cat-portugues-5-anos","17":"product_cat-recursos-didaticos-4-ano","18":"product_cat-recursos-didaticos-5-ano","19":"product_tag-abraao-batista","20":"product_tag-atividades-4o-ano","21":"product_tag-atividades-5o-ano","22":"product_tag-atividades-de-arte","23":"product_tag-atividades-de-cordel","24":"product_tag-atividades-educativas","25":"product_tag-atividades-imprimiveis","26":"product_tag-cordel","27":"product_tag-cordel-para-imprimir","28":"product_tag-cultura-nordestina","29":"product_tag-ensino-fundamental","30":"product_tag-interpretacao-de-texto","31":"product_tag-josue-limeira","32":"product_tag-literatura-de-cordel","33":"product_tag-localizacao-espacial","34":"product_tag-mapa-do-brasil","35":"product_tag-material-pedagogico","36":"product_tag-o-pequeno-principe-atividades","37":"product_tag-o-pequeno-principe-em-cordel","38":"product_tag-plano-de-aula","39":"product_tag-recursos-para-professores","40":"product_tag-sequencia-didatica","41":"product_tag-sextilha","42":"product_tag-xilogravura","44":"first","45":"instock","46":"downloadable","47":"sold-individually","48":"shipping-taxable","49":"purchasable","50":"product-type-simple"},"yoast_head":"<!-- This site is optimized with the Yoast SEO plugin v27.5 - https:\/\/yoast.com\/product\/yoast-seo-wordpress\/ -->\n<title>O Pequeno Pr\u00edncipe em Cordel: Sequ\u00eancia Did\u00e1tica - Loja SOS Professor Atividades<\/title>\n<meta name=\"description\" content=\"Sequ\u00eancia Did\u00e1tica: O Pequeno Pr\u00edncipe em Cordel com atividades, plano de aula, artes, mapas e gabarito. Material pronto para 4\u00ba e 5\u00ba ano.\" \/>\n<meta name=\"robots\" content=\"index, follow, max-snippet:-1, max-image-preview:large, max-video-preview:-1\" \/>\n<link rel=\"canonical\" href=\"https:\/\/lojasosprofessoratividades.com.br\/en\/product\/o-pequeno-principe-em-cordel-sequencia-didatica\/\" \/>\n<meta property=\"og:locale\" content=\"en_US\" \/>\n<meta property=\"og:type\" content=\"article\" \/>\n<meta property=\"og:title\" content=\"O Pequeno Pr\u00edncipe em Cordel: Sequ\u00eancia Did\u00e1tica - Loja SOS Professor Atividades\" \/>\n<meta property=\"og:description\" content=\"Sequ\u00eancia Did\u00e1tica: O Pequeno Pr\u00edncipe em Cordel com atividades, plano de aula, artes, mapas e gabarito. Material pronto para 4\u00ba e 5\u00ba ano.\" \/>\n<meta property=\"og:url\" content=\"https:\/\/lojasosprofessoratividades.com.br\/en\/product\/o-pequeno-principe-em-cordel-sequencia-didatica\/\" \/>\n<meta property=\"og:site_name\" content=\"Loja SOS Professor Atividades\" \/>\n<meta property=\"article:publisher\" content=\"https:\/\/www.facebook.com\/sosprofessoratividades\" \/>\n<meta property=\"og:image\" content=\"https:\/\/lojasosprofessoratividades.com.br\/wp-content\/uploads\/2026\/05\/O-Pequeno-Principe-em-cordel-1.jpg\" \/>\n\t<meta property=\"og:image:width\" content=\"800\" \/>\n\t<meta property=\"og:image:height\" content=\"693\" \/>\n\t<meta property=\"og:image:type\" content=\"image\/jpeg\" \/>\n<meta name=\"twitter:card\" content=\"summary_large_image\" \/>\n<meta name=\"twitter:label1\" content=\"Est. reading time\" \/>\n\t<meta name=\"twitter:data1\" content=\"1 minute\" \/>\n<script type=\"application\/ld+json\" class=\"yoast-schema-graph\">{\"@context\":\"https:\\\/\\\/schema.org\",\"@graph\":[{\"@type\":\"WebPage\",\"@id\":\"https:\\\/\\\/lojasosprofessoratividades.com.br\\\/produto\\\/o-pequeno-principe-em-cordel-sequencia-didatica\\\/\",\"url\":\"https:\\\/\\\/lojasosprofessoratividades.com.br\\\/produto\\\/o-pequeno-principe-em-cordel-sequencia-didatica\\\/\",\"name\":\"O Pequeno Pr\u00edncipe em Cordel: Sequ\u00eancia Did\u00e1tica - Loja SOS Professor Atividades\",\"isPartOf\":{\"@id\":\"https:\\\/\\\/lojasosprofessoratividades.com.br\\\/#website\"},\"primaryImageOfPage\":{\"@id\":\"https:\\\/\\\/lojasosprofessoratividades.com.br\\\/produto\\\/o-pequeno-principe-em-cordel-sequencia-didatica\\\/#primaryimage\"},\"image\":{\"@id\":\"https:\\\/\\\/lojasosprofessoratividades.com.br\\\/produto\\\/o-pequeno-principe-em-cordel-sequencia-didatica\\\/#primaryimage\"},\"thumbnailUrl\":\"https:\\\/\\\/lojasosprofessoratividades.com.br\\\/wp-content\\\/uploads\\\/2026\\\/05\\\/O-Pequeno-Principe-em-cordel-1.jpg\",\"datePublished\":\"2026-05-06T19:55:40+00:00\",\"description\":\"Sequ\u00eancia Did\u00e1tica: O Pequeno Pr\u00edncipe em Cordel com atividades, plano de aula, artes, mapas e gabarito. Material pronto para 4\u00ba e 5\u00ba ano.\",\"breadcrumb\":{\"@id\":\"https:\\\/\\\/lojasosprofessoratividades.com.br\\\/produto\\\/o-pequeno-principe-em-cordel-sequencia-didatica\\\/#breadcrumb\"},\"inLanguage\":\"en-US\",\"potentialAction\":[{\"@type\":\"ReadAction\",\"target\":[\"https:\\\/\\\/lojasosprofessoratividades.com.br\\\/produto\\\/o-pequeno-principe-em-cordel-sequencia-didatica\\\/\"]}]},{\"@type\":\"ImageObject\",\"inLanguage\":\"en-US\",\"@id\":\"https:\\\/\\\/lojasosprofessoratividades.com.br\\\/produto\\\/o-pequeno-principe-em-cordel-sequencia-didatica\\\/#primaryimage\",\"url\":\"https:\\\/\\\/lojasosprofessoratividades.com.br\\\/wp-content\\\/uploads\\\/2026\\\/05\\\/O-Pequeno-Principe-em-cordel-1.jpg\",\"contentUrl\":\"https:\\\/\\\/lojasosprofessoratividades.com.br\\\/wp-content\\\/uploads\\\/2026\\\/05\\\/O-Pequeno-Principe-em-cordel-1.jpg\",\"width\":800,\"height\":693,\"caption\":\"O Pequeno Pr\u00edncipe em Cordel Sequ\u00eancia Did\u00e1tica\"},{\"@type\":\"BreadcrumbList\",\"@id\":\"https:\\\/\\\/lojasosprofessoratividades.com.br\\\/produto\\\/o-pequeno-principe-em-cordel-sequencia-didatica\\\/#breadcrumb\",\"itemListElement\":[{\"@type\":\"ListItem\",\"position\":1,\"name\":\"In\u00edcio\",\"item\":\"https:\\\/\\\/lojasosprofessoratividades.com.br\\\/\"},{\"@type\":\"ListItem\",\"position\":2,\"name\":\"Loja\",\"item\":\"https:\\\/\\\/lojasosprofessoratividades.com.br\\\/loja\\\/\"},{\"@type\":\"ListItem\",\"position\":3,\"name\":\"O Pequeno Pr\u00edncipe em Cordel: Sequ\u00eancia Did\u00e1tica\"}]},{\"@type\":\"WebSite\",\"@id\":\"https:\\\/\\\/lojasosprofessoratividades.com.br\\\/#website\",\"url\":\"https:\\\/\\\/lojasosprofessoratividades.com.br\\\/\",\"name\":\"Loja SOS Professor Atividades\",\"description\":\"Venda de material did\u00e1tico para o ensino fundamental\",\"publisher\":{\"@id\":\"https:\\\/\\\/lojasosprofessoratividades.com.br\\\/#organization\"},\"potentialAction\":[{\"@type\":\"SearchAction\",\"target\":{\"@type\":\"EntryPoint\",\"urlTemplate\":\"https:\\\/\\\/lojasosprofessoratividades.com.br\\\/?s={search_term_string}\"},\"query-input\":{\"@type\":\"PropertyValueSpecification\",\"valueRequired\":true,\"valueName\":\"search_term_string\"}}],\"inLanguage\":\"en-US\"},{\"@type\":\"Organization\",\"@id\":\"https:\\\/\\\/lojasosprofessoratividades.com.br\\\/#organization\",\"name\":\"Loja SOS Professor Atividades\",\"url\":\"https:\\\/\\\/lojasosprofessoratividades.com.br\\\/\",\"logo\":{\"@type\":\"ImageObject\",\"inLanguage\":\"en-US\",\"@id\":\"https:\\\/\\\/lojasosprofessoratividades.com.br\\\/#\\\/schema\\\/logo\\\/image\\\/\",\"url\":\"http:\\\/\\\/lojasosprofessoratividades.com.br\\\/wp-content\\\/uploads\\\/2022\\\/04\\\/Logo.png\",\"contentUrl\":\"http:\\\/\\\/lojasosprofessoratividades.com.br\\\/wp-content\\\/uploads\\\/2022\\\/04\\\/Logo.png\",\"width\":2000,\"height\":2000,\"caption\":\"Loja SOS Professor Atividades\"},\"image\":{\"@id\":\"https:\\\/\\\/lojasosprofessoratividades.com.br\\\/#\\\/schema\\\/logo\\\/image\\\/\"},\"sameAs\":[\"https:\\\/\\\/www.facebook.com\\\/sosprofessoratividades\",\"https:\\\/\\\/www.instagram.com\\\/sosprofessoratividades\\\/\"]}]}<\/script>\n<!-- \/ Yoast SEO plugin. -->","yoast_head_json":{"title":"O Pequeno Pr\u00edncipe em Cordel: Sequ\u00eancia Did\u00e1tica - Loja SOS Professor Atividades","description":"Sequ\u00eancia Did\u00e1tica: O Pequeno Pr\u00edncipe em Cordel com atividades, plano de aula, artes, mapas e gabarito. Material pronto para 4\u00ba e 5\u00ba ano.","robots":{"index":"index","follow":"follow","max-snippet":"max-snippet:-1","max-image-preview":"max-image-preview:large","max-video-preview":"max-video-preview:-1"},"canonical":"https:\/\/lojasosprofessoratividades.com.br\/en\/product\/o-pequeno-principe-em-cordel-sequencia-didatica\/","og_locale":"en_US","og_type":"article","og_title":"O Pequeno Pr\u00edncipe em Cordel: Sequ\u00eancia Did\u00e1tica - Loja SOS Professor Atividades","og_description":"Sequ\u00eancia Did\u00e1tica: O Pequeno Pr\u00edncipe em Cordel com atividades, plano de aula, artes, mapas e gabarito. Material pronto para 4\u00ba e 5\u00ba ano.","og_url":"https:\/\/lojasosprofessoratividades.com.br\/en\/product\/o-pequeno-principe-em-cordel-sequencia-didatica\/","og_site_name":"Loja SOS Professor Atividades","article_publisher":"https:\/\/www.facebook.com\/sosprofessoratividades","og_image":[{"width":800,"height":693,"url":"https:\/\/lojasosprofessoratividades.com.br\/wp-content\/uploads\/2026\/05\/O-Pequeno-Principe-em-cordel-1.jpg","type":"image\/jpeg"}],"twitter_card":"summary_large_image","twitter_misc":{"Est. reading time":"1 minute"},"schema":{"@context":"https:\/\/schema.org","@graph":[{"@type":"WebPage","@id":"https:\/\/lojasosprofessoratividades.com.br\/produto\/o-pequeno-principe-em-cordel-sequencia-didatica\/","url":"https:\/\/lojasosprofessoratividades.com.br\/produto\/o-pequeno-principe-em-cordel-sequencia-didatica\/","name":"O Pequeno Pr\u00edncipe em Cordel: Sequ\u00eancia Did\u00e1tica - Loja SOS Professor Atividades","isPartOf":{"@id":"https:\/\/lojasosprofessoratividades.com.br\/#website"},"primaryImageOfPage":{"@id":"https:\/\/lojasosprofessoratividades.com.br\/produto\/o-pequeno-principe-em-cordel-sequencia-didatica\/#primaryimage"},"image":{"@id":"https:\/\/lojasosprofessoratividades.com.br\/produto\/o-pequeno-principe-em-cordel-sequencia-didatica\/#primaryimage"},"thumbnailUrl":"https:\/\/lojasosprofessoratividades.com.br\/wp-content\/uploads\/2026\/05\/O-Pequeno-Principe-em-cordel-1.jpg","datePublished":"2026-05-06T19:55:40+00:00","description":"Sequ\u00eancia Did\u00e1tica: O Pequeno Pr\u00edncipe em Cordel com atividades, plano de aula, artes, mapas e gabarito. Material pronto para 4\u00ba e 5\u00ba ano.","breadcrumb":{"@id":"https:\/\/lojasosprofessoratividades.com.br\/produto\/o-pequeno-principe-em-cordel-sequencia-didatica\/#breadcrumb"},"inLanguage":"en-US","potentialAction":[{"@type":"ReadAction","target":["https:\/\/lojasosprofessoratividades.com.br\/produto\/o-pequeno-principe-em-cordel-sequencia-didatica\/"]}]},{"@type":"ImageObject","inLanguage":"en-US","@id":"https:\/\/lojasosprofessoratividades.com.br\/produto\/o-pequeno-principe-em-cordel-sequencia-didatica\/#primaryimage","url":"https:\/\/lojasosprofessoratividades.com.br\/wp-content\/uploads\/2026\/05\/O-Pequeno-Principe-em-cordel-1.jpg","contentUrl":"https:\/\/lojasosprofessoratividades.com.br\/wp-content\/uploads\/2026\/05\/O-Pequeno-Principe-em-cordel-1.jpg","width":800,"height":693,"caption":"O Pequeno Pr\u00edncipe em Cordel Sequ\u00eancia Did\u00e1tica"},{"@type":"BreadcrumbList","@id":"https:\/\/lojasosprofessoratividades.com.br\/produto\/o-pequeno-principe-em-cordel-sequencia-didatica\/#breadcrumb","itemListElement":[{"@type":"ListItem","position":1,"name":"In\u00edcio","item":"https:\/\/lojasosprofessoratividades.com.br\/"},{"@type":"ListItem","position":2,"name":"Loja","item":"https:\/\/lojasosprofessoratividades.com.br\/loja\/"},{"@type":"ListItem","position":3,"name":"O Pequeno Pr\u00edncipe em Cordel: Sequ\u00eancia Did\u00e1tica"}]},{"@type":"WebSite","@id":"https:\/\/lojasosprofessoratividades.com.br\/#website","url":"https:\/\/lojasosprofessoratividades.com.br\/","name":"Loja SOS Professor Atividades","description":"Venda de material did\u00e1tico para o ensino fundamental","publisher":{"@id":"https:\/\/lojasosprofessoratividades.com.br\/#organization"},"potentialAction":[{"@type":"SearchAction","target":{"@type":"EntryPoint","urlTemplate":"https:\/\/lojasosprofessoratividades.com.br\/?s={search_term_string}"},"query-input":{"@type":"PropertyValueSpecification","valueRequired":true,"valueName":"search_term_string"}}],"inLanguage":"en-US"},{"@type":"Organization","@id":"https:\/\/lojasosprofessoratividades.com.br\/#organization","name":"Loja SOS Professor Atividades","url":"https:\/\/lojasosprofessoratividades.com.br\/","logo":{"@type":"ImageObject","inLanguage":"en-US","@id":"https:\/\/lojasosprofessoratividades.com.br\/#\/schema\/logo\/image\/","url":"http:\/\/lojasosprofessoratividades.com.br\/wp-content\/uploads\/2022\/04\/Logo.png","contentUrl":"http:\/\/lojasosprofessoratividades.com.br\/wp-content\/uploads\/2022\/04\/Logo.png","width":2000,"height":2000,"caption":"Loja SOS Professor Atividades"},"image":{"@id":"https:\/\/lojasosprofessoratividades.com.br\/#\/schema\/logo\/image\/"},"sameAs":["https:\/\/www.facebook.com\/sosprofessoratividades","https:\/\/www.instagram.com\/sosprofessoratividades\/"]}]}},"_links":{"self":[{"href":"https:\/\/lojasosprofessoratividades.com.br\/en\/wp-json\/wp\/v2\/product\/38845","targetHints":{"allow":["GET"]}}],"collection":[{"href":"https:\/\/lojasosprofessoratividades.com.br\/en\/wp-json\/wp\/v2\/product"}],"about":[{"href":"https:\/\/lojasosprofessoratividades.com.br\/en\/wp-json\/wp\/v2\/types\/product"}],"replies":[{"embeddable":true,"href":"https:\/\/lojasosprofessoratividades.com.br\/en\/wp-json\/wp\/v2\/comments?post=38845"}],"wp:featuredmedia":[{"embeddable":true,"href":"https:\/\/lojasosprofessoratividades.com.br\/en\/wp-json\/wp\/v2\/media\/38849"}],"wp:attachment":[{"href":"https:\/\/lojasosprofessoratividades.com.br\/en\/wp-json\/wp\/v2\/media?parent=38845"}],"wp:term":[{"taxonomy":"product_brand","embeddable":true,"href":"https:\/\/lojasosprofessoratividades.com.br\/en\/wp-json\/wp\/v2\/product_brand?post=38845"},{"taxonomy":"product_cat","embeddable":true,"href":"https:\/\/lojasosprofessoratividades.com.br\/en\/wp-json\/wp\/v2\/product_cat?post=38845"},{"taxonomy":"product_tag","embeddable":true,"href":"https:\/\/lojasosprofessoratividades.com.br\/en\/wp-json\/wp\/v2\/product_tag?post=38845"}],"curies":[{"name":"wp","href":"https:\/\/api.w.org\/{rel}","templated":true}]}}