{"id":38893,"date":"2026-05-11T23:40:40","date_gmt":"2026-05-12T02:40:40","guid":{"rendered":"https:\/\/lojasosprofessoratividades.com.br\/?post_type=product&#038;p=38893"},"modified":"2026-05-11T23:40:40","modified_gmt":"2026-05-12T02:40:40","slug":"paises-sede-da-copa-2026-atividades-imprimiveis-bncc","status":"publish","type":"product","link":"https:\/\/lojasosprofessoratividades.com.br\/en\/product\/paises-sede-da-copa-2026-atividades-imprimiveis-bncc\/","title":{"rendered":"Pa\u00edses-Sede da Copa 2026: Atividades Imprim\u00edveis \u2013 BNCC"},"content":{"rendered":"","protected":false},"excerpt":{"rendered":"<div>Um material completo, pronto para imprimir, ideal para turmas do <strong>3\u00ba ao 5\u00ba ano<\/strong> que est\u00e3o estudando <strong>Geografia, Cultura, Atualidades<\/strong> e os <strong>pa\u00edses-sede da Copa do Mundo 2026<\/strong>. Conte\u00fado organizado, visual e alinhado \u00e0 <strong>BNCC<\/strong>, perfeito para enriquecer suas aulas.<\/div>\n<div><\/div>\n<div tabindex=\"0\" role=\"article\" data-tabster=\"{&quot;groupper&quot;:{&quot;tabbability&quot;:2},&quot;focusable&quot;:{}}\" data-content=\"ai-message\" data-testid=\"ai-message\" aria-labelledby=\"zEMWvSMs4fofCSEUMTCHH-author zEMWvSMs4fofCSEUMTCHH-content-0\">\n<div class=\"space-y-3 mt-3\">\n<div id=\"zEMWvSMs4fofCSEUMTCHH-content-0\">\n<h3><strong>O que voc\u00ea recebe neste arquivo n\u00e3o edit\u00e1vel:<\/strong><\/h3>\n<p>\u2714 <strong>Textos informativos<\/strong> sobre Estados Unidos, M\u00e9xico e Canad\u00e1<\/p>\n<p>\u2714 <strong>Question\u00e1rios de m\u00faltipla escolha<\/strong> sobre cada pa\u00eds<\/p>\n<p>\u2714 <strong>Plano de aula completo<\/strong> dividido em tr\u00eas momentos (BNCC)<\/p>\n<p>\u2714 <strong>Gabarito<\/strong> para facilitar a corre\u00e7\u00e3o<\/p>\n<p>Material claro, did\u00e1tico e pronto para uso em sala<\/p>\n<h3><strong>Benef\u00edcios para o professor<\/strong><\/h3>\n<ul>\n<li>Economia de tempo com atividades prontas<\/li>\n<li>Conte\u00fado atualizado com a Copa 2026<\/li>\n<li>Ideal para projetos, sequ\u00eancias did\u00e1ticas e aulas tem\u00e1ticas<\/li>\n<li>Excelente para trabalhar leitura, interpreta\u00e7\u00e3o e conhecimentos geogr\u00e1ficos<\/li>\n<\/ul>\n<h3><strong>Indicado para<\/strong><\/h3>\n<p>Turmas do <strong>3\u00ba ao 5\u00ba ano<\/strong>, escolas p\u00fablicas e privadas, refor\u00e7o escolar e aulas de projetos.<\/p>\n<h3>N\u00e3o enviamos por e-mail, a entrega \u00e9 via link para download.\u00a0<img decoding=\"async\" class=\"emoji\" role=\"img\" draggable=\"false\" src=\"https:\/\/s.w.org\/images\/core\/emoji\/17.0.2\/svg\/1f447.svg\" alt=\"\ud83d\udc47\" \/><\/h3>\n<div><img loading=\"lazy\" decoding=\"async\" class=\"alignnone wp-image-38009 size-full\" src=\"https:\/\/lojasosprofessoratividades.com.br\/wp-content\/uploads\/2026\/02\/Como-baixar-2.jpg\" alt=\"\" width=\"446\" height=\"251\" srcset=\"https:\/\/lojasosprofessoratividades.com.br\/wp-content\/uploads\/2026\/02\/Como-baixar-2.jpg 446w, https:\/\/lojasosprofessoratividades.com.br\/wp-content\/uploads\/2026\/02\/Como-baixar-2-300x169.jpg 300w, https:\/\/lojasosprofessoratividades.com.br\/wp-content\/uploads\/2026\/02\/Como-baixar-2-18x10.jpg 18w\" sizes=\"auto, (max-width: 446px) 100vw, 446px\" \/><\/div>\n<div><\/div>\n<\/div>\n<\/div>\n<\/div>\n<div tabindex=\"0\" role=\"article\" data-tabster=\"{&quot;groupper&quot;:{&quot;tabbability&quot;:2},&quot;focusable&quot;:{}}\" data-content=\"ai-message\" data-testid=\"ai-message\" aria-labelledby=\"ydATcPa1x5jtD21e5H64U-author ydATcPa1x5jtD21e5H64U-content-0\">\n<div class=\"space-y-3 mt-3\">\n<div id=\"ydATcPa1x5jtD21e5H64U-content-0\">\n<p>&nbsp;<\/p>\n<\/div>\n<\/div>\n<\/div>","protected":false},"featured_media":38895,"comment_status":"open","ping_status":"closed","template":"","meta":[],"product_brand":[],"product_cat":[124,125,127,214,216,218,208,193,186,189,195,204],"product_tag":[1598,1599,1551,2775,3745,1703,1928,2008,3752,3753,3748,535,3749,3747,718,3750,3746,3162,3754,3751],"class_list":{"0":"post-38893","1":"product","2":"type-product","3":"status-publish","4":"has-post-thumbnail","6":"product_cat-3o-ano","7":"product_cat-4o-ano","8":"product_cat-5o-ano","9":"product_cat-data-comemorativa-3-ano","10":"product_cat-data-comemorativa-4-ano","11":"product_cat-data-comemorativa-5-ano","12":"product_cat-geografia-5-ano","13":"product_cat-geografia-4-ano","14":"product_cat-geografia-3-ano","15":"product_cat-portugues-3-ano","16":"product_cat-portugues-4-ano","17":"product_cat-portugues-5-anos","18":"product_tag-atividades-3o-ano","19":"product_tag-atividades-4o-ano","20":"product_tag-atividades-5o-ano","21":"product_tag-atividades-bncc","22":"product_tag-atividades-copa-2026","23":"product_tag-atividades-de-geografia","24":"product_tag-atividades-imprimiveis","25":"product_tag-atividades-prontas-para-imprimir","26":"product_tag-atividades-sobre-paises","27":"product_tag-copa-2026-na-escola","28":"product_tag-copa-do-mundo-2026","29":"product_tag-ensino-fundamental-i","30":"product_tag-eua-mexico-canada","31":"product_tag-geografia-fundamental","32":"product_tag-material-para-professores","33":"product_tag-material-pedagogico-copa","34":"product_tag-paises-sede-copa-2026","35":"product_tag-plano-de-aula-bncc","36":"product_tag-sequencia-didatica-copa-2026","37":"product_tag-textos-e-questionarios","39":"first","40":"instock","41":"downloadable","42":"sold-individually","43":"shipping-taxable","44":"purchasable","45":"product-type-simple"},"yoast_head":"<!-- This site is optimized with the Yoast SEO plugin v27.5 - https:\/\/yoast.com\/product\/yoast-seo-wordpress\/ -->\n<title>Pa\u00edses-Sede da Copa 2026: Atividades Imprim\u00edveis \u2013 BNCC - Loja SOS Professor Atividades<\/title>\n<meta name=\"description\" content=\"Atividades BNCC sobre os pa\u00edses-sede da Copa 2026. Textos, question\u00e1rios, plano de aula e gabarito para turmas do 3\u00ba ao 5\u00ba ano. Arquivo para imprimir.\" \/>\n<meta name=\"robots\" content=\"index, follow, max-snippet:-1, max-image-preview:large, max-video-preview:-1\" \/>\n<link rel=\"canonical\" href=\"https:\/\/lojasosprofessoratividades.com.br\/en\/product\/paises-sede-da-copa-2026-atividades-imprimiveis-bncc\/\" \/>\n<meta property=\"og:locale\" content=\"en_US\" \/>\n<meta property=\"og:type\" content=\"article\" \/>\n<meta property=\"og:title\" content=\"Pa\u00edses-Sede da Copa 2026: Atividades Imprim\u00edveis \u2013 BNCC - Loja SOS Professor Atividades\" \/>\n<meta property=\"og:description\" content=\"Atividades BNCC sobre os pa\u00edses-sede da Copa 2026. Textos, question\u00e1rios, plano de aula e gabarito para turmas do 3\u00ba ao 5\u00ba ano. Arquivo para imprimir.\" \/>\n<meta property=\"og:url\" content=\"https:\/\/lojasosprofessoratividades.com.br\/en\/product\/paises-sede-da-copa-2026-atividades-imprimiveis-bncc\/\" \/>\n<meta property=\"og:site_name\" content=\"Loja SOS Professor Atividades\" \/>\n<meta property=\"article:publisher\" content=\"https:\/\/www.facebook.com\/sosprofessoratividades\" \/>\n<meta property=\"og:image\" content=\"https:\/\/lojasosprofessoratividades.com.br\/wp-content\/uploads\/2026\/05\/Paises-sede-Copa-2026-1.jpg\" \/>\n\t<meta property=\"og:image:width\" content=\"800\" \/>\n\t<meta property=\"og:image:height\" content=\"693\" \/>\n\t<meta property=\"og:image:type\" content=\"image\/jpeg\" \/>\n<meta name=\"twitter:card\" content=\"summary_large_image\" \/>\n<meta name=\"twitter:label1\" content=\"Est. reading time\" \/>\n\t<meta name=\"twitter:data1\" content=\"1 minute\" \/>\n<script type=\"application\/ld+json\" class=\"yoast-schema-graph\">{\"@context\":\"https:\\\/\\\/schema.org\",\"@graph\":[{\"@type\":\"WebPage\",\"@id\":\"https:\\\/\\\/lojasosprofessoratividades.com.br\\\/produto\\\/paises-sede-da-copa-2026-atividades-imprimiveis-bncc\\\/\",\"url\":\"https:\\\/\\\/lojasosprofessoratividades.com.br\\\/produto\\\/paises-sede-da-copa-2026-atividades-imprimiveis-bncc\\\/\",\"name\":\"Pa\u00edses-Sede da Copa 2026: Atividades Imprim\u00edveis \u2013 BNCC - Loja SOS Professor Atividades\",\"isPartOf\":{\"@id\":\"https:\\\/\\\/lojasosprofessoratividades.com.br\\\/#website\"},\"primaryImageOfPage\":{\"@id\":\"https:\\\/\\\/lojasosprofessoratividades.com.br\\\/produto\\\/paises-sede-da-copa-2026-atividades-imprimiveis-bncc\\\/#primaryimage\"},\"image\":{\"@id\":\"https:\\\/\\\/lojasosprofessoratividades.com.br\\\/produto\\\/paises-sede-da-copa-2026-atividades-imprimiveis-bncc\\\/#primaryimage\"},\"thumbnailUrl\":\"https:\\\/\\\/lojasosprofessoratividades.com.br\\\/wp-content\\\/uploads\\\/2026\\\/05\\\/Paises-sede-Copa-2026-1.jpg\",\"datePublished\":\"2026-05-12T02:40:40+00:00\",\"description\":\"Atividades BNCC sobre os pa\u00edses-sede da Copa 2026. Textos, question\u00e1rios, plano de aula e gabarito para turmas do 3\u00ba ao 5\u00ba ano. Arquivo para imprimir.\",\"breadcrumb\":{\"@id\":\"https:\\\/\\\/lojasosprofessoratividades.com.br\\\/produto\\\/paises-sede-da-copa-2026-atividades-imprimiveis-bncc\\\/#breadcrumb\"},\"inLanguage\":\"en-US\",\"potentialAction\":[{\"@type\":\"ReadAction\",\"target\":[\"https:\\\/\\\/lojasosprofessoratividades.com.br\\\/produto\\\/paises-sede-da-copa-2026-atividades-imprimiveis-bncc\\\/\"]}]},{\"@type\":\"ImageObject\",\"inLanguage\":\"en-US\",\"@id\":\"https:\\\/\\\/lojasosprofessoratividades.com.br\\\/produto\\\/paises-sede-da-copa-2026-atividades-imprimiveis-bncc\\\/#primaryimage\",\"url\":\"https:\\\/\\\/lojasosprofessoratividades.com.br\\\/wp-content\\\/uploads\\\/2026\\\/05\\\/Paises-sede-Copa-2026-1.jpg\",\"contentUrl\":\"https:\\\/\\\/lojasosprofessoratividades.com.br\\\/wp-content\\\/uploads\\\/2026\\\/05\\\/Paises-sede-Copa-2026-1.jpg\",\"width\":800,\"height\":693,\"caption\":\"Pa\u00edses sede Copa 2026\"},{\"@type\":\"BreadcrumbList\",\"@id\":\"https:\\\/\\\/lojasosprofessoratividades.com.br\\\/produto\\\/paises-sede-da-copa-2026-atividades-imprimiveis-bncc\\\/#breadcrumb\",\"itemListElement\":[{\"@type\":\"ListItem\",\"position\":1,\"name\":\"In\u00edcio\",\"item\":\"https:\\\/\\\/lojasosprofessoratividades.com.br\\\/\"},{\"@type\":\"ListItem\",\"position\":2,\"name\":\"Loja\",\"item\":\"https:\\\/\\\/lojasosprofessoratividades.com.br\\\/loja\\\/\"},{\"@type\":\"ListItem\",\"position\":3,\"name\":\"Pa\u00edses-Sede da Copa 2026: Atividades Imprim\u00edveis \u2013 BNCC\"}]},{\"@type\":\"WebSite\",\"@id\":\"https:\\\/\\\/lojasosprofessoratividades.com.br\\\/#website\",\"url\":\"https:\\\/\\\/lojasosprofessoratividades.com.br\\\/\",\"name\":\"Loja SOS Professor Atividades\",\"description\":\"Venda de material did\u00e1tico para o ensino fundamental\",\"publisher\":{\"@id\":\"https:\\\/\\\/lojasosprofessoratividades.com.br\\\/#organization\"},\"potentialAction\":[{\"@type\":\"SearchAction\",\"target\":{\"@type\":\"EntryPoint\",\"urlTemplate\":\"https:\\\/\\\/lojasosprofessoratividades.com.br\\\/?s={search_term_string}\"},\"query-input\":{\"@type\":\"PropertyValueSpecification\",\"valueRequired\":true,\"valueName\":\"search_term_string\"}}],\"inLanguage\":\"en-US\"},{\"@type\":\"Organization\",\"@id\":\"https:\\\/\\\/lojasosprofessoratividades.com.br\\\/#organization\",\"name\":\"Loja SOS Professor Atividades\",\"url\":\"https:\\\/\\\/lojasosprofessoratividades.com.br\\\/\",\"logo\":{\"@type\":\"ImageObject\",\"inLanguage\":\"en-US\",\"@id\":\"https:\\\/\\\/lojasosprofessoratividades.com.br\\\/#\\\/schema\\\/logo\\\/image\\\/\",\"url\":\"http:\\\/\\\/lojasosprofessoratividades.com.br\\\/wp-content\\\/uploads\\\/2022\\\/04\\\/Logo.png\",\"contentUrl\":\"http:\\\/\\\/lojasosprofessoratividades.com.br\\\/wp-content\\\/uploads\\\/2022\\\/04\\\/Logo.png\",\"width\":2000,\"height\":2000,\"caption\":\"Loja SOS Professor Atividades\"},\"image\":{\"@id\":\"https:\\\/\\\/lojasosprofessoratividades.com.br\\\/#\\\/schema\\\/logo\\\/image\\\/\"},\"sameAs\":[\"https:\\\/\\\/www.facebook.com\\\/sosprofessoratividades\",\"https:\\\/\\\/www.instagram.com\\\/sosprofessoratividades\\\/\"]}]}<\/script>\n<!-- \/ Yoast SEO plugin. -->","yoast_head_json":{"title":"Pa\u00edses-Sede da Copa 2026: Atividades Imprim\u00edveis \u2013 BNCC - Loja SOS Professor Atividades","description":"Atividades BNCC sobre os pa\u00edses-sede da Copa 2026. Textos, question\u00e1rios, plano de aula e gabarito para turmas do 3\u00ba ao 5\u00ba ano. Arquivo para imprimir.","robots":{"index":"index","follow":"follow","max-snippet":"max-snippet:-1","max-image-preview":"max-image-preview:large","max-video-preview":"max-video-preview:-1"},"canonical":"https:\/\/lojasosprofessoratividades.com.br\/en\/product\/paises-sede-da-copa-2026-atividades-imprimiveis-bncc\/","og_locale":"en_US","og_type":"article","og_title":"Pa\u00edses-Sede da Copa 2026: Atividades Imprim\u00edveis \u2013 BNCC - Loja SOS Professor Atividades","og_description":"Atividades BNCC sobre os pa\u00edses-sede da Copa 2026. Textos, question\u00e1rios, plano de aula e gabarito para turmas do 3\u00ba ao 5\u00ba ano. Arquivo para imprimir.","og_url":"https:\/\/lojasosprofessoratividades.com.br\/en\/product\/paises-sede-da-copa-2026-atividades-imprimiveis-bncc\/","og_site_name":"Loja SOS Professor Atividades","article_publisher":"https:\/\/www.facebook.com\/sosprofessoratividades","og_image":[{"width":800,"height":693,"url":"https:\/\/lojasosprofessoratividades.com.br\/wp-content\/uploads\/2026\/05\/Paises-sede-Copa-2026-1.jpg","type":"image\/jpeg"}],"twitter_card":"summary_large_image","twitter_misc":{"Est. reading time":"1 minute"},"schema":{"@context":"https:\/\/schema.org","@graph":[{"@type":"WebPage","@id":"https:\/\/lojasosprofessoratividades.com.br\/produto\/paises-sede-da-copa-2026-atividades-imprimiveis-bncc\/","url":"https:\/\/lojasosprofessoratividades.com.br\/produto\/paises-sede-da-copa-2026-atividades-imprimiveis-bncc\/","name":"Pa\u00edses-Sede da Copa 2026: Atividades Imprim\u00edveis \u2013 BNCC - Loja SOS Professor Atividades","isPartOf":{"@id":"https:\/\/lojasosprofessoratividades.com.br\/#website"},"primaryImageOfPage":{"@id":"https:\/\/lojasosprofessoratividades.com.br\/produto\/paises-sede-da-copa-2026-atividades-imprimiveis-bncc\/#primaryimage"},"image":{"@id":"https:\/\/lojasosprofessoratividades.com.br\/produto\/paises-sede-da-copa-2026-atividades-imprimiveis-bncc\/#primaryimage"},"thumbnailUrl":"https:\/\/lojasosprofessoratividades.com.br\/wp-content\/uploads\/2026\/05\/Paises-sede-Copa-2026-1.jpg","datePublished":"2026-05-12T02:40:40+00:00","description":"Atividades BNCC sobre os pa\u00edses-sede da Copa 2026. Textos, question\u00e1rios, plano de aula e gabarito para turmas do 3\u00ba ao 5\u00ba ano. Arquivo para imprimir.","breadcrumb":{"@id":"https:\/\/lojasosprofessoratividades.com.br\/produto\/paises-sede-da-copa-2026-atividades-imprimiveis-bncc\/#breadcrumb"},"inLanguage":"en-US","potentialAction":[{"@type":"ReadAction","target":["https:\/\/lojasosprofessoratividades.com.br\/produto\/paises-sede-da-copa-2026-atividades-imprimiveis-bncc\/"]}]},{"@type":"ImageObject","inLanguage":"en-US","@id":"https:\/\/lojasosprofessoratividades.com.br\/produto\/paises-sede-da-copa-2026-atividades-imprimiveis-bncc\/#primaryimage","url":"https:\/\/lojasosprofessoratividades.com.br\/wp-content\/uploads\/2026\/05\/Paises-sede-Copa-2026-1.jpg","contentUrl":"https:\/\/lojasosprofessoratividades.com.br\/wp-content\/uploads\/2026\/05\/Paises-sede-Copa-2026-1.jpg","width":800,"height":693,"caption":"Pa\u00edses sede Copa 2026"},{"@type":"BreadcrumbList","@id":"https:\/\/lojasosprofessoratividades.com.br\/produto\/paises-sede-da-copa-2026-atividades-imprimiveis-bncc\/#breadcrumb","itemListElement":[{"@type":"ListItem","position":1,"name":"In\u00edcio","item":"https:\/\/lojasosprofessoratividades.com.br\/"},{"@type":"ListItem","position":2,"name":"Loja","item":"https:\/\/lojasosprofessoratividades.com.br\/loja\/"},{"@type":"ListItem","position":3,"name":"Pa\u00edses-Sede da Copa 2026: Atividades Imprim\u00edveis \u2013 BNCC"}]},{"@type":"WebSite","@id":"https:\/\/lojasosprofessoratividades.com.br\/#website","url":"https:\/\/lojasosprofessoratividades.com.br\/","name":"Loja SOS Professor Atividades","description":"Venda de material did\u00e1tico para o ensino fundamental","publisher":{"@id":"https:\/\/lojasosprofessoratividades.com.br\/#organization"},"potentialAction":[{"@type":"SearchAction","target":{"@type":"EntryPoint","urlTemplate":"https:\/\/lojasosprofessoratividades.com.br\/?s={search_term_string}"},"query-input":{"@type":"PropertyValueSpecification","valueRequired":true,"valueName":"search_term_string"}}],"inLanguage":"en-US"},{"@type":"Organization","@id":"https:\/\/lojasosprofessoratividades.com.br\/#organization","name":"Loja SOS Professor Atividades","url":"https:\/\/lojasosprofessoratividades.com.br\/","logo":{"@type":"ImageObject","inLanguage":"en-US","@id":"https:\/\/lojasosprofessoratividades.com.br\/#\/schema\/logo\/image\/","url":"http:\/\/lojasosprofessoratividades.com.br\/wp-content\/uploads\/2022\/04\/Logo.png","contentUrl":"http:\/\/lojasosprofessoratividades.com.br\/wp-content\/uploads\/2022\/04\/Logo.png","width":2000,"height":2000,"caption":"Loja SOS Professor Atividades"},"image":{"@id":"https:\/\/lojasosprofessoratividades.com.br\/#\/schema\/logo\/image\/"},"sameAs":["https:\/\/www.facebook.com\/sosprofessoratividades","https:\/\/www.instagram.com\/sosprofessoratividades\/"]}]}},"_links":{"self":[{"href":"https:\/\/lojasosprofessoratividades.com.br\/en\/wp-json\/wp\/v2\/product\/38893","targetHints":{"allow":["GET"]}}],"collection":[{"href":"https:\/\/lojasosprofessoratividades.com.br\/en\/wp-json\/wp\/v2\/product"}],"about":[{"href":"https:\/\/lojasosprofessoratividades.com.br\/en\/wp-json\/wp\/v2\/types\/product"}],"replies":[{"embeddable":true,"href":"https:\/\/lojasosprofessoratividades.com.br\/en\/wp-json\/wp\/v2\/comments?post=38893"}],"wp:featuredmedia":[{"embeddable":true,"href":"https:\/\/lojasosprofessoratividades.com.br\/en\/wp-json\/wp\/v2\/media\/38895"}],"wp:attachment":[{"href":"https:\/\/lojasosprofessoratividades.com.br\/en\/wp-json\/wp\/v2\/media?parent=38893"}],"wp:term":[{"taxonomy":"product_brand","embeddable":true,"href":"https:\/\/lojasosprofessoratividades.com.br\/en\/wp-json\/wp\/v2\/product_brand?post=38893"},{"taxonomy":"product_cat","embeddable":true,"href":"https:\/\/lojasosprofessoratividades.com.br\/en\/wp-json\/wp\/v2\/product_cat?post=38893"},{"taxonomy":"product_tag","embeddable":true,"href":"https:\/\/lojasosprofessoratividades.com.br\/en\/wp-json\/wp\/v2\/product_tag?post=38893"}],"curies":[{"name":"wp","href":"https:\/\/api.w.org\/{rel}","templated":true}]}}