{"id":38922,"date":"2026-05-13T18:44:45","date_gmt":"2026-05-13T21:44:45","guid":{"rendered":"https:\/\/lojasosprofessoratividades.com.br\/?post_type=product&#038;p=38922"},"modified":"2026-05-13T18:44:45","modified_gmt":"2026-05-13T21:44:45","slug":"copa-do-mundo-2026-para-o-ensino-fundamental-4o-e-5o-ano","status":"publish","type":"product","link":"https:\/\/lojasosprofessoratividades.com.br\/en\/product\/copa-do-mundo-2026-para-o-ensino-fundamental-4o-e-5o-ano\/","title":{"rendered":"Copa do Mundo 2026 para o Ensino Fundamental 4\u00ba e 5\u00ba Ano"},"content":{"rendered":"","protected":false},"excerpt":{"rendered":"<p>Um material completo para trabalhar a <strong>Copa do Mundo 2026<\/strong> no Ensino Fundamental com propostas din\u00e2micas, atuais e alinhadas \u00e0s habilidades essenciais da etapa.<\/p>\n<p>Ideal para projetos, sequ\u00eancias did\u00e1ticas e atividades especiais.<\/p>\n<h3><strong>Conte\u00fado do Arquivo<\/strong><\/h3>\n<ul>\n<li><strong>30 folhas de atividades prontas para imprimir<\/strong><\/li>\n<li><strong>3 cartazes ampliados + vers\u00e3o A4<\/strong><\/li>\n<li><strong>Plano de aula estruturado<\/strong><\/li>\n<li><strong>Gabarito completo<\/strong><\/li>\n<\/ul>\n<h3><strong>Temas e Atividades Inclu\u00eddos<\/strong><\/h3>\n<ul>\n<li>Copa do Mundo de Futebol 2026<\/li>\n<li>Ca\u00e7a-palavras<\/li>\n<li>Cruzadinha<\/li>\n<li>Ortografia<\/li>\n<li>Interpreta\u00e7\u00e3o de imagem<\/li>\n<li>Mascotes da Copa 2026<\/li>\n<li>Uniforme da Sele\u00e7\u00e3o brasileira<\/li>\n<li>Vocabul\u00e1rio do futebol (palavras e express\u00f5es)<\/li>\n<li>Sele\u00e7\u00f5es classificadas<\/li>\n<li>Racismo no futebol<\/li>\n<li>Est\u00e1dios da Copa<\/li>\n<li>Valores que fazem a diferen\u00e7a<\/li>\n<li>Situa\u00e7\u00f5es de conflito<\/li>\n<li>Pa\u00edses-sede<\/li>\n<li>O corpo em a\u00e7\u00e3o no futebol<\/li>\n<\/ul>\n<h3><strong>Benef\u00edcios para o Professor<\/strong><\/h3>\n<ul>\n<li>Material pronto para uso<\/li>\n<li>Atividades diversificadas e contextualizadas<\/li>\n<li>Conte\u00fados interdisciplinares<\/li>\n<li>Ideal para aulas tem\u00e1ticas, projetos e refor\u00e7o<\/li>\n<li>Arquivo <strong>n\u00e3o edit\u00e1vel<\/strong>, garantindo organiza\u00e7\u00e3o e padroniza\u00e7\u00e3o<\/li>\n<\/ul>\n<p><em><strong>Adquira agora e leve a Copa do Mundo para suas aulas com atividades envolventes e prontas para aplicar!<\/strong><\/em><\/p>\n<h3>N\u00e3o enviamos por e-mail, a entrega \u00e9 via link para download.\u00a0<img decoding=\"async\" class=\"emoji\" role=\"img\" draggable=\"false\" src=\"https:\/\/s.w.org\/images\/core\/emoji\/17.0.2\/svg\/1f447.svg\" alt=\"\ud83d\udc47\" \/><\/h3>\n<p><img loading=\"lazy\" decoding=\"async\" class=\"alignnone wp-image-38009 size-full\" src=\"https:\/\/lojasosprofessoratividades.com.br\/wp-content\/uploads\/2026\/02\/Como-baixar-2.jpg\" alt=\"\" width=\"446\" height=\"251\" srcset=\"https:\/\/lojasosprofessoratividades.com.br\/wp-content\/uploads\/2026\/02\/Como-baixar-2.jpg 446w, https:\/\/lojasosprofessoratividades.com.br\/wp-content\/uploads\/2026\/02\/Como-baixar-2-300x169.jpg 300w, https:\/\/lojasosprofessoratividades.com.br\/wp-content\/uploads\/2026\/02\/Como-baixar-2-18x10.jpg 18w\" sizes=\"auto, (max-width: 446px) 100vw, 446px\" \/><\/p>","protected":false},"featured_media":38923,"comment_status":"open","ping_status":"closed","template":"","meta":[],"product_brand":[],"product_cat":[125,127,218,216,217,215],"product_tag":[2484,1599,1551,3745,3682,3778,2628,1928,3768,1171,2934,3771,840,3748,3779,3772,3776,3769,3775,3750,3746,3770,3773,3780,3774,3777],"class_list":{"0":"post-38922","1":"product","2":"type-product","3":"status-publish","4":"has-post-thumbnail","6":"product_cat-4o-ano","7":"product_cat-5o-ano","8":"product_cat-data-comemorativa-5-ano","9":"product_cat-data-comemorativa-4-ano","10":"product_cat-recursos-didaticos-5-ano","11":"product_cat-recursos-didaticos-4-ano","12":"product_tag-arquivo-nao-editavel","13":"product_tag-atividades-4o-ano","14":"product_tag-atividades-5o-ano","15":"product_tag-atividades-copa-2026","16":"product_tag-atividades-de-interpretacao","17":"product_tag-atividades-de-ortografia","18":"product_tag-atividades-ensino-fundamental","19":"product_tag-atividades-imprimiveis","20":"product_tag-atividades-multidisciplinares","21":"product_tag-atividades-para-imprimir","22":"product_tag-atividades-para-professores","23":"product_tag-caca-palavras-copa","24":"product_tag-cartazes-educativos","25":"product_tag-copa-do-mundo-2026","26":"product_tag-corpo-em-acao-no-futebol","27":"product_tag-cruzadinha-copa","28":"product_tag-estadios-da-copa-2026","29":"product_tag-futebol-na-educacao","30":"product_tag-mascotes-da-copa-2026","31":"product_tag-material-pedagogico-copa","32":"product_tag-paises-sede-copa-2026","33":"product_tag-plano-de-aula-copa-do-mundo","34":"product_tag-racismo-no-futebol","35":"product_tag-recursos-pedagogicos-copa","36":"product_tag-selecoes-classificadas-2026","37":"product_tag-vocabulario-do-futebol","39":"first","40":"instock","41":"downloadable","42":"sold-individually","43":"shipping-taxable","44":"purchasable","45":"product-type-simple"},"yoast_head":"<!-- This site is optimized with the Yoast SEO plugin v27.6 - https:\/\/yoast.com\/product\/yoast-seo-wordpress\/ -->\n<title>Copa do Mundo 2026 para o Ensino Fundamental 4\u00ba e 5\u00ba Ano - Loja SOS Professor Atividades<\/title>\n<meta name=\"description\" content=\"Copa do Mundo 2026: atividades multidisciplinares para 4\u00ba e 5\u00ba ano. 30 folhas, 3 cartazes, plano de aula e gabarito. Pronto para imprimir e aplicar.\" \/>\n<meta name=\"robots\" content=\"index, follow, max-snippet:-1, max-image-preview:large, max-video-preview:-1\" \/>\n<link rel=\"canonical\" href=\"https:\/\/lojasosprofessoratividades.com.br\/en\/product\/copa-do-mundo-2026-para-o-ensino-fundamental-4o-e-5o-ano\/\" \/>\n<meta property=\"og:locale\" content=\"en_US\" \/>\n<meta property=\"og:type\" content=\"article\" \/>\n<meta property=\"og:title\" content=\"Copa do Mundo 2026 para o Ensino Fundamental 4\u00ba e 5\u00ba Ano - Loja SOS Professor Atividades\" \/>\n<meta property=\"og:description\" content=\"Copa do Mundo 2026: atividades multidisciplinares para 4\u00ba e 5\u00ba ano. 30 folhas, 3 cartazes, plano de aula e gabarito. Pronto para imprimir e aplicar.\" \/>\n<meta property=\"og:url\" content=\"https:\/\/lojasosprofessoratividades.com.br\/en\/product\/copa-do-mundo-2026-para-o-ensino-fundamental-4o-e-5o-ano\/\" \/>\n<meta property=\"og:site_name\" content=\"Loja SOS Professor Atividades\" \/>\n<meta property=\"article:publisher\" content=\"https:\/\/www.facebook.com\/sosprofessoratividades\" \/>\n<meta property=\"og:image\" content=\"https:\/\/lojasosprofessoratividades.com.br\/wp-content\/uploads\/2026\/05\/Copa-do-Mundo-2026-para-o-Ensino-Fundamental-4o-e-5o-Ano-1.jpg\" \/>\n\t<meta property=\"og:image:width\" content=\"800\" \/>\n\t<meta property=\"og:image:height\" content=\"693\" \/>\n\t<meta property=\"og:image:type\" content=\"image\/jpeg\" \/>\n<meta name=\"twitter:card\" content=\"summary_large_image\" \/>\n<meta name=\"twitter:label1\" content=\"Est. reading time\" \/>\n\t<meta name=\"twitter:data1\" content=\"1 minute\" \/>\n<script type=\"application\/ld+json\" class=\"yoast-schema-graph\">{\"@context\":\"https:\\\/\\\/schema.org\",\"@graph\":[{\"@type\":\"WebPage\",\"@id\":\"https:\\\/\\\/lojasosprofessoratividades.com.br\\\/produto\\\/copa-do-mundo-2026-para-o-ensino-fundamental-4o-e-5o-ano\\\/\",\"url\":\"https:\\\/\\\/lojasosprofessoratividades.com.br\\\/produto\\\/copa-do-mundo-2026-para-o-ensino-fundamental-4o-e-5o-ano\\\/\",\"name\":\"Copa do Mundo 2026 para o Ensino Fundamental 4\u00ba e 5\u00ba Ano - Loja SOS Professor Atividades\",\"isPartOf\":{\"@id\":\"https:\\\/\\\/lojasosprofessoratividades.com.br\\\/#website\"},\"primaryImageOfPage\":{\"@id\":\"https:\\\/\\\/lojasosprofessoratividades.com.br\\\/produto\\\/copa-do-mundo-2026-para-o-ensino-fundamental-4o-e-5o-ano\\\/#primaryimage\"},\"image\":{\"@id\":\"https:\\\/\\\/lojasosprofessoratividades.com.br\\\/produto\\\/copa-do-mundo-2026-para-o-ensino-fundamental-4o-e-5o-ano\\\/#primaryimage\"},\"thumbnailUrl\":\"https:\\\/\\\/lojasosprofessoratividades.com.br\\\/wp-content\\\/uploads\\\/2026\\\/05\\\/Copa-do-Mundo-2026-para-o-Ensino-Fundamental-4o-e-5o-Ano-1.jpg\",\"datePublished\":\"2026-05-13T21:44:45+00:00\",\"description\":\"Copa do Mundo 2026: atividades multidisciplinares para 4\u00ba e 5\u00ba ano. 30 folhas, 3 cartazes, plano de aula e gabarito. Pronto para imprimir e aplicar.\",\"breadcrumb\":{\"@id\":\"https:\\\/\\\/lojasosprofessoratividades.com.br\\\/produto\\\/copa-do-mundo-2026-para-o-ensino-fundamental-4o-e-5o-ano\\\/#breadcrumb\"},\"inLanguage\":\"en-US\",\"potentialAction\":[{\"@type\":\"ReadAction\",\"target\":[\"https:\\\/\\\/lojasosprofessoratividades.com.br\\\/produto\\\/copa-do-mundo-2026-para-o-ensino-fundamental-4o-e-5o-ano\\\/\"]}]},{\"@type\":\"ImageObject\",\"inLanguage\":\"en-US\",\"@id\":\"https:\\\/\\\/lojasosprofessoratividades.com.br\\\/produto\\\/copa-do-mundo-2026-para-o-ensino-fundamental-4o-e-5o-ano\\\/#primaryimage\",\"url\":\"https:\\\/\\\/lojasosprofessoratividades.com.br\\\/wp-content\\\/uploads\\\/2026\\\/05\\\/Copa-do-Mundo-2026-para-o-Ensino-Fundamental-4o-e-5o-Ano-1.jpg\",\"contentUrl\":\"https:\\\/\\\/lojasosprofessoratividades.com.br\\\/wp-content\\\/uploads\\\/2026\\\/05\\\/Copa-do-Mundo-2026-para-o-Ensino-Fundamental-4o-e-5o-Ano-1.jpg\",\"width\":800,\"height\":693,\"caption\":\"Copa do Mundo 2026 para o Ensino Fundamental 4\u00ba e 5\u00ba Ano\"},{\"@type\":\"BreadcrumbList\",\"@id\":\"https:\\\/\\\/lojasosprofessoratividades.com.br\\\/produto\\\/copa-do-mundo-2026-para-o-ensino-fundamental-4o-e-5o-ano\\\/#breadcrumb\",\"itemListElement\":[{\"@type\":\"ListItem\",\"position\":1,\"name\":\"In\u00edcio\",\"item\":\"https:\\\/\\\/lojasosprofessoratividades.com.br\\\/\"},{\"@type\":\"ListItem\",\"position\":2,\"name\":\"Loja\",\"item\":\"https:\\\/\\\/lojasosprofessoratividades.com.br\\\/loja\\\/\"},{\"@type\":\"ListItem\",\"position\":3,\"name\":\"Copa do Mundo 2026 para o Ensino Fundamental 4\u00ba e 5\u00ba Ano\"}]},{\"@type\":\"WebSite\",\"@id\":\"https:\\\/\\\/lojasosprofessoratividades.com.br\\\/#website\",\"url\":\"https:\\\/\\\/lojasosprofessoratividades.com.br\\\/\",\"name\":\"Loja SOS Professor Atividades\",\"description\":\"Venda de material did\u00e1tico para o ensino fundamental\",\"publisher\":{\"@id\":\"https:\\\/\\\/lojasosprofessoratividades.com.br\\\/#organization\"},\"potentialAction\":[{\"@type\":\"SearchAction\",\"target\":{\"@type\":\"EntryPoint\",\"urlTemplate\":\"https:\\\/\\\/lojasosprofessoratividades.com.br\\\/?s={search_term_string}\"},\"query-input\":{\"@type\":\"PropertyValueSpecification\",\"valueRequired\":true,\"valueName\":\"search_term_string\"}}],\"inLanguage\":\"en-US\"},{\"@type\":\"Organization\",\"@id\":\"https:\\\/\\\/lojasosprofessoratividades.com.br\\\/#organization\",\"name\":\"Loja SOS Professor Atividades\",\"url\":\"https:\\\/\\\/lojasosprofessoratividades.com.br\\\/\",\"logo\":{\"@type\":\"ImageObject\",\"inLanguage\":\"en-US\",\"@id\":\"https:\\\/\\\/lojasosprofessoratividades.com.br\\\/#\\\/schema\\\/logo\\\/image\\\/\",\"url\":\"http:\\\/\\\/lojasosprofessoratividades.com.br\\\/wp-content\\\/uploads\\\/2022\\\/04\\\/Logo.png\",\"contentUrl\":\"http:\\\/\\\/lojasosprofessoratividades.com.br\\\/wp-content\\\/uploads\\\/2022\\\/04\\\/Logo.png\",\"width\":2000,\"height\":2000,\"caption\":\"Loja SOS Professor Atividades\"},\"image\":{\"@id\":\"https:\\\/\\\/lojasosprofessoratividades.com.br\\\/#\\\/schema\\\/logo\\\/image\\\/\"},\"sameAs\":[\"https:\\\/\\\/www.facebook.com\\\/sosprofessoratividades\",\"https:\\\/\\\/www.instagram.com\\\/sosprofessoratividades\\\/\"]}]}<\/script>\n<!-- \/ Yoast SEO plugin. -->","yoast_head_json":{"title":"Copa do Mundo 2026 para o Ensino Fundamental 4\u00ba e 5\u00ba Ano - Loja SOS Professor Atividades","description":"Copa do Mundo 2026: atividades multidisciplinares para 4\u00ba e 5\u00ba ano. 30 folhas, 3 cartazes, plano de aula e gabarito. Pronto para imprimir e aplicar.","robots":{"index":"index","follow":"follow","max-snippet":"max-snippet:-1","max-image-preview":"max-image-preview:large","max-video-preview":"max-video-preview:-1"},"canonical":"https:\/\/lojasosprofessoratividades.com.br\/en\/product\/copa-do-mundo-2026-para-o-ensino-fundamental-4o-e-5o-ano\/","og_locale":"en_US","og_type":"article","og_title":"Copa do Mundo 2026 para o Ensino Fundamental 4\u00ba e 5\u00ba Ano - Loja SOS Professor Atividades","og_description":"Copa do Mundo 2026: atividades multidisciplinares para 4\u00ba e 5\u00ba ano. 30 folhas, 3 cartazes, plano de aula e gabarito. Pronto para imprimir e aplicar.","og_url":"https:\/\/lojasosprofessoratividades.com.br\/en\/product\/copa-do-mundo-2026-para-o-ensino-fundamental-4o-e-5o-ano\/","og_site_name":"Loja SOS Professor Atividades","article_publisher":"https:\/\/www.facebook.com\/sosprofessoratividades","og_image":[{"width":800,"height":693,"url":"https:\/\/lojasosprofessoratividades.com.br\/wp-content\/uploads\/2026\/05\/Copa-do-Mundo-2026-para-o-Ensino-Fundamental-4o-e-5o-Ano-1.jpg","type":"image\/jpeg"}],"twitter_card":"summary_large_image","twitter_misc":{"Est. reading time":"1 minute"},"schema":{"@context":"https:\/\/schema.org","@graph":[{"@type":"WebPage","@id":"https:\/\/lojasosprofessoratividades.com.br\/produto\/copa-do-mundo-2026-para-o-ensino-fundamental-4o-e-5o-ano\/","url":"https:\/\/lojasosprofessoratividades.com.br\/produto\/copa-do-mundo-2026-para-o-ensino-fundamental-4o-e-5o-ano\/","name":"Copa do Mundo 2026 para o Ensino Fundamental 4\u00ba e 5\u00ba Ano - Loja SOS Professor Atividades","isPartOf":{"@id":"https:\/\/lojasosprofessoratividades.com.br\/#website"},"primaryImageOfPage":{"@id":"https:\/\/lojasosprofessoratividades.com.br\/produto\/copa-do-mundo-2026-para-o-ensino-fundamental-4o-e-5o-ano\/#primaryimage"},"image":{"@id":"https:\/\/lojasosprofessoratividades.com.br\/produto\/copa-do-mundo-2026-para-o-ensino-fundamental-4o-e-5o-ano\/#primaryimage"},"thumbnailUrl":"https:\/\/lojasosprofessoratividades.com.br\/wp-content\/uploads\/2026\/05\/Copa-do-Mundo-2026-para-o-Ensino-Fundamental-4o-e-5o-Ano-1.jpg","datePublished":"2026-05-13T21:44:45+00:00","description":"Copa do Mundo 2026: atividades multidisciplinares para 4\u00ba e 5\u00ba ano. 30 folhas, 3 cartazes, plano de aula e gabarito. Pronto para imprimir e aplicar.","breadcrumb":{"@id":"https:\/\/lojasosprofessoratividades.com.br\/produto\/copa-do-mundo-2026-para-o-ensino-fundamental-4o-e-5o-ano\/#breadcrumb"},"inLanguage":"en-US","potentialAction":[{"@type":"ReadAction","target":["https:\/\/lojasosprofessoratividades.com.br\/produto\/copa-do-mundo-2026-para-o-ensino-fundamental-4o-e-5o-ano\/"]}]},{"@type":"ImageObject","inLanguage":"en-US","@id":"https:\/\/lojasosprofessoratividades.com.br\/produto\/copa-do-mundo-2026-para-o-ensino-fundamental-4o-e-5o-ano\/#primaryimage","url":"https:\/\/lojasosprofessoratividades.com.br\/wp-content\/uploads\/2026\/05\/Copa-do-Mundo-2026-para-o-Ensino-Fundamental-4o-e-5o-Ano-1.jpg","contentUrl":"https:\/\/lojasosprofessoratividades.com.br\/wp-content\/uploads\/2026\/05\/Copa-do-Mundo-2026-para-o-Ensino-Fundamental-4o-e-5o-Ano-1.jpg","width":800,"height":693,"caption":"Copa do Mundo 2026 para o Ensino Fundamental 4\u00ba e 5\u00ba Ano"},{"@type":"BreadcrumbList","@id":"https:\/\/lojasosprofessoratividades.com.br\/produto\/copa-do-mundo-2026-para-o-ensino-fundamental-4o-e-5o-ano\/#breadcrumb","itemListElement":[{"@type":"ListItem","position":1,"name":"In\u00edcio","item":"https:\/\/lojasosprofessoratividades.com.br\/"},{"@type":"ListItem","position":2,"name":"Loja","item":"https:\/\/lojasosprofessoratividades.com.br\/loja\/"},{"@type":"ListItem","position":3,"name":"Copa do Mundo 2026 para o Ensino Fundamental 4\u00ba e 5\u00ba Ano"}]},{"@type":"WebSite","@id":"https:\/\/lojasosprofessoratividades.com.br\/#website","url":"https:\/\/lojasosprofessoratividades.com.br\/","name":"Loja SOS Professor Atividades","description":"Venda de material did\u00e1tico para o ensino fundamental","publisher":{"@id":"https:\/\/lojasosprofessoratividades.com.br\/#organization"},"potentialAction":[{"@type":"SearchAction","target":{"@type":"EntryPoint","urlTemplate":"https:\/\/lojasosprofessoratividades.com.br\/?s={search_term_string}"},"query-input":{"@type":"PropertyValueSpecification","valueRequired":true,"valueName":"search_term_string"}}],"inLanguage":"en-US"},{"@type":"Organization","@id":"https:\/\/lojasosprofessoratividades.com.br\/#organization","name":"Loja SOS Professor Atividades","url":"https:\/\/lojasosprofessoratividades.com.br\/","logo":{"@type":"ImageObject","inLanguage":"en-US","@id":"https:\/\/lojasosprofessoratividades.com.br\/#\/schema\/logo\/image\/","url":"http:\/\/lojasosprofessoratividades.com.br\/wp-content\/uploads\/2022\/04\/Logo.png","contentUrl":"http:\/\/lojasosprofessoratividades.com.br\/wp-content\/uploads\/2022\/04\/Logo.png","width":2000,"height":2000,"caption":"Loja SOS Professor Atividades"},"image":{"@id":"https:\/\/lojasosprofessoratividades.com.br\/#\/schema\/logo\/image\/"},"sameAs":["https:\/\/www.facebook.com\/sosprofessoratividades","https:\/\/www.instagram.com\/sosprofessoratividades\/"]}]}},"_links":{"self":[{"href":"https:\/\/lojasosprofessoratividades.com.br\/en\/wp-json\/wp\/v2\/product\/38922","targetHints":{"allow":["GET"]}}],"collection":[{"href":"https:\/\/lojasosprofessoratividades.com.br\/en\/wp-json\/wp\/v2\/product"}],"about":[{"href":"https:\/\/lojasosprofessoratividades.com.br\/en\/wp-json\/wp\/v2\/types\/product"}],"replies":[{"embeddable":true,"href":"https:\/\/lojasosprofessoratividades.com.br\/en\/wp-json\/wp\/v2\/comments?post=38922"}],"wp:featuredmedia":[{"embeddable":true,"href":"https:\/\/lojasosprofessoratividades.com.br\/en\/wp-json\/wp\/v2\/media\/38923"}],"wp:attachment":[{"href":"https:\/\/lojasosprofessoratividades.com.br\/en\/wp-json\/wp\/v2\/media?parent=38922"}],"wp:term":[{"taxonomy":"product_brand","embeddable":true,"href":"https:\/\/lojasosprofessoratividades.com.br\/en\/wp-json\/wp\/v2\/product_brand?post=38922"},{"taxonomy":"product_cat","embeddable":true,"href":"https:\/\/lojasosprofessoratividades.com.br\/en\/wp-json\/wp\/v2\/product_cat?post=38922"},{"taxonomy":"product_tag","embeddable":true,"href":"https:\/\/lojasosprofessoratividades.com.br\/en\/wp-json\/wp\/v2\/product_tag?post=38922"}],"curies":[{"name":"wp","href":"https:\/\/api.w.org\/{rel}","templated":true}]}}